{"id":4522,"date":"2020-02-25T18:27:55","date_gmt":"2020-02-25T11:27:55","guid":{"rendered":"http:\/\/helpvn.mshopkeeper.misa.local\/vi\/?page_id=4522"},"modified":"2020-04-21T22:50:35","modified_gmt":"2020-04-21T15:50:35","slug":"do-choi","status":"publish","type":"page","link":"\/v1\/do-choi","title":{"rendered":"\u0110\u1ed3 ch\u01a1i"},"content":{"rendered":"<section class=\"industry toy-page\">\n<div class=\"introduce\">\n<div class=\"container\">\n<div class=\"row\">\n<div class=\"col-md-24 no-padding\">\n<div class=\"col-md-12\">\n<div class=\"image-introduce\"><img decoding=\"async\" class=\"img-responsive\" src=\"\/v1\/help\/images\/Industry\/img_introduce.jpg\" alt=\"mshopkeeper.vn\"\/><\/div>\n<\/div>\n<div class=\"col-md-12\">\n<div class=\"content-introduce\">\n<div class=\"title-item\">GI\u1ea2I QUY\u1ebeT TRI\u1ec6T \u0110\u1ec2 M\u1eccI KH\u00d3 KH\u0102N KHI <br \/>KINH DOANH C\u1eecA H\u00c0NG \u0110\u1ed2 CH\u01a0I<\/div>\n<div class=\"content-detail\">\n<div class=\"text-item\">Qu\u1ea3n l\u00fd\/ch\u1ee7 c\u1eeda h\u00e0ng \u0111\u1ed3 ch\u01a1i kh\u00f3 ki\u1ec3m so\u00e1t ch\u00ednh x\u00e1c doanh thu, l\u1ed7 l\u00e3i hay doanh s\u1ed1 c\u1ee7a t\u1eebng m\u1eb7t h\u00e0ng\/combo s\u1ea3n ph\u1ea9m. Kh\u00f4ng bi\u1ebft \u0111\u01b0\u1ee3c \u0111\u01b0\u1ee3c t\u00ecnh h\u00ecnh kinh doanh khi kh\u00f4ng c\u00f3 m\u1eb7t t\u1ea1i c\u1eeda h\u00e0ng hay qu\u1ea3n l\u00fd nh\u00e0 cung c\u1ea5p, h\u1ec7 th\u1ed1ng \u0111\u1ea1i l\u00fd.<\/div>\n<div class=\"text-item\">Nh\u00e2n vi\u00ean b\u00e1n h\u00e0ng kh\u00f4ng n\u1eafm \u0111\u01b0\u1ee3c c\u00e1c th\u00f4ng tin v\u1ec1 s\u1ea3n ph\u1ea9m (gi\u00e1 b\u00e1n, m\u1eabu m\u00e3, k\u00edch th\u01b0\u1edbc, thu\u1ed9c t\u00ednh h\u00e0ng h\u00f3a ) d\u1eabn \u0111\u1ebfn vi\u1ec7c t\u01b0 v\u1ea5n sai hay b\u00e1o gi\u00e1 nh\u1ea7m cho kh\u00e1ch. T\u00ecnh tr\u1ea1ng gian l\u1eadn v\u1eabn x\u1ea3y ra do nh\u00e2n vi\u00ean kh\u00f4ng \u0111\u01b0\u1ee3c ph\u00e2n quy\u1ec1n v\u00e0 ch\u1ec9 \u0111\u1ecbnh vai tr\u00f2.<\/div>\n<div class=\"text-item show-min-width-1100\">Kh\u00f4ng n\u1eafm \u0111\u01b0\u1ee3c th\u00f4ng tin m\u1eb7t h\u00e0ng n\u00e0o c\u00f2n nhi\u1ec1u nhi\u1ec1u, m\u1eb7t h\u00e0ng n\u00e0o g\u1ea7n h\u1ebft d\u1eabn \u0111\u1ebfn t\u00ecnh tr\u1ea1ng t\u1ed3n kho nhi\u1ec1u, ch\u1eadm thu h\u1ed3i v\u1ed1n ho\u1eb7c s\u1ea3n ph\u1ea9m b\u1ecb h\u01b0 h\u1ecfng g\u00e2y l\u00e3ng ph\u00ed, th\u00e2m h\u1ee5t v\u1ed1n.<\/div>\n<div class=\"collapse collapseIntroduce\">\n<div class=\"text-item show-max-width-1099\">Kh\u00f4ng n\u1eafm \u0111\u01b0\u1ee3c th\u00f4ng tin m\u1eb7t h\u00e0ng n\u00e0o c\u00f2n nhi\u1ec1u nhi\u1ec1u, m\u1eb7t h\u00e0ng n\u00e0o g\u1ea7n h\u1ebft d\u1eabn \u0111\u1ebfn t\u00ecnh tr\u1ea1ng t\u1ed3n kho nhi\u1ec1u, ch\u1eadm thu h\u1ed3i v\u1ed1n ho\u1eb7c s\u1ea3n ph\u1ea9m b\u1ecb h\u01b0 h\u1ecfng g\u00e2y l\u00e3ng ph\u00ed, th\u00e2m h\u1ee5t v\u1ed1n.<\/div>\n<div class=\"text-item\">Qu\u1ea3n l\u00fd kh\u00e1ch h\u00e0ng b\u1eb1ng ph\u01b0\u01a1ng ph\u00e1p th\u1ee7 c\u00f4ng khi\u1ebfn ch\u1ee7 c\u1eeda h\u00e0ng kh\u00f3 ki\u1ec3m so\u00e1t th\u00f4ng tin, l\u1ecbch s\u1eed mua h\u00e0ng c\u1ee7a kh\u00e1ch \u0111\u1ec3 ph\u00e2n lo\u1ea1i c\u0169ng nh\u01b0 t\u00edch \u0111i\u1ec3m cho kh\u00e1ch h\u00e0ng th\u00e2n thi\u1ebft hay th\u00f4ng b\u00e1o ch\u01b0\u01a1ng tr\u00ecnh khuy\u1ebfn m\u1ea1i.<\/div>\n<div class=\"text-item\">Qu\u1ea3n l\u00fd th\u00f4ng tin b\u00e1n h\u00e0ng, th\u00f4ng tin giao h\u00e0ng r\u1eddi r\u1ea1c do kinh doanh tr\u00ean nhi\u1ec1u k\u00eanh b\u00e1n h\u00e0ng nh\u01b0 m\u1ea1ng x\u00e3 h\u1ed9i (Facebook, Instagram) hay s\u00e0n TM\u0110T nh\u01b0 Shopee, Lazada, Sendo&#8230;<\/div>\n<\/div>\n<div class=\"btn-view-more\"><a id=\"btnViewMore\" data-toggle=\"collapse\" href=\".collapseIntroduce\" aria-expanded=\"false\" aria-controls=\"collapseIntroduce\">Xem th\u00eam<\/a><\/div>\n<\/div>\n<\/div>\n<\/div>\n<\/div>\n<\/div>\n<\/div>\n<\/div>\n<div class=\"management\">\n<div class=\"container\">\n<div class=\"row\">\n<div class=\"col-md-24\">\n<div class=\"title-row\">MSHOPKEEPER \u2013 PH\u1ea6N M\u1ec0M QU\u1ea2N L\u00dd B\u00c1N H\u00c0NG \u0110\u1ed2 CH\u01a0I HI\u1ec6U QU\u1ea2<\/div>\n<\/div>\n<div class=\"col-md-24 no-padding\">\n<div class=\"col-md-24 no-padding box-management box-direction\">\n<div class=\"col-md-12 col-img\">\n<div class=\"img-management\"><img decoding=\"async\" class=\"img-responsive\" src=\"\/v1\/help\/images\/Industry\/Toy\/img_management-1.png\" alt=\"mshopkeeper.vn\"\/><\/div>\n<\/div>\n<div class=\"col-md-12 col-content\">\n<div class=\"content-management\">\n<div class=\"horizontal-line-cut\"><\/div>\n<div class=\"title-item\">QU\u1ea2N L\u00dd T\u1ed2N KHO H\u00c0NG H\u00d3A CH\u00cdNH X\u00c1C, <br \/>TR\u00c1NH TH\u1ea4T THO\u00c1T<\/div>\n<div class=\"content-detail\">\n<div class=\"text-item\">Qu\u1ea3n l\u00fd \u0111\u1ebfn 10.000 m\u1eabu h\u00e0ng h\u00f3a.<\/div>\n<div class=\"text-item\">Th\u1ed1ng k\u00ea chi ti\u1ebft s\u1ed1 l\u01b0\u1ee3ng h\u00e0ng h\u00f3a theo t\u1eebng thu\u1ed9c t\u00ednh s\u1ea3n ph\u1ea9m nh\u01b0 t\u00ean h\u00e0ng, size, m\u00e0u s\u1eafc, th\u01b0\u01a1ng hi\u1ec7u&#8230;<\/div>\n<div class=\"text-item\">D\u1ec5 d\u00e0ng t\u1ea1o tem s\u1ea3n ph\u1ea9m v\u1edbi m\u00e3 SKU hay t\u1ea1o m\u00e3 v\u1ea1ch h\u00e0ng h\u00f3a \u0111\u1ec3 qu\u1ea3n l\u00fd ch\u00ednh x\u00e1c.<\/div>\n<div class=\"text-item\">T\u1ef1 \u0111\u1ed9ng c\u1eadp nh\u1eadt tr\u1ea1ng th\u00e1i t\u1ed3n kho tr\u00ean to\u00e0n h\u1ec7 th\u1ed1ng c\u1eeda h\u00e0ng v\u00e0 c\u00e1c k\u00eanh b\u00e1n h\u00e0ng online nh\u01b0 s\u00e0n TM\u0110T, m\u1ea1ng x\u00e3 h\u1ed9i&#8230;<\/div>\n<\/div>\n<\/div>\n<\/div>\n<\/div>\n<div class=\"col-md-24 no-padding box-management\">\n<div class=\"col-md-12 col-img\">\n<div class=\"img-management\"><img decoding=\"async\" class=\"img-responsive\" src=\"\/v1\/help\/images\/Industry\/Toy\/img_management-2.png\" alt=\"mshopkeeper.vn\"\/><\/div>\n<\/div>\n<div class=\"col-md-12 col-content\">\n<div class=\"content-management\">\n<div class=\"horizontal-line-cut\"><\/div>\n<div class=\"title-item\">PH\u00c2N QUY\u1ec0N V\u00c0 QU\u1ea2N L\u00dd NH\u00c2N VI\u00caN HI\u1ec6U QU\u1ea2<\/div>\n<div class=\"content-detail\">\n<div class=\"text-item\">Ph\u00e2n quy\u1ec1n nh\u00e2n vi\u00ean theo vai tr\u00f2 chung nh\u01b0 thu ng\u00e2n, k\u1ebf to\u00e1n, nh\u00e2n vi\u00ean b\u00e1n h\u00e0ng&#8230; v\u00e0 c\u00e1c vai tr\u00f2 chi ti\u1ebft nh\u01b0 quy\u1ec1n s\u1eeda h\u00f3a \u0111\u01a1n, quy\u1ec1n th\u00eam\/s\u1eeda\/x\u00f3a kh\u00e1ch h\u00e0ng hay quy\u1ec1n xem b\u00e1o c\u00e1o n\u00e0y nh\u01b0ng kh\u00f4ng \u0111\u01b0\u1ee3c xem b\u00e1o c\u00e1o kh\u00e1c.<\/div>\n<div class=\"text-item\">D\u1ec5 d\u00e0ng theo d\u00f5i l\u1ecbch s\u1eed ho\u1ea1t \u0111\u1ed9ng c\u1ee7a t\u1eebng nh\u00e2n vi\u00ean.<\/div>\n<div class=\"text-item\">Th\u1ed1ng k\u00ea doanh s\u1ed1 b\u00e1n h\u00e0ng c\u1ee7a t\u1eebng nh\u00e2n vi\u00ean \u0111\u1ec3 \u0111\u00e1nh gi\u00e1 l\u01b0\u01a1ng, th\u01b0\u1edfng ch\u00ednh x\u00e1c.<\/div>\n<\/div>\n<\/div>\n<\/div>\n<\/div>\n<div class=\"col-md-24 no-padding box-management box-direction\">\n<div class=\"col-md-12 col-img\">\n<div class=\"img-management\"><img decoding=\"async\" class=\"img-responsive\" src=\"\/v1\/help\/images\/Industry\/Toy\/img_management-3.png\" alt=\"mshopkeeper.vn\"\/><\/div>\n<\/div>\n<div class=\"col-md-12 col-content\">\n<div class=\"content-management\">\n<div class=\"horizontal-line-cut\"><\/div>\n<div class=\"title-item\">B\u00c1N H\u00c0NG HI\u1ec6U QU\u1ea2 T\u1ea0I C\u1eecA H\u00c0NG<\/div>\n<div class=\"content-detail\">\n<div class=\"text-item\">Ph\u1ea7n m\u1ec1m b\u00e1n h\u00e0ng \u0111\u1ed3 ch\u01a1i t\u00edch h\u1ee3p v\u1edbi c\u00e1c thi\u1ebft b\u1ecb qu\u00e9t m\u00e3 v\u1ea1ch, gi\u00fap t\u00ednh ti\u1ec1n ch\u00ednh x\u00e1c, nhanh ch\u00f3ng.<\/div>\n<div class=\"text-item\">Nh\u00e2n vi\u00ean d\u1ec5 d\u00e0ng tra c\u1ee9u s\u1ea3n ph\u1ea9m theo th\u1ebb tag hay tra c\u1ee9u th\u00f4ng tin h\u00e0ng h\u00f3a ngay tr\u00ean \u0111i\u1ec7n tho\u1ea1i.<\/div>\n<div class=\"text-item\">T\u1ea1o \u0111\u01b0\u1ee3c nhi\u1ec1u b\u1ea3ng gi\u00e1 kh\u00e1c nhau cho h\u00e0ng h\u00f3a, khi b\u00e1n h\u00e0ng ch\u1ecdn \u0111\u01b0\u1ee3c b\u1ea3ng gi\u00e1 \u0111\u1ec3 b\u00e1n.<\/div>\n<div class=\"text-item\">T\u1ef1 \u0111\u1ed9ng \u00e1p d\u1ee5ng c\u00e1c ch\u01b0\u01a1ng tr\u00ecnh \u01b0u \u0111\u00e3i trong th\u1eddi gian tri\u1ec3n khai khuy\u1ebfn m\u00e3i (t\u1eb7ng h\u00e0ng, gi\u1ea3m gi\u00e1 h\u00e0ng h\u00f3a, \u0111\u1ed3ng gi\u00e1, mua nhi\u1ec1u gi\u1ea3m nhi\u1ec1u&#8230;).<\/div>\n<\/div>\n<\/div>\n<\/div>\n<\/div>\n<div class=\"col-md-24 no-padding box-management\">\n<div class=\"col-md-12 col-img\">\n<div class=\"img-management\"><img decoding=\"async\" class=\"img-responsive\" src=\"\/v1\/help\/images\/Industry\/Toy\/img_management-4.png\" alt=\"mshopkeeper.vn\"\/><\/div>\n<\/div>\n<div class=\"col-md-12 col-content\">\n<div class=\"content-management\">\n<div class=\"horizontal-line-cut\"><\/div>\n<div class=\"title-item\">D\u1ec4 D\u00c0NG PH\u00c1T TRI\u1ec2N H\u1ec6 TH\u1ed0NG B\u00c1N H\u00c0NG ONLINE HI\u1ec6U QU\u1ea2<\/div>\n<div class=\"content-detail\">\n<div class=\"text-item\">Ph\u1ea7n m\u1ec1m b\u00e1n h\u00e0ng MShopKeeper c\u00f3 kh\u1ea3 n\u0103ng k\u1ebft n\u1ed1i v\u1edbi ph\u1ea7n m\u1ec1m b\u00e1n h\u00e0ng \u0111a k\u00eanh OCM gi\u00fap qu\u1ea3n l\u00fd h\u1ee3p nh\u1ea5t c\u00e1c k\u00eanh Facebook, Zalo Shop, Website, Lazada, Shopee, Sendo, c\u1eeda h\u00e0ng&#8230;<\/div>\n<div class=\"text-item\">T\u1ef1 \u0111\u1ed9ng c\u1eadp nh\u1eadt tr\u1ea1ng th\u00e1i t\u1ed3n kho, \u0111\u01a1n h\u00e0ng hay c\u00e1c th\u00f4ng tin h\u00e0ng h\u00f3a, gi\u00e1 b\u00e1n tr\u00ean to\u00e0n h\u1ec7 th\u1ed1ng.<\/div>\n<div class=\"text-item\">K\u1ebft n\u1ed1i nhi\u1ec1u \u0111\u01a1n v\u1ecb v\u1eadn chuy\u1ec3n uy t\u00edn (Viettel Post, VNPost, Giao h\u00e0ng nhanh, Giao h\u00e0ng ti\u1ebft ki\u1ec7m, Ahamove&#8230;), ch\u1ecdn ship gi\u00e1 r\u1ebb nh\u1ea5t, h\u1ed7 tr\u1ee3 ship COD, t\u1ef1 \u0111\u1ed9ng c\u1eadp nh\u1eadt tr\u1ea1ng th\u00e1i giao h\u00e0ng.<\/div>\n<\/div>\n<\/div>\n<\/div>\n<\/div>\n<div class=\"col-md-24 no-padding box-management box-direction\">\n<div class=\"col-md-12 col-img\">\n<div class=\"img-management\"><img decoding=\"async\" class=\"img-responsive\" src=\"\/v1\/help\/images\/Industry\/Toy\/img_management-5.png\" alt=\"mshopkeeper.vn\"\/><\/div>\n<\/div>\n<div class=\"col-md-12 col-content\">\n<div class=\"content-management\">\n<div class=\"horizontal-line-cut\"><\/div>\n<div class=\"title-item\">CH\u0102M S\u00d3C V\u00c0 QU\u1ea2N L\u00dd KH\u00c1CH H\u00c0NG CHUY\u00caN NGHI\u1ec6P<\/div>\n<div class=\"content-detail\">\n<div class=\"text-item\">Qu\u1ea3n l\u00fd kh\u00f4ng gi\u1edbi h\u1ea1n s\u1ed1 l\u01b0\u1ee3ng kh\u00e1ch h\u00e0ng theo nh\u1eefng th\u00f4ng tin chi ti\u1ebft nh\u01b0 h\u1ecd t\u00ean, s\u1ed1 \u0111i\u1ec7n tho\u1ea1i, \u0111\u1ecba ch\u1ec9, sinh nh\u1eadt hay l\u1ecbch s\u1eed mua s\u1eafm c\u1ee7a kh\u00e1ch h\u00e0ng.<\/div>\n<div class=\"text-item\">\u1ee8ng d\u1ee5ng qu\u1ea3n l\u00fd th\u1ebb th\u00e0nh vi\u00ean \u0111i\u1ec7n t\u1eed gi\u00fap t\u00edch \u0111i\u1ec3m kh\u00e1ch h\u00e0ng, t\u1ef1 \u0111\u1ed9ng n\u00e2ng\/h\u1ea1 h\u1ea1ng th\u1ebb hay g\u1eedi \u01b0u \u0111\u00e3i mi\u1ec5n ph\u00ed cho kh\u00e1ch h\u00e0ng.<\/div>\n<div class=\"text-item\">Kh\u00e1ch h\u00e0ng c\u00f3 th\u1ec3 ch\u1ee7 \u0111\u1ed9ng xem s\u1ed1 \u0111i\u1ec3m t\u00edch l\u0169y hay quy \u0111\u1ed5i \u0111i\u1ec3m \u0111\u1ec3 thanh to\u00e1n ti\u1ec7n l\u1ee3i.<\/div>\n<\/div>\n<\/div>\n<\/div>\n<\/div>\n<div class=\"col-md-24 no-padding box-management\">\n<div class=\"col-md-12 col-img\">\n<div class=\"img-management\"><img decoding=\"async\" class=\"img-responsive\" src=\"\/v1\/help\/images\/Industry\/Toy\/img_management-6.png\" alt=\"mshopkeeper.vn\"\/><\/div>\n<\/div>\n<div class=\"col-md-12 col-content\">\n<div class=\"content-management\">\n<div class=\"horizontal-line-cut\"><\/div>\n<div class=\"title-item\">B\u00c1O C\u00c1O B\u00c1N H\u00c0NG TH\u00d4NG MINH <br \/>T\u1eea T\u1ed4NG QUAN \u0110\u1ebeN CHI TI\u1ebeT<\/div>\n<div class=\"content-detail\">\n<div class=\"text-item\">H\u1ec7 th\u1ed1ng b\u00e1o c\u00e1o \u0111\u1ea7y \u0111\u1ee7, d\u1ec5 hi\u1ec3u bao qu\u00e1t to\u00e0n b\u1ed9 ho\u1ea1t \u0111\u1ed9ng kinh doanh bao g\u1ed3m: Doanh thu, l\u1ed7 l\u00e3i, t\u1ed3n kho, m\u1eb7t h\u00e0ng b\u00e1n ch\u1ea1y, doanh s\u1ed1 chi ti\u1ebft c\u1ee7a t\u1eebng nh\u00e2n vi\u00ean, t\u1eebng m\u1eb7t h\u00e0ng\/nh\u00f3m h\u00e0ng h\u00f3a&#8230;<\/div>\n<div class=\"text-item\">Qu\u1ea3n l\u00fd chu\u1ed7i c\u1eeda h\u00e0ng, h\u1ec7 th\u1ed1ng \u0111\u1ea1i l\u00fd b\u1eb1ng h\u1ec7 th\u1ed1ng b\u00e1o c\u00e1o chi ti\u1ebft, d\u1ec5 d\u00e0ng so s\u00e1nh hi\u1ec7u qu\u1ea3 kinh doanh c\u1ee7a t\u1eebng chi nh\u00e1nh, t\u1eebng k\u00eanh b\u00e1n h\u00e0ng.<\/div>\n<div class=\"text-item\">K\u1ebft n\u1ed1i ph\u1ea7n m\u1ec1m k\u1ebf to\u00e1n, ph\u1ea7n m\u1ec1m qu\u1ea3n tr\u1ecb doanh nghi\u1ec7p gi\u00fap c\u1ea5p qu\u1ea3n l\u00fd d\u1ec5 d\u00e0ng ki\u1ec3m so\u00e1t t\u1ea5t c\u1ea3 v\u1ea5n \u0111\u1ec1 ph\u00e1t sinh t\u1eeb kh\u00e2u nh\u1eadp h\u00e0ng h\u00f3a, qu\u1ea3n l\u00fd nh\u00e0 cung c\u1ea5p \u0111\u1ebfn kh\u00e2u b\u00e1n h\u00e0ng.<\/div>\n<\/div>\n<\/div>\n<\/div>\n<\/div>\n<\/div>\n<\/div>\n<\/div>\n<\/div>\n<\/section>\n<link rel=\"stylesheet\" type=\"text\/css\" href=\"\/v1\/help\/css\/bootstrap.css\"\/><link rel=\"stylesheet\" type=\"text\/css\" href=\"\/v1\/help\/css\/industry.css\"\/><script type=\"text\/javascript\" src=\"\/v1\/help\/js\/lib\/bootstrap.js\"><\/script><br \/>\n","protected":false},"excerpt":{"rendered":"<p>GI\u1ea2I QUY\u1ebeT TRI\u1ec6T \u0110\u1ec2 M\u1eccI KH\u00d3 KH\u0102N KHI KINH DOANH C\u1eecA H\u00c0NG \u0110\u1ed2 CH\u01a0I Qu\u1ea3n l\u00fd\/ch\u1ee7 c\u1eeda h\u00e0ng \u0111\u1ed3 ch\u01a1i kh\u00f3 ki\u1ec3m so\u00e1t ch\u00ednh x\u00e1c doanh thu, l\u1ed7 l\u00e3i hay doanh s\u1ed1 c\u1ee7a t\u1eebng m\u1eb7t h\u00e0ng\/combo s\u1ea3n ph\u1ea9m. Kh\u00f4ng bi\u1ebft \u0111\u01b0\u1ee3c \u0111\u01b0\u1ee3c t\u00ecnh h\u00ecnh kinh doanh khi kh\u00f4ng c\u00f3 m\u1eb7t&#8230;<\/p>\n","protected":false},"author":1,"featured_media":0,"parent":0,"menu_order":0,"comment_status":"closed","ping_status":"closed","template":"","meta":{"footnotes":""},"class_list":["post-4522","page","type-page","status-publish","hentry"],"yoast_head":"<!-- This site is optimized with the Yoast SEO plugin v21.7 - https:\/\/yoast.com\/wordpress\/plugins\/seo\/ -->\n<title>\u0110\u1ed3 ch\u01a1i - T\u00e0i li\u1ec7u h\u01b0\u1edbng d\u1eabn MISA eShop Vi\u1ec7t Nam<\/title>\n<meta name=\"robots\" content=\"index, follow, max-snippet:-1, max-image-preview:large, max-video-preview:-1\" \/>\n<link rel=\"canonical\" href=\"http:\/\/eshop.misa.vn\/help\/vi\/do-choi\" \/>\n<meta property=\"og:locale\" content=\"vi_VN\" \/>\n<meta property=\"og:type\" content=\"article\" \/>\n<meta property=\"og:title\" content=\"\u0110\u1ed3 ch\u01a1i - T\u00e0i li\u1ec7u h\u01b0\u1edbng d\u1eabn MISA eShop Vi\u1ec7t Nam\" \/>\n<meta property=\"og:description\" content=\"GI\u1ea2I QUY\u1ebeT TRI\u1ec6T \u0110\u1ec2 M\u1eccI KH\u00d3 KH\u0102N KHI KINH DOANH C\u1eecA H\u00c0NG \u0110\u1ed2 CH\u01a0I Qu\u1ea3n l\u00fd\/ch\u1ee7 c\u1eeda h\u00e0ng \u0111\u1ed3 ch\u01a1i kh\u00f3 ki\u1ec3m so\u00e1t ch\u00ednh x\u00e1c doanh thu, l\u1ed7 l\u00e3i hay doanh s\u1ed1 c\u1ee7a t\u1eebng m\u1eb7t h\u00e0ng\/combo s\u1ea3n ph\u1ea9m. Kh\u00f4ng bi\u1ebft \u0111\u01b0\u1ee3c \u0111\u01b0\u1ee3c t\u00ecnh h\u00ecnh kinh doanh khi kh\u00f4ng c\u00f3 m\u1eb7t...\" \/>\n<meta property=\"og:url\" content=\"http:\/\/eshop.misa.vn\/help\/vi\/do-choi\" \/>\n<meta property=\"og:site_name\" content=\"T\u00e0i li\u1ec7u h\u01b0\u1edbng d\u1eabn MISA eShop Vi\u1ec7t Nam\" \/>\n<meta property=\"article:modified_time\" content=\"2020-04-21T15:50:35+00:00\" \/>\n<meta name=\"twitter:card\" content=\"summary_large_image\" \/>\n<meta name=\"twitter:label1\" content=\"Est. reading time\" \/>\n\t<meta name=\"twitter:data1\" content=\"7 ph\u00fat\" \/>\n<script type=\"application\/ld+json\" class=\"yoast-schema-graph\">{\"@context\":\"https:\/\/schema.org\",\"@graph\":[{\"@type\":\"WebPage\",\"@id\":\"http:\/\/eshop.misa.vn\/help\/vi\/do-choi\",\"url\":\"http:\/\/eshop.misa.vn\/help\/vi\/do-choi\",\"name\":\"\u0110\u1ed3 ch\u01a1i - T\u00e0i li\u1ec7u h\u01b0\u1edbng d\u1eabn MISA eShop Vi\u1ec7t Nam\",\"isPartOf\":{\"@id\":\"http:\/\/eshop.misa.vn\/help\/vi\/#website\"},\"datePublished\":\"2020-02-25T11:27:55+00:00\",\"dateModified\":\"2020-04-21T15:50:35+00:00\",\"breadcrumb\":{\"@id\":\"http:\/\/eshop.misa.vn\/help\/vi\/do-choi#breadcrumb\"},\"inLanguage\":\"vi\",\"potentialAction\":[{\"@type\":\"ReadAction\",\"target\":[\"http:\/\/eshop.misa.vn\/help\/vi\/do-choi\"]}]},{\"@type\":\"BreadcrumbList\",\"@id\":\"http:\/\/eshop.misa.vn\/help\/vi\/do-choi#breadcrumb\",\"itemListElement\":[{\"@type\":\"ListItem\",\"position\":1,\"name\":\"Home\",\"item\":\"http:\/\/eshop.misa.vn\/help\/vi\"},{\"@type\":\"ListItem\",\"position\":2,\"name\":\"\u0110\u1ed3 ch\u01a1i\"}]},{\"@type\":\"WebSite\",\"@id\":\"http:\/\/eshop.misa.vn\/help\/vi\/#website\",\"url\":\"http:\/\/eshop.misa.vn\/help\/vi\/\",\"name\":\"T\u00e0i li\u1ec7u h\u01b0\u1edbng d\u1eabn MISA eShop Vi\u1ec7t Nam\",\"description\":\"\",\"potentialAction\":[{\"@type\":\"SearchAction\",\"target\":{\"@type\":\"EntryPoint\",\"urlTemplate\":\"http:\/\/eshop.misa.vn\/help\/vi\/?s={search_term_string}\"},\"query-input\":\"required name=search_term_string\"}],\"inLanguage\":\"vi\"}]}<\/script>\n<!-- \/ Yoast SEO plugin. -->","yoast_head_json":{"title":"\u0110\u1ed3 ch\u01a1i - T\u00e0i li\u1ec7u h\u01b0\u1edbng d\u1eabn MISA eShop Vi\u1ec7t Nam","robots":{"index":"index","follow":"follow","max-snippet":"max-snippet:-1","max-image-preview":"max-image-preview:large","max-video-preview":"max-video-preview:-1"},"canonical":"http:\/\/eshop.misa.vn\/help\/vi\/do-choi","og_locale":"vi_VN","og_type":"article","og_title":"\u0110\u1ed3 ch\u01a1i - T\u00e0i li\u1ec7u h\u01b0\u1edbng d\u1eabn MISA eShop Vi\u1ec7t Nam","og_description":"GI\u1ea2I QUY\u1ebeT TRI\u1ec6T \u0110\u1ec2 M\u1eccI KH\u00d3 KH\u0102N KHI KINH DOANH C\u1eecA H\u00c0NG \u0110\u1ed2 CH\u01a0I Qu\u1ea3n l\u00fd\/ch\u1ee7 c\u1eeda h\u00e0ng \u0111\u1ed3 ch\u01a1i kh\u00f3 ki\u1ec3m so\u00e1t ch\u00ednh x\u00e1c doanh thu, l\u1ed7 l\u00e3i hay doanh s\u1ed1 c\u1ee7a t\u1eebng m\u1eb7t h\u00e0ng\/combo s\u1ea3n ph\u1ea9m. Kh\u00f4ng bi\u1ebft \u0111\u01b0\u1ee3c \u0111\u01b0\u1ee3c t\u00ecnh h\u00ecnh kinh doanh khi kh\u00f4ng c\u00f3 m\u1eb7t...","og_url":"http:\/\/eshop.misa.vn\/help\/vi\/do-choi","og_site_name":"T\u00e0i li\u1ec7u h\u01b0\u1edbng d\u1eabn MISA eShop Vi\u1ec7t Nam","article_modified_time":"2020-04-21T15:50:35+00:00","twitter_card":"summary_large_image","twitter_misc":{"Est. reading time":"7 ph\u00fat"},"schema":{"@context":"https:\/\/schema.org","@graph":[{"@type":"WebPage","@id":"http:\/\/eshop.misa.vn\/help\/vi\/do-choi","url":"http:\/\/eshop.misa.vn\/help\/vi\/do-choi","name":"\u0110\u1ed3 ch\u01a1i - T\u00e0i li\u1ec7u h\u01b0\u1edbng d\u1eabn MISA eShop Vi\u1ec7t Nam","isPartOf":{"@id":"http:\/\/eshop.misa.vn\/help\/vi\/#website"},"datePublished":"2020-02-25T11:27:55+00:00","dateModified":"2020-04-21T15:50:35+00:00","breadcrumb":{"@id":"http:\/\/eshop.misa.vn\/help\/vi\/do-choi#breadcrumb"},"inLanguage":"vi","potentialAction":[{"@type":"ReadAction","target":["http:\/\/eshop.misa.vn\/help\/vi\/do-choi"]}]},{"@type":"BreadcrumbList","@id":"http:\/\/eshop.misa.vn\/help\/vi\/do-choi#breadcrumb","itemListElement":[{"@type":"ListItem","position":1,"name":"Home","item":"http:\/\/eshop.misa.vn\/help\/vi"},{"@type":"ListItem","position":2,"name":"\u0110\u1ed3 ch\u01a1i"}]},{"@type":"WebSite","@id":"http:\/\/eshop.misa.vn\/help\/vi\/#website","url":"http:\/\/eshop.misa.vn\/help\/vi\/","name":"T\u00e0i li\u1ec7u h\u01b0\u1edbng d\u1eabn MISA eShop Vi\u1ec7t Nam","description":"","potentialAction":[{"@type":"SearchAction","target":{"@type":"EntryPoint","urlTemplate":"http:\/\/eshop.misa.vn\/help\/vi\/?s={search_term_string}"},"query-input":"required name=search_term_string"}],"inLanguage":"vi"}]}},"_links":{"self":[{"href":"\/v1\/wp-json\/wp\/v2\/pages\/4522","targetHints":{"allow":["GET"]}}],"collection":[{"href":"\/v1\/wp-json\/wp\/v2\/pages"}],"about":[{"href":"\/v1\/wp-json\/wp\/v2\/types\/page"}],"author":[{"embeddable":true,"href":"\/v1\/wp-json\/wp\/v2\/users\/1"}],"replies":[{"embeddable":true,"href":"\/v1\/wp-json\/wp\/v2\/comments?post=4522"}],"version-history":[{"count":3,"href":"\/v1\/wp-json\/wp\/v2\/pages\/4522\/revisions"}],"predecessor-version":[{"id":5530,"href":"\/v1\/wp-json\/wp\/v2\/pages\/4522\/revisions\/5530"}],"wp:attachment":[{"href":"\/v1\/wp-json\/wp\/v2\/media?parent=4522"}],"curies":[{"name":"wp","href":"https:\/\/api.w.org\/{rel}","templated":true}]}}