{"id":4519,"date":"2020-02-25T18:20:45","date_gmt":"2020-02-25T11:20:45","guid":{"rendered":"http:\/\/helpvn.mshopkeeper.misa.local\/vi\/?page_id=4519"},"modified":"2020-04-21T23:00:17","modified_gmt":"2020-04-21T16:00:17","slug":"nganh-hang-khac","status":"publish","type":"page","link":"\/v1\/nganh-hang-khac","title":{"rendered":"Ng\u00e0nh h\u00e0ng kh\u00e1c"},"content":{"rendered":"<section class=\"industry other-page\">\n<div class=\"introduce\">\n<div class=\"container\">\n<div class=\"row\">\n<div class=\"col-md-24 no-padding\">\n<div class=\"col-md-12\">\n<div class=\"image-introduce\"><img decoding=\"async\" class=\"img-responsive\" src=\"\/v1\/help\/images\/Industry\/img_introduce.jpg\" alt=\"mshopkeeper.vn\"\/><\/div>\n<\/div>\n<div class=\"col-md-12\">\n<div class=\"content-introduce\">\n<div class=\"title-item\">GI\u1ea2I QUY\u1ebeT M\u1eccI KH\u00d3 KH\u0102N KHI <br \/>QU\u1ea2N L\u00dd V\u00c0 V\u1eacN H\u00c0NH C\u1eecA H\u00c0NG<\/div>\n<div class=\"content-detail\">\n<div class=\"text-item\">T\u00ecnh tr\u1ea1ng nh\u1ea7m l\u1eabn trong thanh to\u00e1n. Thu ng\u00e2n kh\u00f4ng nh\u1edb gi\u00e1 s\u1ea3n ph\u1ea9m, t\u00ednh ti\u1ec1n sai ho\u1eb7c tr\u1ea3 nh\u1ea7m ti\u1ec1n th\u1eeba cho kh\u00e1ch.<\/div>\n<div class=\"text-item\">Kh\u00f3 n\u1eafm b\u1eaft s\u1ed1 l\u01b0\u1ee3ng t\u1ed3n kho. Qu\u1ea3n l\u00fd h\u00e0ng h\u00f3a thi\u1ebfu ch\u00ednh x\u00e1c do c\u00f3 nhi\u1ec1u m\u1eabu m\u00e3, m\u00e0u s\u1eafc, size, nhi\u1ec1u l\u00f4 s\u1ea3n ph\u1ea9m v\u1edbi h\u1ea1n s\u1eed d\u1ee5ng kh\u00e1c nhau.<\/div>\n<div class=\"text-item show-min-width-1100\">Qu\u1ea3n l\u00fd doanh thu, l\u1ed7 l\u00e3i, c\u00f4ng n\u1ee3 b\u1eb1ng s\u1ed5 s\u00e1ch\/excel g\u1eb7p nhi\u1ec1u th\u01b0\u1eddng x\u1ea3y ra nh\u1ea7m l\u1eabn. Kh\u00f4ng th\u1ec3 ki\u1ec3m so\u00e1t t\u00ecnh h\u00ecnh kinh doanh khi kh\u00f4ng c\u00f3 m\u1eb7t t\u1ea1i c\u1eeda h\u00e0ng.<\/div>\n<div class=\"collapse collapseIntroduce\">\n<div class=\"text-item show-max-width-1099\">Qu\u1ea3n l\u00fd doanh thu, l\u1ed7 l\u00e3i, c\u00f4ng n\u1ee3 b\u1eb1ng s\u1ed5 s\u00e1ch\/excel g\u1eb7p nhi\u1ec1u th\u01b0\u1eddng x\u1ea3y ra nh\u1ea7m l\u1eabn. Kh\u00f4ng th\u1ec3 ki\u1ec3m so\u00e1t t\u00ecnh h\u00ecnh kinh doanh khi kh\u00f4ng c\u00f3 m\u1eb7t t\u1ea1i c\u1eeda h\u00e0ng.<\/div>\n<div class=\"text-item\">C\u1ea7n qu\u1ea3n l\u00fd th\u00f4ng tin, l\u1ecbch s\u1eed mua c\u1ee7a kh\u00e1ch v\u00e0 t\u00edch \u0111i\u1ec3m cho kh\u00e1ch h\u00e0ng th\u00e2n thi\u1ebft. Mu\u1ed1n l\u00ean ch\u01b0\u01a1ng tr\u00ecnh khuy\u1ebfn m\u00e3i \u0111\u1ec3 k\u00edch c\u1ea7u mua s\u1eafm nh\u01b0ng kh\u00f3 th\u1ed1ng k\u00ea hi\u1ec7u qu\u1ea3 doanh s\u1ed1 \u0111em l\u1ea1i.<\/div>\n<div class=\"text-item\">V\u1eadn h\u00e0nh chu\u1ed7i c\u1eeda h\u00e0ng thi\u1ebfu t\u1eadp trung. Kh\u00f4ng n\u1eafm b\u1eaft \u0111\u01b0\u1ee3c t\u00ecnh h\u00ecnh t\u1ed3n kho t\u1ea1i t\u1eebng chi nh\u00e1nh d\u1eabn \u0111\u1ebfn t\u00ecnh tr\u1ea1ng th\u1ea5t tho\u00e1t h\u00e0ng h\u00f3a.<\/div>\n<\/div>\n<div class=\"btn-view-more\"><a id=\"btnViewMore\" data-toggle=\"collapse\" href=\".collapseIntroduce\" aria-expanded=\"false\" aria-controls=\"collapseIntroduce\">Xem th\u00eam<\/a><\/div>\n<\/div>\n<\/div>\n<\/div>\n<\/div>\n<\/div>\n<\/div>\n<\/div>\n<div class=\"management\">\n<div class=\"container\">\n<div class=\"row\">\n<div class=\"col-md-24\">\n<div class=\"title-row\">MSHOPKEEPER GI\u00daP QU\u1ea2N L\u00dd C\u1eecA H\u00c0NG, CHU\u1ed6I C\u1eecA H\u00c0NG V\u00c0 SHOP ONLINE TO\u00c0N DI\u1ec6N<\/div>\n<\/div>\n<div class=\"col-md-24 no-padding\">\n<div class=\"col-md-24 no-padding box-management show-desktop\">\n<div class=\"col-md-12 col-content\">\n<div class=\"content-management\">\n<div class=\"horizontal-line-cut\"><\/div>\n<div class=\"title-item\">B\u00c1N H\u00c0NG V\u00c0 QU\u1ea2N L\u00dd B\u00c1N H\u00c0NG T\u1ea0I C\u1eecA H\u00c0NG<\/div>\n<div class=\"content-detail\">\n<div class=\"text-item\"><span class=\"text-hightlight\">Nghi\u1ec7p v\u1ee5 b\u00e1n h\u00e0ng:<\/span> Thanh to\u00e1n ch\u00ednh x\u00e1c b\u1eb1ng m\u00e1y qu\u00e9t m\u00e3 v\u1ea1ch, nhi\u1ec1u h\u00ecnh th\u1ee9c thanh to\u00e1n (ti\u1ec1n m\u1eb7t, th\u1ebb ATM, VISA, v\u00ed \u0111i\u1ec7n t\u1eed), d\u1ec5 d\u00e0ng tra c\u1ee9u t\u1ed3n kho ngay tr\u00ean \u0111i\u1ec7n tho\u1ea1i, \u0111\u1ea7y \u0111\u1ee7 nghi\u1ec7p v\u1ee5 b\u00e1n bu\u00f4n, b\u00e1n l\u1ebb, linh ho\u1ea1t gi\u00e1 b\u00e1n (ch\u1ecdn \u0111\u01b0\u1ee3c nhi\u1ec1u b\u1ea3ng gi\u00e1 ho\u1eb7c quy\u1ec1n ch\u00ednh s\u1eeda gi\u00e1 khi b\u00e1n h\u00e0ng)<\/div>\n<div class=\"text-item\"><span class=\"text-hightlight\">\u0110\u1ea7y \u0111\u1ee7 nghi\u1ec7p v\u1ee5 qu\u1ea3n l\u00fd:<\/span> D\u00f2ng ti\u1ec1n (Thu chi, l\u1ed7 l\u00e3i, c\u00f4ng n\u1ee3), Qu\u1ea3n l\u00fd t\u1ed3n kho h\u00e0ng h\u00f3a (ch\u00ednh x\u00e1c theo t\u1eebng size, m\u00e0u s\u1eafc, nh\u00e0 cung c\u1ea5p, m\u00e3 SKU\/m\u00e3 v\u1ea1ch, S\u1ed1 l\u00f4, h\u1ea1n s\u1eed d\u1ee5ng, M\u00e3 imei\/ Serial, ng\u00e0y c\u1eadn date), qu\u1ea3n l\u00fd nh\u00e0 cung c\u1ea5p, nh\u00e2n vi\u00ean, kh\u00e1ch h\u00e0ng, \u0111\u1ed1i t\u00e1c &#038; t\u00ecnh tr\u1ea1ng giao h\u00e0ng, qu\u1ea3n l\u00fd ch\u01b0\u01a1ng tr\u00ecnh khuy\u1ebfn m\u00e3i&#8230;<\/div>\n<\/div>\n<\/div>\n<\/div>\n<div class=\"col-md-12 col-img\">\n<div class=\"content-slide\">\n<div class=\"owl-carousel owl-theme\">\n<div class=\"item carousel-inner\">\n<div class=\"img-management\"><img decoding=\"async\" class=\"img-responsive\" src=\"\/v1\/help\/images\/Industry\/Other\/img_management-1.png\" alt=\"mshopkeeper.vn\"\/><\/div>\n<\/div>\n<div class=\"item carousel-inner\">\n<div class=\"img-management\"><img decoding=\"async\" class=\"img-responsive\" src=\"\/v1\/help\/images\/Industry\/Other\/img_management-2.png\" alt=\"mshopkeeper.vn\"\/><\/div>\n<\/div>\n<\/div>\n<\/div>\n<\/div>\n<\/div>\n<div class=\"col-md-24 no-padding box-management show-mobile\">\n<div class=\"col-md-12 col-img\">\n<div class=\"img-management\"><img decoding=\"async\" class=\"img-responsive\" src=\"\/v1\/help\/images\/Industry\/Other\/img_management-1.png\" alt=\"mshopkeeper.vn\"\/><\/div>\n<\/div>\n<div class=\"col-md-12 col-content\">\n<div class=\"content-management\">\n<div class=\"horizontal-line-cut\"><\/div>\n<div class=\"title-item\">B\u00c1N H\u00c0NG V\u00c0 QU\u1ea2N L\u00dd B\u00c1N H\u00c0NG T\u1ea0I C\u1eecA H\u00c0NG<\/div>\n<div class=\"content-detail\">\n<div class=\"text-item\"><span class=\"text-hightlight\">Nghi\u1ec7p v\u1ee5 b\u00e1n h\u00e0ng:<\/span> Thanh to\u00e1n ch\u00ednh x\u00e1c b\u1eb1ng m\u00e1y qu\u00e9t m\u00e3 v\u1ea1ch, nhi\u1ec1u h\u00ecnh th\u1ee9c thanh to\u00e1n (ti\u1ec1n m\u1eb7t, th\u1ebb ATM, VISA, v\u00ed \u0111i\u1ec7n t\u1eed), d\u1ec5 d\u00e0ng tra c\u1ee9u t\u1ed3n kho ngay tr\u00ean \u0111i\u1ec7n tho\u1ea1i, \u0111\u1ea7y \u0111\u1ee7 nghi\u1ec7p v\u1ee5 b\u00e1n bu\u00f4n, b\u00e1n l\u1ebb, linh ho\u1ea1t gi\u00e1 b\u00e1n (ch\u1ecdn \u0111\u01b0\u1ee3c nhi\u1ec1u b\u1ea3ng gi\u00e1 ho\u1eb7c quy\u1ec1n ch\u00ednh s\u1eeda gi\u00e1 khi b\u00e1n h\u00e0ng)<\/div>\n<div class=\"text-item\"><span class=\"text-hightlight\">\u0110\u1ea7y \u0111\u1ee7 nghi\u1ec7p v\u1ee5 qu\u1ea3n l\u00fd:<\/span> D\u00f2ng ti\u1ec1n (Thu chi, l\u1ed7 l\u00e3i, c\u00f4ng n\u1ee3), Qu\u1ea3n l\u00fd t\u1ed3n kho h\u00e0ng h\u00f3a (ch\u00ednh x\u00e1c theo t\u1eebng size, m\u00e0u s\u1eafc, nh\u00e0 cung c\u1ea5p, m\u00e3 SKU\/m\u00e3 v\u1ea1ch, S\u1ed1 l\u00f4, h\u1ea1n s\u1eed d\u1ee5ng, M\u00e3 imei\/ Serial, ng\u00e0y c\u1eadn date), qu\u1ea3n l\u00fd nh\u00e0 cung c\u1ea5p, nh\u00e2n vi\u00ean, kh\u00e1ch h\u00e0ng, \u0111\u1ed1i t\u00e1c &#038; t\u00ecnh tr\u1ea1ng giao h\u00e0ng, qu\u1ea3n l\u00fd ch\u01b0\u01a1ng tr\u00ecnh khuy\u1ebfn m\u00e3i&#8230;<\/div>\n<\/div>\n<\/div>\n<\/div>\n<\/div>\n<div class=\"col-md-24 no-padding box-management\">\n<div class=\"col-md-12 col-img\">\n<div class=\"img-management\"><img decoding=\"async\" class=\"img-responsive\" src=\"\/v1\/help\/images\/Industry\/Other\/img_management-3.png\" alt=\"mshopkeeper.vn\"\/><\/div>\n<\/div>\n<div class=\"col-md-12 col-content\">\n<div class=\"content-management\">\n<div class=\"horizontal-line-cut\"><\/div>\n<div class=\"title-item\">QU\u1ea2N L\u00dd CHU\u1ed6I C\u1eecA H\u00c0NG T\u1eacP TRUNG, TO\u00c0N DI\u1ec6N<\/div>\n<div class=\"content-detail\">\n<div class=\"text-item\">\u0110\u1ea7y \u0111\u1ee7 b\u00e1o c\u00e1o t\u1ed5ng quan t\u00ecnh h\u00ecnh kinh doanh c\u1ee7a to\u00e0n h\u1ec7 th\u1ed1ng v\u00e0 b\u00e1o c\u00e1o chi ti\u1ebft c\u1ee7a t\u1eebng chi nh\u00e1nh. B\u00e1o c\u00e1o ph\u00e2n t\u00edch t\u00ecnh h\u00ecnh kinh doanh, m\u1eb7t h\u00e0ng b\u00e1n ch\u1ea1y.<\/div>\n<div class=\"text-item\">Qu\u1ea3n l\u00fd h\u00e0ng h\u00f3a, \u0111\u1ecbnh m\u1ee9c t\u1ed3n kho t\u1ea1i t\u1eebng chi nh\u00e1nh v\u00e0 kho t\u1ed5ng. Cho ph\u00e9p ghi nh\u1eadn \u0111\u01a1n h\u00e0ng \u1edf kho t\u1ed5ng chuy\u1ec3n v\u1ec1 cho c\u00e1c chi nh\u00e1nh kh\u00e1c.<\/div>\n<div class=\"text-item\">L\u00e0 ph\u1ea7n m\u1ec1m duy nh\u1ea5t cho ph\u00e9p qu\u1ea3n l\u00fd chu\u1ed7i c\u1eeda h\u00e0ng nh\u01b0\u1ee3ng quy\u1ec1n: th\u1ed1ng k\u00ea \u0111\u01a1n \u0111\u1eb7t h\u00e0ng, doanh s\u1ed1 b\u00e1n h\u00e0ng, t\u00ecnh h\u00ecnh kinh doanh. \u0110\u1ed9c l\u1eadp d\u1eef li\u1ec7u c\u1ee7a chu\u1ed7i c\u1eeda h\u00e0ng v\u00e0 \u0111\u1ea1i l\u00fd.<\/div>\n<\/div>\n<\/div>\n<\/div>\n<\/div>\n<div class=\"col-md-24 no-padding box-management box-direction\">\n<div class=\"col-md-12 col-img\">\n<div class=\"img-management\"><img decoding=\"async\" class=\"img-responsive\" src=\"\/v1\/help\/images\/Industry\/Other\/img_management-4.png\" alt=\"mshopkeeper.vn\"\/><\/div>\n<\/div>\n<div class=\"col-md-12 col-content\">\n<div class=\"content-management\">\n<div class=\"horizontal-line-cut\"><\/div>\n<div class=\"title-item\">QU\u1ea2N L\u00dd B\u00c1N H\u00c0NG ONLINE HI\u1ec6U QU\u1ea2 TR\u00caN <br \/>M\u1ea0NG X\u00c3 H\u1ed8I, S\u00c0N TM\u0110T<\/div>\n<div class=\"content-detail\">\n<div class=\"text-item\">Ph\u1ea7n m\u1ec1m b\u00e1n h\u00e0ng MShopKeeper c\u00f3 kh\u1ea3 n\u0103ng k\u1ebft n\u1ed1i v\u1edbi ph\u1ea7n m\u1ec1m b\u00e1n h\u00e0ng \u0111a k\u00eanh OCM gi\u00fap qu\u1ea3n l\u00fd h\u1ee3p nh\u1ea5t c\u00e1c k\u00eanh Facebook, Zalo Shop, Website, Lazada, Shopee, Sendo, c\u1eeda h\u00e0ng&#8230;<\/div>\n<div class=\"text-item\">T\u1ef1 \u0111\u1ed9ng c\u1eadp nh\u1eadt tr\u1ea1ng th\u00e1i t\u1ed3n kho, \u0111\u01a1n h\u00e0ng hay c\u00e1c th\u00f4ng tin h\u00e0ng h\u00f3a, gi\u00e1 b\u00e1n tr\u00ean to\u00e0n h\u1ec7 th\u1ed1ng.<\/div>\n<div class=\"text-item\">T\u00edch h\u1ee3p Chatbot &#8211; t\u1ef1 \u0111\u1ed9ng tr\u1ea3 l\u1eddi tin nh\u1eafn, b\u00ecnh lu\u1eadn c\u1ee7a kh\u00e1ch h\u00e0ng theo k\u1ecbch b\u1ea3n th\u00f4ng qua t\u1eeb kh\u00f3a.<\/div>\n<div class=\"text-item\">T\u1ef1 \u0111\u1ed9ng ch\u1ed1t \u0111\u01a1n h\u00e0ng tr\u00ean livestream. T\u00ednh n\u0103ng g\u1eedi tin nh\u1eafn h\u00e0ng lo\u1ea1t mi\u1ec5n ph\u00ed.<\/div>\n<\/div>\n<\/div>\n<\/div>\n<\/div>\n<div class=\"col-md-24 no-padding box-management\">\n<div class=\"col-md-12 col-img\">\n<div class=\"img-management\"><img decoding=\"async\" class=\"img-responsive\" src=\"\/v1\/help\/images\/Industry\/Other\/img_management-5.png\" alt=\"mshopkeeper.vn\"\/><\/div>\n<\/div>\n<div class=\"col-md-12 col-content\">\n<div class=\"content-management\">\n<div class=\"horizontal-line-cut\"><\/div>\n<div class=\"title-item\">QU\u1ea2N L\u00dd B\u00c1N H\u00c0NG M\u1eccI L\u00daC M\u1eccI N\u01a0I<\/div>\n<div class=\"content-detail\">\n<div class=\"text-item\">D\u1ec5 d\u00e0ng \u0111\u0103ng nh\u1eadp h\u1ec7 th\u1ed1ng qu\u1ea3n l\u00fd \u1edf b\u1ea5t c\u1ee9 \u0111\u00e2u khi c\u00f3 internet.<\/div>\n<div class=\"text-item\">S\u1eed d\u1ee5ng tr\u00ean m\u1ecdi thi\u1ebft b\u1ecb: m\u00e1y t\u00ednh (PC, laptop), m\u00e1y t\u00ednh b\u1ea3ng, \u0111i\u1ec7n tho\u1ea1i, m\u00e1y POS. T\u01b0\u01a1ng th\u00edch v\u1edbi nhi\u1ec1u lo\u1ea1i m\u00e1y qu\u00e9t m\u00e3 v\u1ea1ch, m\u00e1y in&#8230;<\/div>\n<div class=\"text-item\">Mi\u1ec5n ph\u00ed c\u00e1c \u1ee9ng d\u1ee5ng: Qu\u1ea3n l\u00fd b\u00e1n h\u00e0ng, T\u01b0 v\u1ea5n b\u00e1n h\u00e0ng, 5Shop &#8211; Qu\u1ea3n l\u00fd th\u1ebb th\u00e0nh vi\u00ean v\u00e0 t\u00edch \u0111i\u1ec3m \u0111i\u1ec7n t\u1eed.<\/div>\n<\/div>\n<\/div>\n<\/div>\n<\/div>\n<div class=\"col-md-24 no-padding box-management box-direction\">\n<div class=\"col-md-12 col-img\">\n<div class=\"img-management\"><img decoding=\"async\" class=\"img-responsive\" src=\"\/v1\/help\/images\/Industry\/Other\/img_management-6.png\" alt=\"mshopkeeper.vn\"\/><\/div>\n<\/div>\n<div class=\"col-md-12 col-content\">\n<div class=\"content-management\">\n<div class=\"horizontal-line-cut\"><\/div>\n<div class=\"title-item\">QU\u1ea2N L\u00dd B\u00c1N H\u00c0NG AN TO\u00c0N, TI\u1ec6N \u00cdCH NH\u1ea4T<\/div>\n<div class=\"content-detail\">\n<div class=\"text-item\">Ph\u1ea7n m\u1ec1m b\u00e1n h\u00e0ng \u0111\u1ea7u ti\u00ean k\u1ebft n\u1ed1i ph\u1ea7n m\u1ec1m h\u00f3a \u0111\u01a1n \u0111i\u1ec7n t\u1eed meInvoice, ph\u1ea7n m\u1ec1m k\u1ebf to\u00e1n MISA SME.NET v\u00e0 ph\u1ea7n m\u1ec1m qu\u1ea3n tr\u1ecb doanh nghi\u1ec7p AMIS.VN.<\/div>\n<div class=\"text-item\">Ph\u1ea7n m\u1ec1m qu\u1ea3n l\u00fd b\u00e1n h\u00e0ng \u0111\u1ea1t Ti\u00eau chu\u1ea9n qu\u1ed1c t\u1ebf ISO 9000 \u2013 CMMi 3, cam k\u1ebft v\u1ec1 t\u00ednh an to\u00e0n, b\u1ea3o m\u1eadt th\u00f4ng tin.<\/div>\n<div class=\"text-item\">Ph\u00f9 h\u1ee3p v\u1edbi \u0111\u1eb7c \u0111i\u1ec3m qu\u1ea3n l\u00fd t\u1eebng ng\u00e0nh h\u00e0ng: Spa, c\u1eeda h\u00e0ng nh\u1ea1c c\u1ee5 (ghita, piano,&#8230;), c\u1eeda h\u00e0ng kim kh\u00ed, c\u1eeda h\u00e0ng s\u1eefa, \u0111\u1eb7c s\u1ea3n v\u00f9ng mi\u1ec1n, hi\u1ec7u thu\u1ed1c, ph\u1ee5 t\u00f9ng \u00f4 t\u00f4, xe m\u00e1y&#8230;<\/div>\n<\/div>\n<\/div>\n<\/div>\n<\/div>\n<\/div>\n<\/div>\n<\/div>\n<\/div>\n<\/section>\n<link rel=\"stylesheet\" type=\"text\/css\" href=\"\/v1\/help\/css\/bootstrap.css\"\/><link rel=\"stylesheet\" type=\"text\/css\" href=\"\/v1\/help\/css\/owl.carousel.min.css\"\/><link rel=\"stylesheet\" type=\"text\/css\" href=\"\/v1\/help\/css\/owl.theme.default.min.css\"\/><link rel=\"stylesheet\" type=\"text\/css\" href=\"\/v1\/help\/css\/industry.css\"\/><script type=\"text\/javascript\" src=\"\/v1\/help\/js\/lib\/bootstrap.js\"><\/script><script type=\"text\/javascript\" src=\"\/v1\/help\/js\/lib\/owl.carousel.js\"><\/script><br \/>\n","protected":false},"excerpt":{"rendered":"<p>GI\u1ea2I QUY\u1ebeT M\u1eccI KH\u00d3 KH\u0102N KHI QU\u1ea2N L\u00dd V\u00c0 V\u1eacN H\u00c0NH C\u1eecA H\u00c0NG T\u00ecnh tr\u1ea1ng nh\u1ea7m l\u1eabn trong thanh to\u00e1n. Thu ng\u00e2n kh\u00f4ng nh\u1edb gi\u00e1 s\u1ea3n ph\u1ea9m, t\u00ednh ti\u1ec1n sai ho\u1eb7c tr\u1ea3 nh\u1ea7m ti\u1ec1n th\u1eeba cho kh\u00e1ch. Kh\u00f3 n\u1eafm b\u1eaft s\u1ed1 l\u01b0\u1ee3ng t\u1ed3n kho. Qu\u1ea3n l\u00fd h\u00e0ng h\u00f3a thi\u1ebfu ch\u00ednh&#8230;<\/p>\n","protected":false},"author":1,"featured_media":0,"parent":0,"menu_order":0,"comment_status":"closed","ping_status":"closed","template":"","meta":{"footnotes":""},"class_list":["post-4519","page","type-page","status-publish","hentry"],"yoast_head":"<!-- This site is optimized with the Yoast SEO plugin v21.7 - https:\/\/yoast.com\/wordpress\/plugins\/seo\/ -->\n<title>Ng\u00e0nh h\u00e0ng kh\u00e1c - T\u00e0i li\u1ec7u h\u01b0\u1edbng d\u1eabn MISA eShop Vi\u1ec7t Nam<\/title>\n<meta name=\"robots\" content=\"index, follow, max-snippet:-1, max-image-preview:large, max-video-preview:-1\" \/>\n<link rel=\"canonical\" href=\"http:\/\/eshop.misa.vn\/help\/vi\/nganh-hang-khac\" \/>\n<meta property=\"og:locale\" content=\"vi_VN\" \/>\n<meta property=\"og:type\" content=\"article\" \/>\n<meta property=\"og:title\" content=\"Ng\u00e0nh h\u00e0ng kh\u00e1c - T\u00e0i li\u1ec7u h\u01b0\u1edbng d\u1eabn MISA eShop Vi\u1ec7t Nam\" \/>\n<meta property=\"og:description\" content=\"GI\u1ea2I QUY\u1ebeT M\u1eccI KH\u00d3 KH\u0102N KHI QU\u1ea2N L\u00dd V\u00c0 V\u1eacN H\u00c0NH C\u1eecA H\u00c0NG T\u00ecnh tr\u1ea1ng nh\u1ea7m l\u1eabn trong thanh to\u00e1n. Thu ng\u00e2n kh\u00f4ng nh\u1edb gi\u00e1 s\u1ea3n ph\u1ea9m, t\u00ednh ti\u1ec1n sai ho\u1eb7c tr\u1ea3 nh\u1ea7m ti\u1ec1n th\u1eeba cho kh\u00e1ch. Kh\u00f3 n\u1eafm b\u1eaft s\u1ed1 l\u01b0\u1ee3ng t\u1ed3n kho. Qu\u1ea3n l\u00fd h\u00e0ng h\u00f3a thi\u1ebfu ch\u00ednh...\" \/>\n<meta property=\"og:url\" content=\"http:\/\/eshop.misa.vn\/help\/vi\/nganh-hang-khac\" \/>\n<meta property=\"og:site_name\" content=\"T\u00e0i li\u1ec7u h\u01b0\u1edbng d\u1eabn MISA eShop Vi\u1ec7t Nam\" \/>\n<meta property=\"article:modified_time\" content=\"2020-04-21T16:00:17+00:00\" \/>\n<meta name=\"twitter:card\" content=\"summary_large_image\" \/>\n<meta name=\"twitter:label1\" content=\"Est. reading time\" \/>\n\t<meta name=\"twitter:data1\" content=\"7 ph\u00fat\" \/>\n<script type=\"application\/ld+json\" class=\"yoast-schema-graph\">{\"@context\":\"https:\/\/schema.org\",\"@graph\":[{\"@type\":\"WebPage\",\"@id\":\"http:\/\/eshop.misa.vn\/help\/vi\/nganh-hang-khac\",\"url\":\"http:\/\/eshop.misa.vn\/help\/vi\/nganh-hang-khac\",\"name\":\"Ng\u00e0nh h\u00e0ng kh\u00e1c - T\u00e0i li\u1ec7u h\u01b0\u1edbng d\u1eabn MISA eShop Vi\u1ec7t Nam\",\"isPartOf\":{\"@id\":\"http:\/\/eshop.misa.vn\/help\/vi\/#website\"},\"datePublished\":\"2020-02-25T11:20:45+00:00\",\"dateModified\":\"2020-04-21T16:00:17+00:00\",\"breadcrumb\":{\"@id\":\"http:\/\/eshop.misa.vn\/help\/vi\/nganh-hang-khac#breadcrumb\"},\"inLanguage\":\"vi\",\"potentialAction\":[{\"@type\":\"ReadAction\",\"target\":[\"http:\/\/eshop.misa.vn\/help\/vi\/nganh-hang-khac\"]}]},{\"@type\":\"BreadcrumbList\",\"@id\":\"http:\/\/eshop.misa.vn\/help\/vi\/nganh-hang-khac#breadcrumb\",\"itemListElement\":[{\"@type\":\"ListItem\",\"position\":1,\"name\":\"Home\",\"item\":\"http:\/\/eshop.misa.vn\/help\/vi\"},{\"@type\":\"ListItem\",\"position\":2,\"name\":\"Ng\u00e0nh h\u00e0ng kh\u00e1c\"}]},{\"@type\":\"WebSite\",\"@id\":\"http:\/\/eshop.misa.vn\/help\/vi\/#website\",\"url\":\"http:\/\/eshop.misa.vn\/help\/vi\/\",\"name\":\"T\u00e0i li\u1ec7u h\u01b0\u1edbng d\u1eabn MISA eShop Vi\u1ec7t Nam\",\"description\":\"\",\"potentialAction\":[{\"@type\":\"SearchAction\",\"target\":{\"@type\":\"EntryPoint\",\"urlTemplate\":\"http:\/\/eshop.misa.vn\/help\/vi\/?s={search_term_string}\"},\"query-input\":\"required name=search_term_string\"}],\"inLanguage\":\"vi\"}]}<\/script>\n<!-- \/ Yoast SEO plugin. -->","yoast_head_json":{"title":"Ng\u00e0nh h\u00e0ng kh\u00e1c - T\u00e0i li\u1ec7u h\u01b0\u1edbng d\u1eabn MISA eShop Vi\u1ec7t Nam","robots":{"index":"index","follow":"follow","max-snippet":"max-snippet:-1","max-image-preview":"max-image-preview:large","max-video-preview":"max-video-preview:-1"},"canonical":"http:\/\/eshop.misa.vn\/help\/vi\/nganh-hang-khac","og_locale":"vi_VN","og_type":"article","og_title":"Ng\u00e0nh h\u00e0ng kh\u00e1c - T\u00e0i li\u1ec7u h\u01b0\u1edbng d\u1eabn MISA eShop Vi\u1ec7t Nam","og_description":"GI\u1ea2I QUY\u1ebeT M\u1eccI KH\u00d3 KH\u0102N KHI QU\u1ea2N L\u00dd V\u00c0 V\u1eacN H\u00c0NH C\u1eecA H\u00c0NG T\u00ecnh tr\u1ea1ng nh\u1ea7m l\u1eabn trong thanh to\u00e1n. Thu ng\u00e2n kh\u00f4ng nh\u1edb gi\u00e1 s\u1ea3n ph\u1ea9m, t\u00ednh ti\u1ec1n sai ho\u1eb7c tr\u1ea3 nh\u1ea7m ti\u1ec1n th\u1eeba cho kh\u00e1ch. Kh\u00f3 n\u1eafm b\u1eaft s\u1ed1 l\u01b0\u1ee3ng t\u1ed3n kho. Qu\u1ea3n l\u00fd h\u00e0ng h\u00f3a thi\u1ebfu ch\u00ednh...","og_url":"http:\/\/eshop.misa.vn\/help\/vi\/nganh-hang-khac","og_site_name":"T\u00e0i li\u1ec7u h\u01b0\u1edbng d\u1eabn MISA eShop Vi\u1ec7t Nam","article_modified_time":"2020-04-21T16:00:17+00:00","twitter_card":"summary_large_image","twitter_misc":{"Est. reading time":"7 ph\u00fat"},"schema":{"@context":"https:\/\/schema.org","@graph":[{"@type":"WebPage","@id":"http:\/\/eshop.misa.vn\/help\/vi\/nganh-hang-khac","url":"http:\/\/eshop.misa.vn\/help\/vi\/nganh-hang-khac","name":"Ng\u00e0nh h\u00e0ng kh\u00e1c - T\u00e0i li\u1ec7u h\u01b0\u1edbng d\u1eabn MISA eShop Vi\u1ec7t Nam","isPartOf":{"@id":"http:\/\/eshop.misa.vn\/help\/vi\/#website"},"datePublished":"2020-02-25T11:20:45+00:00","dateModified":"2020-04-21T16:00:17+00:00","breadcrumb":{"@id":"http:\/\/eshop.misa.vn\/help\/vi\/nganh-hang-khac#breadcrumb"},"inLanguage":"vi","potentialAction":[{"@type":"ReadAction","target":["http:\/\/eshop.misa.vn\/help\/vi\/nganh-hang-khac"]}]},{"@type":"BreadcrumbList","@id":"http:\/\/eshop.misa.vn\/help\/vi\/nganh-hang-khac#breadcrumb","itemListElement":[{"@type":"ListItem","position":1,"name":"Home","item":"http:\/\/eshop.misa.vn\/help\/vi"},{"@type":"ListItem","position":2,"name":"Ng\u00e0nh h\u00e0ng kh\u00e1c"}]},{"@type":"WebSite","@id":"http:\/\/eshop.misa.vn\/help\/vi\/#website","url":"http:\/\/eshop.misa.vn\/help\/vi\/","name":"T\u00e0i li\u1ec7u h\u01b0\u1edbng d\u1eabn MISA eShop Vi\u1ec7t Nam","description":"","potentialAction":[{"@type":"SearchAction","target":{"@type":"EntryPoint","urlTemplate":"http:\/\/eshop.misa.vn\/help\/vi\/?s={search_term_string}"},"query-input":"required name=search_term_string"}],"inLanguage":"vi"}]}},"_links":{"self":[{"href":"\/v1\/wp-json\/wp\/v2\/pages\/4519","targetHints":{"allow":["GET"]}}],"collection":[{"href":"\/v1\/wp-json\/wp\/v2\/pages"}],"about":[{"href":"\/v1\/wp-json\/wp\/v2\/types\/page"}],"author":[{"embeddable":true,"href":"\/v1\/wp-json\/wp\/v2\/users\/1"}],"replies":[{"embeddable":true,"href":"\/v1\/wp-json\/wp\/v2\/comments?post=4519"}],"version-history":[{"count":8,"href":"\/v1\/wp-json\/wp\/v2\/pages\/4519\/revisions"}],"predecessor-version":[{"id":4559,"href":"\/v1\/wp-json\/wp\/v2\/pages\/4519\/revisions\/4559"}],"wp:attachment":[{"href":"\/v1\/wp-json\/wp\/v2\/media?parent=4519"}],"curies":[{"name":"wp","href":"https:\/\/api.w.org\/{rel}","templated":true}]}}