{"id":4506,"date":"2020-02-25T18:17:07","date_gmt":"2020-02-25T11:17:07","guid":{"rendered":"http:\/\/helpvn.mshopkeeper.misa.local\/vi\/?page_id=4506"},"modified":"2020-04-21T22:40:27","modified_gmt":"2020-04-21T15:40:27","slug":"hoa-va-qua-tang","status":"publish","type":"page","link":"\/v1\/hoa-va-qua-tang","title":{"rendered":"Hoa v\u00e0 qu\u00e0 t\u1eb7ng"},"content":{"rendered":"<section class=\"industry flower-page\">\n<div class=\"introduce\">\n<div class=\"container\">\n<div class=\"row\">\n<div class=\"col-md-24 no-padding\">\n<div class=\"col-md-12\">\n<div class=\"image-introduce\"><img decoding=\"async\" class=\"img-responsive\" src=\"\/v1\/help\/images\/Industry\/img_introduce.jpg\" alt=\"mshopkeeper.vn\"\/><\/div>\n<\/div>\n<div class=\"col-md-12\">\n<div class=\"content-introduce\">\n<div class=\"title-item\">GI\u1ea2I QUY\u1ebeT M\u1eccI V\u1ea4N \u0110\u1ec0 KH\u00d3 KH\u0102N KHI KINH DOANH <br \/>C\u1eecA H\u00c0NG HOA V\u00c0 QU\u00c0 T\u1eb6NG<\/div>\n<div class=\"content-detail\">\n<div class=\"text-item\">Qu\u1ea3n l\u00fd h\u00e0ng h\u00f3a g\u1eb7p nhi\u1ec1u kh\u00f3 kh\u0103n do h\u00e0ng h\u00f3a t\u1ea1i c\u1eeda h\u00e0ng c\u00f3 \u0111\u01a1n v\u1ecb t\u00ednh, hoa th\u00ec theo b\u00f3, theo b\u00f4ng ho\u1eb7c combo&#8230;, h\u1ea1n s\u1eed d\u1ee5ng c\u1ee7a hoa ng\u1eafn ng\u00e0y.<\/div>\n<div class=\"text-item\">Nh\u00e2n vi\u00ean th\u01b0\u1eddng nh\u1ea7m l\u1eabn khi thanh to\u00e1n cho kh\u00e1ch do gi\u00e1 hoa th\u01b0\u1eddng kh\u00f4ng c\u1ed1 \u0111\u1ecbnh m\u00e0 thay \u0111\u1ed5i theo ng\u00e0y, m\u00f9a v\u1ee5. Nhi\u1ec1u m\u1ee9c gi\u00e1 b\u00e1n cho kh\u00e1ch bu\u00f4n, kh\u00e1ch l\u1ebb.<\/div>\n<div class=\"text-item show-min-width-1100\">Kh\u00f3 th\u1ed1ng k\u00ea doanh s\u1ed1 ch\u00ednh x\u00e1c. C\u1ea7n qu\u1ea3n l\u00fd c\u00f4ng n\u1ee3 kh\u00e1ch h\u00e0ng nh\u01b0ng th\u01b0\u1eddng qu\u00ean ghi l\u1ea1i th\u00f4ng tin d\u1eabn \u0111\u1ebfn t\u00ecnh tr\u1ea1ng nh\u1ea7m l\u1eabn, sai s\u00f3t.<\/div>\n<div class=\"collapse collapseIntroduce\">\n<div class=\"text-item show-max-width-1099\">Kh\u00f3 th\u1ed1ng k\u00ea doanh s\u1ed1 ch\u00ednh x\u00e1c. C\u1ea7n qu\u1ea3n l\u00fd c\u00f4ng n\u1ee3 kh\u00e1ch h\u00e0ng nh\u01b0ng th\u01b0\u1eddng qu\u00ean ghi l\u1ea1i th\u00f4ng tin d\u1eabn \u0111\u1ebfn t\u00ecnh tr\u1ea1ng nh\u1ea7m l\u1eabn, sai s\u00f3t.<\/div>\n<div class=\"text-item\">B\u00e1n h\u00e0ng tr\u00ean nhi\u1ec1u k\u00eanh, kh\u00f3 kh\u0103n trong vi\u1ec7c th\u1ed1ng k\u00ea s\u1ed1 l\u01b0\u1ee3ng \u0111\u01a1n h\u00e0ng, doanh thu tr\u00ean t\u1eebng k\u00eanh c\u0169ng nh\u01b0 t\u00ecnh h\u00ecnh h\u00e0ng h\u00f3a \u0111\u1ec3 t\u1ea1o \u0111\u01a1n h\u00e0ng cho kh\u00e1ch.<\/div>\n<div class=\"text-item\">Mu\u1ed1n qu\u1ea3n l\u00fd v\u00e0 t\u00edch \u0111i\u1ec3m cho kh\u00e1ch h\u00e0ng nh\u01b0ng qu\u1ea3n l\u00fd b\u1eb1ng file excel c\u00f2n nhi\u1ec1u h\u1ea1n ch\u1ebf, kh\u00f4ng th\u1ec3 theo d\u00f5i \u0111\u01b0\u1ee3c l\u1ecbch s\u1eed mua c\u1ee7a kh\u00e1ch h\u00e0ng.<\/div>\n<\/div>\n<div class=\"btn-view-more\"><a id=\"btnViewMore\" data-toggle=\"collapse\" href=\".collapseIntroduce\" aria-expanded=\"false\" aria-controls=\"collapseIntroduce\">Xem th\u00eam<\/a><\/div>\n<\/div>\n<\/div>\n<\/div>\n<\/div>\n<\/div>\n<\/div>\n<\/div>\n<div class=\"management\">\n<div class=\"container\">\n<div class=\"row\">\n<div class=\"col-md-24\">\n<div class=\"title-row\">MSHOPKEEPER \u2013 QU\u1ea2N L\u00dd SHOP HOA V\u00c0 QU\u00c0 T\u1eb6NG D\u1ec4 D\u00c0NG, HI\u1ec6U QU\u1ea2<\/div>\n<\/div>\n<div class=\"col-md-24 no-padding\">\n<div class=\"col-md-24 no-padding box-management box-direction\">\n<div class=\"col-md-12 col-img\">\n<div class=\"img-management\"><img decoding=\"async\" class=\"img-responsive\" src=\"\/v1\/help\/images\/Industry\/Flower\/img_management-1.png\" alt=\"mshopkeeper.vn\"\/><\/div>\n<\/div>\n<div class=\"col-md-12 col-content\">\n<div class=\"content-management\">\n<div class=\"horizontal-line-cut\"><\/div>\n<div class=\"title-item\">QU\u1ea2N L\u00dd H\u00c0NG H\u00d3A LINH HO\u1ea0T, <br \/>T\u1ed2N KHO CH\u00cdNH X\u00c1C<\/div>\n<div class=\"content-detail\">\n<div class=\"text-item\">Kh\u1ea3 n\u0103ng \u0111\u00e1p \u1ee9ng qu\u1ea3n l\u00fd s\u1ed1 l\u01b0\u1ee3ng l\u1edbn m\u1eb7t h\u00e0ng v\u1edbi nhi\u1ec1u \u0111\u01a1n v\u1ecb t\u00ednh kh\u00e1c nhau nh\u01b0 b\u00f3, b\u00f4ng, combo, chi\u1ebfc,&#8230; theo t\u1eebng s\u1ea3n ph\u1ea9m hay combo th\u00e0nh ph\u1ea9m.<\/div>\n<div class=\"text-item\">Qu\u1ea3n l\u00fd h\u1ea1n s\u1eed d\u1ee5ng h\u00e0ng h\u00f3a. C\u00f3 th\u1ec3 theo d\u00f5i h\u00e0ng h\u1ee7y \u0111\u1ec3 \u0111\u00e1nh gi\u00e1 v\u00e0 t\u00ednh to\u00e1n l\u1ea1i s\u1ed1 l\u01b0\u1ee3ng h\u00e0ng c\u1ea7n nh\u1eadp.<\/div>\n<div class=\"text-item\">D\u1ec5 d\u00e0ng ki\u1ec3m k\u00ea kho b\u1eb1ng thi\u1ebft b\u1ecb qu\u00e9t m\u00e3 v\u1ea1ch v\u1edbi m\u1eb7t h\u00e0ng qu\u00e0 t\u1eb7ng.<\/div>\n<div class=\"text-item\">Th\u1ed1ng k\u00ea ch\u00ednh x\u00e1c s\u1ed1 l\u01b0\u1ee3ng xu\u1ea5t &#8211; nh\u1eadp &#8211; t\u1ed3n h\u00e0ng h\u00f3a, nguy\u00ean ph\u1ee5 li\u1ec7u.<\/div>\n<\/div>\n<\/div>\n<\/div>\n<\/div>\n<div class=\"col-md-24 no-padding box-management\">\n<div class=\"col-md-12 col-img\">\n<div class=\"img-management\"><img decoding=\"async\" class=\"img-responsive\" src=\"\/v1\/help\/images\/Industry\/Flower\/img_management-2.png\" alt=\"mshopkeeper.vn\"\/><\/div>\n<\/div>\n<div class=\"col-md-12 col-content\">\n<div class=\"content-management\">\n<div class=\"horizontal-line-cut\"><\/div>\n<div class=\"title-item\">B\u00c1N H\u00c0NG T\u1ea0I C\u1eecA H\u00c0NG HOA \u2013 QU\u00c0 T\u1eb6NG<\/div>\n<div class=\"content-detail\">\n<div class=\"text-item\">D\u1ec5 d\u00e0ng thanh to\u00e1n b\u1eb1ng m\u00e1y qu\u00e9t m\u00e3 v\u1ea1ch, t\u00ednh ti\u1ec1n ch\u00ednh x\u00e1c.<\/div>\n<div class=\"text-item\">Linh ho\u1ea1t thay \u0111\u1ed5i gi\u00e1 khi b\u00e1n h\u00e0ng theo \u0111\u1ed1i t\u01b0\u1ee3ng kh\u00e1ch h\u00e0ng (b\u1ea3ng gi\u00e1 d\u00e0nh cho kh\u00e1ch bu\u00f4n, kh\u00e1ch l\u1ebb, kh\u00e1ch vip&#8230;) hay theo ng\u00e0y\/m\u00f9a v\u1ee5.<\/div>\n<div class=\"text-item\">Thu ng\u00e2n c\u00f3 th\u1ec3 th\u00eam c\u00e1c m\u1ee9c chi\u1ebft kh\u1ea5u theo % ho\u1eb7c s\u1ed1 ti\u1ec1n cho kh\u00e1ch khi b\u00e1n h\u00e0ng.<\/div>\n<div class=\"text-item\">H\u1ed7 tr\u1ee3 nhi\u1ec1u h\u00ecnh th\u1ee9c thanh to\u00e1n nh\u01b0 ti\u1ec1n m\u1eb7t, th\u1ebb ATM, VISA, v\u00ed \u0111i\u1ec7n t\u1eed.<\/div>\n<\/div>\n<\/div>\n<\/div>\n<\/div>\n<div class=\"col-md-24 no-padding box-management box-direction\">\n<div class=\"col-md-12 col-img\">\n<div class=\"img-management\"><img decoding=\"async\" class=\"img-responsive\" src=\"\/v1\/help\/images\/Industry\/Flower\/img_management-3.png\" alt=\"mshopkeeper.vn\"\/><\/div>\n<\/div>\n<div class=\"col-md-12 col-content\">\n<div class=\"content-management\">\n<div class=\"horizontal-line-cut\"><\/div>\n<div class=\"title-item\">THI\u1ebeT L\u1eacP CH\u01af\u01a0NG TR\u00ccNH KHUY\u1ebeN M\u00c3I <br \/>TH\u1eacT D\u1ec4 D\u00c0NG<\/div>\n<div class=\"content-detail\">\n<div class=\"text-item\">\u0110a d\u1ea1ng c\u00e1c CTKM nh\u01b0 theo ph\u1ea7n tr\u0103m s\u1ea3n ph\u1ea9m, gi\u1ea3m gi\u00e1 h\u00f3a \u0111\u01a1n, gi\u1ea3m gi\u00e1 combo, mua m t\u1eb7ng n&#8230;<\/div>\n<div class=\"text-item\">D\u1ec5 d\u00e0ng thi\u1ebft l\u1eadp ch\u01b0\u01a1ng tr\u00ecnh chi\u1ebft kh\u1ea5u cho kh\u00e1ch h\u00e0ng theo gi\u00e1 tr\u1ecb d\u1ef1a v\u00e0o l\u1ecbch s\u1eed mua h\u00e0ng. Kh\u00e1ch h\u00e0ng l\u1edbn \u0111\u01b0\u1ee3c chi\u1ebft kh\u1ea5u nhi\u1ec1u.<\/div>\n<div class=\"text-item\">T\u1ef1 \u0111\u1ed9ng \u00e1p d\u1ee5ng m\u1ee9c gi\u00e1 khuy\u1ebfn m\u00e3i trong th\u1eddi gian tri\u1ec3n khai hay kh\u00e1ch h\u00e0ng th\u00e2n thi\u1ebft.<\/div>\n<\/div>\n<\/div>\n<\/div>\n<\/div>\n<div class=\"col-md-24 no-padding box-management\">\n<div class=\"col-md-12 col-img\">\n<div class=\"img-management\"><img decoding=\"async\" class=\"img-responsive\" src=\"\/v1\/help\/images\/Industry\/Flower\/img_management-4.png\" alt=\"mshopkeeper.vn\"\/><\/div>\n<\/div>\n<div class=\"col-md-12 col-content\">\n<div class=\"content-management\">\n<div class=\"horizontal-line-cut\"><\/div>\n<div class=\"title-item\">QU\u1ea2N L\u00dd KH\u00c1CH H\u00c0NG V\u00c0 T\u00cdCH \u0110I\u1ec2M \u0110I\u1ec6N T\u1eec<\/div>\n<div class=\"content-detail\">\n<div class=\"text-item\">Qu\u1ea3n l\u00fd kh\u00f4ng gi\u1edbi h\u1ea1n s\u1ed1 l\u01b0\u1ee3ng kh\u00e1ch h\u00e0ng theo nh\u1eefng th\u00f4ng tin chi ti\u1ebft nh\u01b0 h\u1ecd t\u00ean, s\u1ed1 \u0111i\u1ec7n tho\u1ea1i, \u0111\u1ecba ch\u1ec9, sinh nh\u1eadt hay l\u1ecbch s\u1eed mua c\u1ee7a kh\u00e1ch h\u00e0ng.<\/div>\n<div class=\"text-item\">\u1ee8ng d\u1ee5ng qu\u1ea3n l\u00fd th\u1ebb th\u00e0nh vi\u00ean \u0111i\u1ec7n t\u1eed gi\u00fap t\u00edch \u0111i\u1ec3m kh\u00e1ch h\u00e0ng, t\u1ef1 \u0111\u1ed9ng n\u00e2ng\/h\u1ea1 h\u1ea1ng th\u1ebb hay g\u1eedi \u01b0u \u0111\u00e3i mi\u1ec5n ph\u00ed cho kh\u00e1ch h\u00e0ng.<\/div>\n<div class=\"text-item\">Kh\u00e1ch h\u00e0ng c\u00f3 th\u1ec3 ch\u1ee7 \u0111\u1ed9ng xem s\u1ed1 \u0111i\u1ec3m t\u00edch l\u0169y hay quy \u0111\u1ed5i \u0111i\u1ec3m \u0111\u1ec3 thanh to\u00e1n ti\u1ec7n l\u1ee3i.<\/div>\n<\/div>\n<\/div>\n<\/div>\n<\/div>\n<div class=\"col-md-24 no-padding box-management box-direction\">\n<div class=\"col-md-12 col-img\">\n<div class=\"img-management\"><img decoding=\"async\" class=\"img-responsive\" src=\"\/v1\/help\/images\/Industry\/Flower\/img_management-5.png\" alt=\"mshopkeeper.vn\"\/><\/div>\n<\/div>\n<div class=\"col-md-12 col-content\">\n<div class=\"content-management\">\n<div class=\"horizontal-line-cut\"><\/div>\n<div class=\"title-item\">QU\u1ea2N L\u00dd H\u1ee2P NH\u1ea4T TH\u00d4NG TIN T\u1ea0I <br \/>C\u1eecA H\u00c0NG V\u00c0 K\u00caNH ONLINE<\/div>\n<div class=\"content-detail\">\n<div class=\"text-item\">Ph\u1ea7n m\u1ec1m b\u00e1n h\u00e0ng MShopKeeper c\u00f3 kh\u1ea3 n\u0103ng k\u1ebft n\u1ed1i v\u1edbi ph\u1ea7n m\u1ec1m b\u00e1n h\u00e0ng \u0111a k\u00eanh OCMgi\u00fap qu\u1ea3n l\u00fd h\u1ee3p nh\u1ea5t c\u00e1c k\u00eanh Facebook, Zalo Shop, Website, Lazada, Shopee, Sendo, c\u1eeda h\u00e0ng&#8230;<\/div>\n<div class=\"text-item\">T\u1ef1 \u0111\u1ed9ng c\u1eadp nh\u1eadt tr\u1ea1ng th\u00e1i t\u1ed3n kho, \u0111\u01a1n h\u00e0ng hay c\u00e1c th\u00f4ng tin h\u00e0ng h\u00f3a, gi\u00e1 b\u00e1n tr\u00ean to\u00e0n h\u1ec7 th\u1ed1ng.<\/div>\n<div class=\"text-item\">K\u1ebft n\u1ed1i nhi\u1ec1u \u0111\u01a1n v\u1ecb v\u1eadn chuy\u1ec3n uy t\u00edn (Viettel Post, VNPost, Giao h\u00e0ng nhanh, Giao h\u00e0ng ti\u1ebft ki\u1ec7m, Ahamove&#8230;), ch\u1ecdn ship gi\u00e1 r\u1ebb nh\u1ea5t, h\u1ed7 tr\u1ee3 ship COD.<\/div>\n<\/div>\n<\/div>\n<\/div>\n<\/div>\n<div class=\"col-md-24 no-padding box-management\">\n<div class=\"col-md-12 col-img\">\n<div class=\"img-management\"><img decoding=\"async\" class=\"img-responsive\" src=\"\/v1\/help\/images\/Industry\/Flower\/img_management-6.png\" alt=\"mshopkeeper.vn\"\/><\/div>\n<\/div>\n<div class=\"col-md-12 col-content\">\n<div class=\"content-management\">\n<div class=\"horizontal-line-cut\"><\/div>\n<div class=\"title-item\">B\u00c1O C\u00c1O B\u00c1N H\u00c0NG CH\u00cdNH X\u00c1C \u0110\u1ebeN <br \/>T\u1eeaNG K\u00caNH, T\u1eeaNG CHI NH\u00c1NH<\/div>\n<div class=\"content-detail\">\n<div class=\"text-item\">H\u1ec7 th\u1ed1ng b\u00e1o c\u00e1o \u0111\u1ea7y \u0111\u1ee7, d\u1ec5 hi\u1ec3u bao qu\u00e1t to\u00e0n b\u1ed9 ho\u1ea1t \u0111\u1ed9ng kinh doanh bao g\u1ed3m: Doanh thu, l\u1ed7 l\u00e3i, t\u1ed3n kho, m\u1eb7t h\u00e0ng b\u00e1n ch\u1ea1y, doanh s\u1ed1 chi ti\u1ebft c\u1ee7a t\u1eebng nh\u00e2n vi\u00ean, t\u1eebng m\u1eb7t h\u00e0ng\/nh\u00f3m h\u00e0ng h\u00f3a&#8230;<\/div>\n<div class=\"text-item\">Qu\u1ea3n l\u00fd chu\u1ed7i c\u1eeda h\u00e0ng hoa, qu\u00e0 t\u1eb7ng hi\u1ec7u qu\u1ea3. D\u1ec5 d\u00e0ng qu\u1ea3n l\u00fd c\u1eeda h\u00e0ng t\u1eeb xa ngay tr\u00ean thi\u1ebft b\u1ecb di \u0111\u1ed9ng.<\/div>\n<div class=\"text-item\">K\u1ebft n\u1ed1i ph\u1ea7n m\u1ec1m k\u1ebf to\u00e1n, ph\u1ea7n m\u1ec1m qu\u1ea3n tr\u1ecb doanh nghi\u1ec7p gi\u00fap c\u1ea5p qu\u1ea3n l\u00fd d\u1ec5 d\u00e0ng ki\u1ec3m so\u00e1t t\u1ea5t c\u1ea3 v\u1ea5n \u0111\u1ec1 ph\u00e1t sinh t\u1eeb khi l\u00e0m vi\u1ec7c v\u1edbi nh\u00e0 cung c\u1ea5p \u0111\u1ebfn khi b\u00e1n h\u00e0ng, qu\u1ea3n l\u00fd th\u00f4ng tin kh\u00e1ch h\u00e0ng.<\/div>\n<\/div>\n<\/div>\n<\/div>\n<\/div>\n<\/div>\n<\/div>\n<\/div>\n<\/div>\n<\/section>\n<link rel=\"stylesheet\" type=\"text\/css\" href=\"\/v1\/help\/css\/bootstrap.css\"\/><link rel=\"stylesheet\" type=\"text\/css\" href=\"\/v1\/help\/css\/industry.css\"\/><script type=\"text\/javascript\" src=\"\/v1\/help\/js\/lib\/bootstrap.js\"><\/script><br \/>\n","protected":false},"excerpt":{"rendered":"<p>GI\u1ea2I QUY\u1ebeT M\u1eccI V\u1ea4N \u0110\u1ec0 KH\u00d3 KH\u0102N KHI KINH DOANH C\u1eecA H\u00c0NG HOA V\u00c0 QU\u00c0 T\u1eb6NG Qu\u1ea3n l\u00fd h\u00e0ng h\u00f3a g\u1eb7p nhi\u1ec1u kh\u00f3 kh\u0103n do h\u00e0ng h\u00f3a t\u1ea1i c\u1eeda h\u00e0ng c\u00f3 \u0111\u01a1n v\u1ecb t\u00ednh, hoa th\u00ec theo b\u00f3, theo b\u00f4ng ho\u1eb7c combo&#8230;, h\u1ea1n s\u1eed d\u1ee5ng c\u1ee7a hoa ng\u1eafn ng\u00e0y. Nh\u00e2n&#8230;<\/p>\n","protected":false},"author":1,"featured_media":0,"parent":0,"menu_order":0,"comment_status":"closed","ping_status":"closed","template":"","meta":{"footnotes":""},"class_list":["post-4506","page","type-page","status-publish","hentry"],"yoast_head":"<!-- This site is optimized with the Yoast SEO plugin v21.7 - https:\/\/yoast.com\/wordpress\/plugins\/seo\/ -->\n<title>Hoa v\u00e0 qu\u00e0 t\u1eb7ng - T\u00e0i li\u1ec7u h\u01b0\u1edbng d\u1eabn MISA eShop Vi\u1ec7t Nam<\/title>\n<meta name=\"robots\" content=\"index, follow, max-snippet:-1, max-image-preview:large, max-video-preview:-1\" \/>\n<link rel=\"canonical\" href=\"http:\/\/eshop.misa.vn\/help\/vi\/hoa-va-qua-tang\" \/>\n<meta property=\"og:locale\" content=\"vi_VN\" \/>\n<meta property=\"og:type\" content=\"article\" \/>\n<meta property=\"og:title\" content=\"Hoa v\u00e0 qu\u00e0 t\u1eb7ng - T\u00e0i li\u1ec7u h\u01b0\u1edbng d\u1eabn MISA eShop Vi\u1ec7t Nam\" \/>\n<meta property=\"og:description\" content=\"GI\u1ea2I QUY\u1ebeT M\u1eccI V\u1ea4N \u0110\u1ec0 KH\u00d3 KH\u0102N KHI KINH DOANH C\u1eecA H\u00c0NG HOA V\u00c0 QU\u00c0 T\u1eb6NG Qu\u1ea3n l\u00fd h\u00e0ng h\u00f3a g\u1eb7p nhi\u1ec1u kh\u00f3 kh\u0103n do h\u00e0ng h\u00f3a t\u1ea1i c\u1eeda h\u00e0ng c\u00f3 \u0111\u01a1n v\u1ecb t\u00ednh, hoa th\u00ec theo b\u00f3, theo b\u00f4ng ho\u1eb7c combo&#8230;, h\u1ea1n s\u1eed d\u1ee5ng c\u1ee7a hoa ng\u1eafn ng\u00e0y. Nh\u00e2n...\" \/>\n<meta property=\"og:url\" content=\"http:\/\/eshop.misa.vn\/help\/vi\/hoa-va-qua-tang\" \/>\n<meta property=\"og:site_name\" content=\"T\u00e0i li\u1ec7u h\u01b0\u1edbng d\u1eabn MISA eShop Vi\u1ec7t Nam\" \/>\n<meta property=\"article:modified_time\" content=\"2020-04-21T15:40:27+00:00\" \/>\n<meta name=\"twitter:card\" content=\"summary_large_image\" \/>\n<meta name=\"twitter:label1\" content=\"Est. reading time\" \/>\n\t<meta name=\"twitter:data1\" content=\"6 ph\u00fat\" \/>\n<script type=\"application\/ld+json\" class=\"yoast-schema-graph\">{\"@context\":\"https:\/\/schema.org\",\"@graph\":[{\"@type\":\"WebPage\",\"@id\":\"http:\/\/eshop.misa.vn\/help\/vi\/hoa-va-qua-tang\",\"url\":\"http:\/\/eshop.misa.vn\/help\/vi\/hoa-va-qua-tang\",\"name\":\"Hoa v\u00e0 qu\u00e0 t\u1eb7ng - T\u00e0i li\u1ec7u h\u01b0\u1edbng d\u1eabn MISA eShop Vi\u1ec7t Nam\",\"isPartOf\":{\"@id\":\"http:\/\/eshop.misa.vn\/help\/vi\/#website\"},\"datePublished\":\"2020-02-25T11:17:07+00:00\",\"dateModified\":\"2020-04-21T15:40:27+00:00\",\"breadcrumb\":{\"@id\":\"http:\/\/eshop.misa.vn\/help\/vi\/hoa-va-qua-tang#breadcrumb\"},\"inLanguage\":\"vi\",\"potentialAction\":[{\"@type\":\"ReadAction\",\"target\":[\"http:\/\/eshop.misa.vn\/help\/vi\/hoa-va-qua-tang\"]}]},{\"@type\":\"BreadcrumbList\",\"@id\":\"http:\/\/eshop.misa.vn\/help\/vi\/hoa-va-qua-tang#breadcrumb\",\"itemListElement\":[{\"@type\":\"ListItem\",\"position\":1,\"name\":\"Home\",\"item\":\"http:\/\/eshop.misa.vn\/help\/vi\"},{\"@type\":\"ListItem\",\"position\":2,\"name\":\"Hoa v\u00e0 qu\u00e0 t\u1eb7ng\"}]},{\"@type\":\"WebSite\",\"@id\":\"http:\/\/eshop.misa.vn\/help\/vi\/#website\",\"url\":\"http:\/\/eshop.misa.vn\/help\/vi\/\",\"name\":\"T\u00e0i li\u1ec7u h\u01b0\u1edbng d\u1eabn MISA eShop Vi\u1ec7t Nam\",\"description\":\"\",\"potentialAction\":[{\"@type\":\"SearchAction\",\"target\":{\"@type\":\"EntryPoint\",\"urlTemplate\":\"http:\/\/eshop.misa.vn\/help\/vi\/?s={search_term_string}\"},\"query-input\":\"required name=search_term_string\"}],\"inLanguage\":\"vi\"}]}<\/script>\n<!-- \/ Yoast SEO plugin. -->","yoast_head_json":{"title":"Hoa v\u00e0 qu\u00e0 t\u1eb7ng - T\u00e0i li\u1ec7u h\u01b0\u1edbng d\u1eabn MISA eShop Vi\u1ec7t Nam","robots":{"index":"index","follow":"follow","max-snippet":"max-snippet:-1","max-image-preview":"max-image-preview:large","max-video-preview":"max-video-preview:-1"},"canonical":"http:\/\/eshop.misa.vn\/help\/vi\/hoa-va-qua-tang","og_locale":"vi_VN","og_type":"article","og_title":"Hoa v\u00e0 qu\u00e0 t\u1eb7ng - T\u00e0i li\u1ec7u h\u01b0\u1edbng d\u1eabn MISA eShop Vi\u1ec7t Nam","og_description":"GI\u1ea2I QUY\u1ebeT M\u1eccI V\u1ea4N \u0110\u1ec0 KH\u00d3 KH\u0102N KHI KINH DOANH C\u1eecA H\u00c0NG HOA V\u00c0 QU\u00c0 T\u1eb6NG Qu\u1ea3n l\u00fd h\u00e0ng h\u00f3a g\u1eb7p nhi\u1ec1u kh\u00f3 kh\u0103n do h\u00e0ng h\u00f3a t\u1ea1i c\u1eeda h\u00e0ng c\u00f3 \u0111\u01a1n v\u1ecb t\u00ednh, hoa th\u00ec theo b\u00f3, theo b\u00f4ng ho\u1eb7c combo&#8230;, h\u1ea1n s\u1eed d\u1ee5ng c\u1ee7a hoa ng\u1eafn ng\u00e0y. Nh\u00e2n...","og_url":"http:\/\/eshop.misa.vn\/help\/vi\/hoa-va-qua-tang","og_site_name":"T\u00e0i li\u1ec7u h\u01b0\u1edbng d\u1eabn MISA eShop Vi\u1ec7t Nam","article_modified_time":"2020-04-21T15:40:27+00:00","twitter_card":"summary_large_image","twitter_misc":{"Est. reading time":"6 ph\u00fat"},"schema":{"@context":"https:\/\/schema.org","@graph":[{"@type":"WebPage","@id":"http:\/\/eshop.misa.vn\/help\/vi\/hoa-va-qua-tang","url":"http:\/\/eshop.misa.vn\/help\/vi\/hoa-va-qua-tang","name":"Hoa v\u00e0 qu\u00e0 t\u1eb7ng - T\u00e0i li\u1ec7u h\u01b0\u1edbng d\u1eabn MISA eShop Vi\u1ec7t Nam","isPartOf":{"@id":"http:\/\/eshop.misa.vn\/help\/vi\/#website"},"datePublished":"2020-02-25T11:17:07+00:00","dateModified":"2020-04-21T15:40:27+00:00","breadcrumb":{"@id":"http:\/\/eshop.misa.vn\/help\/vi\/hoa-va-qua-tang#breadcrumb"},"inLanguage":"vi","potentialAction":[{"@type":"ReadAction","target":["http:\/\/eshop.misa.vn\/help\/vi\/hoa-va-qua-tang"]}]},{"@type":"BreadcrumbList","@id":"http:\/\/eshop.misa.vn\/help\/vi\/hoa-va-qua-tang#breadcrumb","itemListElement":[{"@type":"ListItem","position":1,"name":"Home","item":"http:\/\/eshop.misa.vn\/help\/vi"},{"@type":"ListItem","position":2,"name":"Hoa v\u00e0 qu\u00e0 t\u1eb7ng"}]},{"@type":"WebSite","@id":"http:\/\/eshop.misa.vn\/help\/vi\/#website","url":"http:\/\/eshop.misa.vn\/help\/vi\/","name":"T\u00e0i li\u1ec7u h\u01b0\u1edbng d\u1eabn MISA eShop Vi\u1ec7t Nam","description":"","potentialAction":[{"@type":"SearchAction","target":{"@type":"EntryPoint","urlTemplate":"http:\/\/eshop.misa.vn\/help\/vi\/?s={search_term_string}"},"query-input":"required name=search_term_string"}],"inLanguage":"vi"}]}},"_links":{"self":[{"href":"\/v1\/wp-json\/wp\/v2\/pages\/4506","targetHints":{"allow":["GET"]}}],"collection":[{"href":"\/v1\/wp-json\/wp\/v2\/pages"}],"about":[{"href":"\/v1\/wp-json\/wp\/v2\/types\/page"}],"author":[{"embeddable":true,"href":"\/v1\/wp-json\/wp\/v2\/users\/1"}],"replies":[{"embeddable":true,"href":"\/v1\/wp-json\/wp\/v2\/comments?post=4506"}],"version-history":[{"count":3,"href":"\/v1\/wp-json\/wp\/v2\/pages\/4506\/revisions"}],"predecessor-version":[{"id":5528,"href":"\/v1\/wp-json\/wp\/v2\/pages\/4506\/revisions\/5528"}],"wp:attachment":[{"href":"\/v1\/wp-json\/wp\/v2\/media?parent=4506"}],"curies":[{"name":"wp","href":"https:\/\/api.w.org\/{rel}","templated":true}]}}