{"id":4499,"date":"2020-02-25T17:10:36","date_gmt":"2020-02-25T10:10:36","guid":{"rendered":"http:\/\/helpvn.mshopkeeper.misa.local\/vi\/?page_id=4499"},"modified":"2020-04-21T22:53:28","modified_gmt":"2020-04-21T15:53:28","slug":"me-va-be","status":"publish","type":"page","link":"\/v1\/me-va-be","title":{"rendered":"M\u1eb9 v\u00e0 b\u00e9"},"content":{"rendered":"<section class=\"industry mother-page\">\n<div class=\"introduce\">\n<div class=\"container\">\n<div class=\"row\">\n<div class=\"col-md-24 no-padding\">\n<div class=\"col-md-12\">\n<div class=\"image-introduce\"><img decoding=\"async\" class=\"img-responsive\" src=\"\/v1\/help\/images\/Industry\/img_introduce.jpg\" alt=\"mshopkeeper.vn\"\/><\/div>\n<\/div>\n<div class=\"col-md-12\">\n<div class=\"content-introduce\">\n<div class=\"title-item\">GI\u1ea2I QUY\u1ebeT M\u1eccI V\u1ea4N \u0110\u1ec0 KH\u00d3 KH\u0102N KHI <br \/>KINH DOANH SHOP M\u1eb8 V\u00c0 B\u00c9<\/div>\n<div class=\"content-detail\">\n<div class=\"text-item\">H\u00e0ng h\u00f3a c\u00f3 h\u00e0ng ng\u00e0n m\u1eabu m\u00e3 v\u1edbi nhi\u1ec1u \u0111\u01a1n v\u1ecb t\u00ednh kh\u00e1c nhau. C\u00e1c s\u1ea3n ph\u1ea9m th\u01b0\u1eddng ph\u00e2n lo\u1ea1i theo \u0111\u1ed9 tu\u1ed5i, ch\u1ea5t li\u1ec7u, h\u00e3ng s\u1ea3n xu\u1ea5t hay nhi\u1ec1u m\u00e0u s\u1eafc, size s\u1ed1. C\u00f3 nhi\u1ec1u nh\u00f3m s\u1ea3n ph\u1ea9m t\u1eeb qu\u1ea7n \u00e1o, t\u00e3, b\u1ec9m \u0111\u1ebfn m\u1eb7t h\u00e0ng s\u1eefa, th\u1ef1c ph\u1ea9m,&#8230; c\u1ea7n qu\u1ea3n l\u00fd theo s\u1ed1 l\u00f4, h\u1ea1n s\u1eed d\u1ee5ng. Qu\u1ea3n l\u00fd h\u00e0ng h\u00f3a kh\u00f4ng t\u1ed1t d\u1eabn \u0111\u1ebfn vi\u1ec7c t\u1ed3n kho nhi\u1ec1u, h\u01b0 h\u1ecfng s\u1ea3n ph\u1ea9m do h\u1ebft HSD, th\u1ea5t tho\u00e1t h\u00e0ng h\u00f3a.<\/div>\n<div class=\"text-item\">Nh\u1ea7m l\u1eabn trong thanh to\u00e1n, kh\u00f3 kh\u0103n trong vi\u1ec7c ki\u1ec3m so\u00e1t doanh thu, chi ph\u00ed hay l\u1ed7 l\u00e3i khi ch\u1ee7 shop kh\u00f4ng c\u00f3 m\u1eb7t t\u1ea1i c\u1eeda h\u00e0ng.<\/div>\n<div class=\"text-item show-min-width-1100\">Nh\u00e2n vi\u00ean kh\u00f4ng n\u1eafm \u0111\u01b0\u1ee3c th\u00f4ng tin h\u00e0ng h\u00f3a, gi\u00e1 b\u00e1n. C\u1eeda h\u00e0ng c\u00f3 nhi\u1ec1u nh\u00e2n vi\u00ean nh\u01b0ng kh\u00f4ng \u0111\u01b0\u1ee3c ph\u00e2n quy\u1ec1n r\u00f5 r\u00e0ng d\u1eabn \u0111\u1ebfn t\u00ecnh tr\u1ea1ng gian l\u1eadn. Kh\u00f4ng ki\u1ec3m so\u00e1t \u0111\u01b0\u1ee3c hi\u1ec7u qu\u1ea3 l\u00e0m vi\u1ec7c c\u1ee7a nh\u00e2n vi\u00ean.<\/div>\n<div class=\"collapse collapseIntroduce\">\n<div class=\"text-item show-max-width-1099\">Nh\u00e2n vi\u00ean kh\u00f4ng n\u1eafm \u0111\u01b0\u1ee3c th\u00f4ng tin h\u00e0ng h\u00f3a, gi\u00e1 b\u00e1n. C\u1eeda h\u00e0ng c\u00f3 nhi\u1ec1u nh\u00e2n vi\u00ean nh\u01b0ng kh\u00f4ng \u0111\u01b0\u1ee3c ph\u00e2n quy\u1ec1n r\u00f5 r\u00e0ng d\u1eabn \u0111\u1ebfn t\u00ecnh tr\u1ea1ng gian l\u1eadn. Kh\u00f4ng ki\u1ec3m so\u00e1t \u0111\u01b0\u1ee3c hi\u1ec7u qu\u1ea3 l\u00e0m vi\u1ec7c c\u1ee7a nh\u00e2n vi\u00ean.<\/div>\n<div class=\"text-item\">Qu\u1ea3n l\u00fd kh\u00e1ch h\u00e0ng b\u1eb1ng ph\u01b0\u01a1ng ph\u00e1p th\u1ee7 c\u00f4ng khi\u1ebfn ch\u1ee7 c\u1eeda h\u00e0ng kh\u00f3 ki\u1ec3m so\u00e1t th\u00f4ng tin, l\u1ecbch s\u1eed mua h\u00e0ng c\u1ee7a kh\u00e1ch \u0111\u1ec3 ph\u00e2n lo\u1ea1i c\u0169ng nh\u01b0 t\u00edch \u0111i\u1ec3m cho kh\u00e1ch h\u00e0ng th\u00e2n thi\u1ebft.<\/div>\n<div class=\"text-item\">Qu\u1ea3n l\u00fd th\u00f4ng tin b\u00e1n h\u00e0ng, th\u00f4ng tin giao h\u00e0ng r\u1eddi r\u1ea1c tr\u00ean nhi\u1ec1u k\u00eanh b\u00e1n h\u00e0ng. Kh\u00f3 kh\u0103n trong vi\u1ec7c k\u1ebft n\u1ed1i v\u1edbi c\u00e1c \u0111\u01a1n v\u1ecb v\u1eadn chuy\u1ec3n uy t\u00edn.<\/div>\n<\/div>\n<div class=\"btn-view-more\"><a id=\"btnViewMore\" data-toggle=\"collapse\" href=\".collapseIntroduce\" aria-expanded=\"false\" aria-controls=\"collapseIntroduce\">Xem th\u00eam<\/a><\/div>\n<\/div>\n<\/div>\n<\/div>\n<\/div>\n<\/div>\n<\/div>\n<\/div>\n<div class=\"management\">\n<div class=\"container\">\n<div class=\"row\">\n<div class=\"col-md-24\">\n<div class=\"title-row\">MSHOPKEEPER \u2013 PH\u1ea6N M\u1ec0M B\u00c1N H\u00c0NG M\u1eb8 V\u00c0 B\u00c9 T\u1ed0T NH\u1ea4T HI\u1ec6N NAY<\/div>\n<\/div>\n<div class=\"col-md-24 no-padding\">\n<div class=\"col-md-24 no-padding box-management box-direction\">\n<div class=\"col-md-12 col-img\">\n<div class=\"img-management\"><img decoding=\"async\" class=\"img-responsive\" src=\"\/v1\/help\/images\/Industry\/Mother\/img_management-1.png\" alt=\"mshopkeeper.vn\"\/><\/div>\n<\/div>\n<div class=\"col-md-12 col-content\">\n<div class=\"content-management\">\n<div class=\"horizontal-line-cut\"><\/div>\n<div class=\"title-item\">QU\u1ea2N L\u00dd T\u1ed2N KHO H\u00c0NG H\u00d3A CH\u00cdNH X\u00c1C, <br \/>TR\u00c1NH TH\u1ea4T THO\u00c1T<\/div>\n<div class=\"content-detail\">\n<div class=\"text-item\">Qu\u1ea3n l\u00fd \u0111\u1ebfn 10.000 m\u1eabu h\u00e0ng h\u00f3a.<\/div>\n<div class=\"text-item\">Th\u1ed1ng k\u00ea chi ti\u1ebft s\u1ed1 l\u01b0\u1ee3ng h\u00e0ng h\u00f3a theo m\u00e0u s\u1eafc, size, gi\u00e1 b\u00e1n, \u0111\u1ed9 tu\u1ed5i hay ch\u1ea5t li\u1ec7u, nh\u00e0 s\u1ea3n xu\u1ea5t, s\u1ed1 l\u00f4, h\u1ea1n s\u1eed d\u1ee5ng c\u1ee7a h\u00e0ng h\u00f3a.<\/div>\n<div class=\"text-item\">D\u1ec5 d\u00e0ng t\u1ea1o tem s\u1ea3n ph\u1ea9m v\u1edbi m\u00e3 SKU hay m\u00e3 v\u1ea1ch \u0111\u1ec3 qu\u1ea3n l\u00fd t\u1ed3n kho ch\u00ednh x\u00e1c.<\/div>\n<div class=\"text-item\">T\u1ef1 \u0111\u1ed9ng c\u1eadp nh\u1eadt tr\u1ea1ng th\u00e1i t\u1ed3n kho tr\u00ean to\u00e0n h\u1ec7 th\u1ed1ng, d\u1ec5 d\u00e0ng xem ki\u1ec3m so\u00e1t m\u1eb7t h\u00e0ng n\u00e0o g\u1ea7n h\u1ebft h\u00e0ng, m\u1eb7t h\u00e0ng n\u00e0o g\u1ea7n h\u1ebft h\u1ea1n s\u1eed d\u1ee5ng hay c\u00f2n t\u1ed3n kho nhi\u1ec1u.<\/div>\n<\/div>\n<\/div>\n<\/div>\n<\/div>\n<div class=\"col-md-24 no-padding box-management\">\n<div class=\"col-md-12 col-img\">\n<div class=\"img-management\"><img decoding=\"async\" class=\"img-responsive\" src=\"\/v1\/help\/images\/Industry\/Mother\/img_management-2.png\" alt=\"mshopkeeper.vn\"\/><\/div>\n<\/div>\n<div class=\"col-md-12 col-content\">\n<div class=\"content-management\">\n<div class=\"horizontal-line-cut\"><\/div>\n<div class=\"title-item\">PH\u00c2N QUY\u1ec0N V\u00c0 QU\u1ea2N L\u00dd NH\u00c2N VI\u00caN HI\u1ec6U QU\u1ea2<\/div>\n<div class=\"content-detail\">\n<div class=\"text-item\">Ph\u00e2n quy\u1ec1n nh\u00e2n vi\u00ean theo vai tr\u00f2 chung nh\u01b0 thu ng\u00e2n, k\u1ebf to\u00e1n, nh\u00e2n vi\u00ean b\u00e1n h\u00e0ng&#8230; v\u00e0 c\u00e1c vai tr\u00f2 chi ti\u1ebft nh\u01b0 quy\u1ec1n s\u1eeda h\u00f3a \u0111\u01a1n, quy\u1ec1n th\u00eam\/s\u1eeda\/x\u00f3a kh\u00e1ch h\u00e0ng hay quy\u1ec1n xem b\u00e1o c\u00e1o n\u00e0y nh\u01b0ng kh\u00f4ng \u0111\u01b0\u1ee3c xem b\u00e1o c\u00e1o kh\u00e1c.<\/div>\n<div class=\"text-item\">D\u1ec5 d\u00e0ng theo d\u00f5i l\u1ecbch s\u1eed ho\u1ea1t \u0111\u1ed9ng c\u1ee7a t\u1eebng nh\u00e2n vi\u00ean.<\/div>\n<div class=\"text-item\">Th\u1ed1ng k\u00ea doanh s\u1ed1 b\u00e1n h\u00e0ng c\u1ee7a t\u1eebng nh\u00e2n vi\u00ean \u0111\u1ec3 \u0111\u00e1nh gi\u00e1 l\u01b0\u01a1ng, th\u01b0\u1edfng ch\u00ednh x\u00e1c.<\/div>\n<\/div>\n<\/div>\n<\/div>\n<\/div>\n<div class=\"col-md-24 no-padding box-management box-direction\">\n<div class=\"col-md-12 col-img\">\n<div class=\"img-management\"><img decoding=\"async\" class=\"img-responsive\" src=\"\/v1\/help\/images\/Industry\/Mother\/img_management-3.png\" alt=\"mshopkeeper.vn\"\/><\/div>\n<\/div>\n<div class=\"col-md-12 col-content\">\n<div class=\"content-management\">\n<div class=\"horizontal-line-cut\"><\/div>\n<div class=\"title-item\">CH\u0102M S\u00d3C V\u00c0 QU\u1ea2N L\u00dd KH\u00c1CH H\u00c0NG CHUY\u00caN NGHI\u1ec6P<\/div>\n<div class=\"content-detail\">\n<div class=\"text-item\">Theo d\u00f5i \u0111\u1ed9 tu\u1ed5i c\u1ee7a c\u00e1c b\u00e9 \u0111\u1ec3 bi\u1ebft nhu c\u1ea7u mua s\u1eafm c\u1ee7a ba m\u1eb9 nh\u1eb1m \u0111\u01b0a ra ch\u01b0\u01a1ng tr\u00ecnh ch\u0103m s\u00f3c kh\u00e1ch h\u00e0ng ph\u00f9 h\u1ee3p.<\/div>\n<div class=\"text-item\">Qu\u1ea3n l\u00fd kh\u00f4ng gi\u1edbi h\u1ea1n s\u1ed1 l\u01b0\u1ee3ng kh\u00e1ch h\u00e0ng theo nh\u1eefng th\u00f4ng tin chi ti\u1ebft nh\u01b0 h\u1ecd t\u00ean, s\u1ed1 \u0111i\u1ec7n tho\u1ea1i, \u0111\u1ecba ch\u1ec9, sinh nh\u1eadt hay l\u1ecbch s\u1eed mua s\u1eafm c\u1ee7a kh\u00e1ch h\u00e0ng.<\/div>\n<div class=\"text-item\">\u1ee8ng d\u1ee5ng qu\u1ea3n l\u00fd th\u1ebb th\u00e0nh vi\u00ean \u0111i\u1ec7n t\u1eed gi\u00fap t\u00edch \u0111i\u1ec3m kh\u00e1ch h\u00e0ng, t\u1ef1 \u0111\u1ed9ng n\u00e2ng\/h\u1ea1 h\u1ea1ng th\u1ebb hay g\u1eedi \u01b0u \u0111\u00e3i mi\u1ec5n ph\u00ed cho kh\u00e1ch h\u00e0ng.<\/div>\n<div class=\"text-item\">Kh\u00e1ch h\u00e0ng c\u00f3 th\u1ec3 ch\u1ee7 \u0111\u1ed9ng xem s\u1ed1 \u0111i\u1ec3m t\u00edch l\u0169y hay quy \u0111\u1ed5i \u0111i\u1ec3m \u0111\u1ec3 thanh to\u00e1n ti\u1ec7n l\u1ee3i.<\/div>\n<\/div>\n<\/div>\n<\/div>\n<\/div>\n<div class=\"col-md-24 no-padding box-management\">\n<div class=\"col-md-12 col-img\">\n<div class=\"img-management\"><img decoding=\"async\" class=\"img-responsive\" src=\"\/v1\/help\/images\/Industry\/Mother\/img_management-4.png\" alt=\"mshopkeeper.vn\"\/><\/div>\n<\/div>\n<div class=\"col-md-12 col-content\">\n<div class=\"content-management\">\n<div class=\"horizontal-line-cut\"><\/div>\n<div class=\"title-item\">D\u1ec4 D\u00c0NG T\u1ea0O V\u00c0 QU\u1ea2N L\u00dd CH\u01af\u01a0NG CH\u00ccNH KHUY\u1ebeN M\u1ea0I<\/div>\n<div class=\"content-detail\">\n<div class=\"text-item\">C\u00f3 th\u1ec3 thi\u1ebft l\u1eadp ho\u1eb7c \u00e1p d\u1ee5ng ch\u01b0\u01a1ng tr\u00ecnh khuy\u1ebfn m\u1ea1i \u0111\u01b0\u1ee3c t\u1ea1o s\u1eb5n tr\u00ean ph\u1ea7n m\u1ec1m nh\u01b0 mua m t\u1eb7ng n, khuy\u1ebfn m\u1ea1i gi\u1edd v\u00e0ng, ng\u00e0y v\u00e0ng, chi\u1ebft kh\u1ea5u theo h\u00f3a \u0111\u01a1n ho\u1eb7c tr\u00ean t\u1eebng s\u1ea3n ph\u1ea9m.<\/div>\n<div class=\"text-item\">T\u1ef1 \u0111\u1ed9ng \u00e1p d\u1ee5ng gi\u00e1 khuy\u1ebfn m\u00e3i khi thanh to\u00e1n cho kh\u00e1ch h\u00e0ng.<\/div>\n<div class=\"text-item\">C\u00f3 th\u1ec3 ch\u1ecdn m\u1eb7t h\u00e0ng, nh\u00f3m h\u00e0ng \u0111\u1ec3 t\u1ed5 ch\u1ee9c khuy\u1ebfn m\u1ea1i linh ho\u1ea1t.<\/div>\n<\/div>\n<\/div>\n<\/div>\n<\/div>\n<div class=\"col-md-24 no-padding box-management box-direction\">\n<div class=\"col-md-12 col-img\">\n<div class=\"img-management\"><img decoding=\"async\" class=\"img-responsive\" src=\"\/v1\/help\/images\/Industry\/Mother\/img_management-5.png\" alt=\"mshopkeeper.vn\"\/><\/div>\n<\/div>\n<div class=\"col-md-12 col-content\">\n<div class=\"content-management\">\n<div class=\"horizontal-line-cut\"><\/div>\n<div class=\"title-item\">D\u1ec4 D\u00c0NG PH\u00c1T TRI\u1ec2N H\u1ec6 TH\u1ed0NG <br \/>B\u00c1N H\u00c0NG ONLINE HI\u1ec6U QU\u1ea2<\/div>\n<div class=\"content-detail\">\n<div class=\"text-item\">Ph\u1ea7n m\u1ec1m b\u00e1n h\u00e0ng MShopKeeper c\u00f3 kh\u1ea3 n\u0103ng k\u1ebft n\u1ed1i v\u1edbi ph\u1ea7n m\u1ec1m b\u00e1n h\u00e0ng \u0111a k\u00eanh OCM gi\u00fap qu\u1ea3n l\u00fd h\u1ee3p nh\u1ea5t c\u00e1c k\u00eanh Facebook, Zalo Shop, Website, Lazada, Shopee, Sendo, c\u1eeda h\u00e0ng&#8230;<\/div>\n<div class=\"text-item\">T\u1ef1 \u0111\u1ed9ng c\u1eadp nh\u1eadt tr\u1ea1ng th\u00e1i t\u1ed3n kho, \u0111\u01a1n h\u00e0ng hay c\u00e1c th\u00f4ng tin h\u00e0ng h\u00f3a, gi\u00e1 b\u00e1n tr\u00ean to\u00e0n h\u1ec7 th\u1ed1ng.<\/div>\n<div class=\"text-item\">K\u1ebft n\u1ed1i nhi\u1ec1u \u0111\u01a1n v\u1ecb v\u1eadn chuy\u1ec3n uy t\u00edn (Viettel Post, VNPost, Giao h\u00e0ng nhanh, Giao h\u00e0ng ti\u1ebft ki\u1ec7m, Ahamove&#8230;), ch\u1ecdn ship gi\u00e1 r\u1ebb nh\u1ea5t, h\u1ed7 tr\u1ee3 ship COD.<\/div>\n<\/div>\n<\/div>\n<\/div>\n<\/div>\n<div class=\"col-md-24 no-padding box-management\">\n<div class=\"col-md-12 col-img\">\n<div class=\"img-management\"><img decoding=\"async\" class=\"img-responsive\" src=\"\/v1\/help\/images\/Industry\/Mother\/img_management-6.png\" alt=\"mshopkeeper.vn\"\/><\/div>\n<\/div>\n<div class=\"col-md-12 col-content\">\n<div class=\"content-management\">\n<div class=\"horizontal-line-cut\"><\/div>\n<div class=\"title-item\">B\u00c1O C\u00c1O B\u00c1N H\u00c0NG CH\u00cdNH X\u00c1C \u0110\u1ebeN <br \/>T\u1eeaNG K\u00caNH, T\u1eeaNG CHI NH\u00c1NH<\/div>\n<div class=\"content-detail\">\n<div class=\"text-item\">H\u1ec7 th\u1ed1ng b\u00e1o c\u00e1o \u0111\u1ea7y \u0111\u1ee7, d\u1ec5 hi\u1ec3u bao qu\u00e1t to\u00e0n b\u1ed9 ho\u1ea1t \u0111\u1ed9ng kinh doanh bao g\u1ed3m: Doanh thu, l\u1ed7 l\u00e3i, t\u1ed3n kho, m\u1eb7t h\u00e0ng b\u00e1n ch\u1ea1y, doanh s\u1ed1 chi ti\u1ebft c\u1ee7a t\u1eebng nh\u00e2n vi\u00ean, t\u1eebng m\u1eb7t h\u00e0ng\/nh\u00f3m h\u00e0ng h\u00f3a&#8230;<\/div>\n<div class=\"text-item\">Qu\u1ea3n l\u00fd chu\u1ed7i c\u1eeda h\u00e0ng nh\u01b0\u1ee3ng quy\u1ec1n, h\u1ec7 th\u1ed1ng \u0111\u1ea1i l\u00fd hay c\u00e1c chi nh\u00e1nh hi\u1ec7u qu\u1ea3 b\u1eb1ng b\u00e1o c\u00e1o b\u00e1n h\u00e0ng chi ti\u1ebft, d\u1ec5 d\u00e0ng so s\u00e1nh hi\u1ec7u qu\u1ea3 kinh doanh c\u1ee7a t\u1eebng c\u1eeda h\u00e0ng hay t\u1eebng k\u00eanh b\u00e1n h\u00e0ng.<\/div>\n<div class=\"text-item\">K\u1ebft n\u1ed1i ph\u1ea7n m\u1ec1m k\u1ebf to\u00e1n, ph\u1ea7n m\u1ec1m qu\u1ea3n tr\u1ecb doanh nghi\u1ec7p gi\u00fap c\u1ea5p qu\u1ea3n l\u00fd d\u1ec5 d\u00e0ng ki\u1ec3m so\u00e1t t\u1ea5t c\u1ea3 v\u1ea5n \u0111\u1ec1 ph\u00e1t sinh t\u1eeb kh\u00e2u \u0111\u1ea7u v\u00e0o, s\u1ea3n xu\u1ea5t \u0111\u1ebfn \u0111\u1ea7u ra, kh\u00e2u b\u00e1n h\u00e0ng.<\/div>\n<\/div>\n<\/div>\n<\/div>\n<\/div>\n<\/div>\n<\/div>\n<\/div>\n<\/div>\n<\/section>\n<link rel=\"stylesheet\" type=\"text\/css\" href=\"\/v1\/help\/css\/bootstrap.css\"\/><link rel=\"stylesheet\" type=\"text\/css\" href=\"\/v1\/help\/css\/industry.css\"\/><script type=\"text\/javascript\" src=\"\/v1\/help\/js\/lib\/bootstrap.js\"><\/script><br \/>\n","protected":false},"excerpt":{"rendered":"<p>GI\u1ea2I QUY\u1ebeT M\u1eccI V\u1ea4N \u0110\u1ec0 KH\u00d3 KH\u0102N KHI KINH DOANH SHOP M\u1eb8 V\u00c0 B\u00c9 H\u00e0ng h\u00f3a c\u00f3 h\u00e0ng ng\u00e0n m\u1eabu m\u00e3 v\u1edbi nhi\u1ec1u \u0111\u01a1n v\u1ecb t\u00ednh kh\u00e1c nhau. C\u00e1c s\u1ea3n ph\u1ea9m th\u01b0\u1eddng ph\u00e2n lo\u1ea1i theo \u0111\u1ed9 tu\u1ed5i, ch\u1ea5t li\u1ec7u, h\u00e3ng s\u1ea3n xu\u1ea5t hay nhi\u1ec1u m\u00e0u s\u1eafc, size s\u1ed1. C\u00f3 nhi\u1ec1u&#8230;<\/p>\n","protected":false},"author":1,"featured_media":0,"parent":0,"menu_order":0,"comment_status":"closed","ping_status":"closed","template":"","meta":{"footnotes":""},"class_list":["post-4499","page","type-page","status-publish","hentry"],"yoast_head":"<!-- This site is optimized with the Yoast SEO plugin v21.7 - https:\/\/yoast.com\/wordpress\/plugins\/seo\/ -->\n<title>M\u1eb9 v\u00e0 b\u00e9 - T\u00e0i li\u1ec7u h\u01b0\u1edbng d\u1eabn MISA eShop Vi\u1ec7t Nam<\/title>\n<meta name=\"robots\" content=\"index, follow, max-snippet:-1, max-image-preview:large, max-video-preview:-1\" \/>\n<link rel=\"canonical\" href=\"http:\/\/eshop.misa.vn\/help\/vi\/me-va-be\" \/>\n<meta property=\"og:locale\" content=\"vi_VN\" \/>\n<meta property=\"og:type\" content=\"article\" \/>\n<meta property=\"og:title\" content=\"M\u1eb9 v\u00e0 b\u00e9 - T\u00e0i li\u1ec7u h\u01b0\u1edbng d\u1eabn MISA eShop Vi\u1ec7t Nam\" \/>\n<meta property=\"og:description\" content=\"GI\u1ea2I QUY\u1ebeT M\u1eccI V\u1ea4N \u0110\u1ec0 KH\u00d3 KH\u0102N KHI KINH DOANH SHOP M\u1eb8 V\u00c0 B\u00c9 H\u00e0ng h\u00f3a c\u00f3 h\u00e0ng ng\u00e0n m\u1eabu m\u00e3 v\u1edbi nhi\u1ec1u \u0111\u01a1n v\u1ecb t\u00ednh kh\u00e1c nhau. C\u00e1c s\u1ea3n ph\u1ea9m th\u01b0\u1eddng ph\u00e2n lo\u1ea1i theo \u0111\u1ed9 tu\u1ed5i, ch\u1ea5t li\u1ec7u, h\u00e3ng s\u1ea3n xu\u1ea5t hay nhi\u1ec1u m\u00e0u s\u1eafc, size s\u1ed1. C\u00f3 nhi\u1ec1u...\" \/>\n<meta property=\"og:url\" content=\"http:\/\/eshop.misa.vn\/help\/vi\/me-va-be\" \/>\n<meta property=\"og:site_name\" content=\"T\u00e0i li\u1ec7u h\u01b0\u1edbng d\u1eabn MISA eShop Vi\u1ec7t Nam\" \/>\n<meta property=\"article:modified_time\" content=\"2020-04-21T15:53:28+00:00\" \/>\n<meta name=\"twitter:card\" content=\"summary_large_image\" \/>\n<meta name=\"twitter:label1\" content=\"Est. reading time\" \/>\n\t<meta name=\"twitter:data1\" content=\"7 ph\u00fat\" \/>\n<script type=\"application\/ld+json\" class=\"yoast-schema-graph\">{\"@context\":\"https:\/\/schema.org\",\"@graph\":[{\"@type\":\"WebPage\",\"@id\":\"http:\/\/eshop.misa.vn\/help\/vi\/me-va-be\",\"url\":\"http:\/\/eshop.misa.vn\/help\/vi\/me-va-be\",\"name\":\"M\u1eb9 v\u00e0 b\u00e9 - T\u00e0i li\u1ec7u h\u01b0\u1edbng d\u1eabn MISA eShop Vi\u1ec7t Nam\",\"isPartOf\":{\"@id\":\"http:\/\/eshop.misa.vn\/help\/vi\/#website\"},\"datePublished\":\"2020-02-25T10:10:36+00:00\",\"dateModified\":\"2020-04-21T15:53:28+00:00\",\"breadcrumb\":{\"@id\":\"http:\/\/eshop.misa.vn\/help\/vi\/me-va-be#breadcrumb\"},\"inLanguage\":\"vi\",\"potentialAction\":[{\"@type\":\"ReadAction\",\"target\":[\"http:\/\/eshop.misa.vn\/help\/vi\/me-va-be\"]}]},{\"@type\":\"BreadcrumbList\",\"@id\":\"http:\/\/eshop.misa.vn\/help\/vi\/me-va-be#breadcrumb\",\"itemListElement\":[{\"@type\":\"ListItem\",\"position\":1,\"name\":\"Home\",\"item\":\"http:\/\/eshop.misa.vn\/help\/vi\"},{\"@type\":\"ListItem\",\"position\":2,\"name\":\"M\u1eb9 v\u00e0 b\u00e9\"}]},{\"@type\":\"WebSite\",\"@id\":\"http:\/\/eshop.misa.vn\/help\/vi\/#website\",\"url\":\"http:\/\/eshop.misa.vn\/help\/vi\/\",\"name\":\"T\u00e0i li\u1ec7u h\u01b0\u1edbng d\u1eabn MISA eShop Vi\u1ec7t Nam\",\"description\":\"\",\"potentialAction\":[{\"@type\":\"SearchAction\",\"target\":{\"@type\":\"EntryPoint\",\"urlTemplate\":\"http:\/\/eshop.misa.vn\/help\/vi\/?s={search_term_string}\"},\"query-input\":\"required name=search_term_string\"}],\"inLanguage\":\"vi\"}]}<\/script>\n<!-- \/ Yoast SEO plugin. -->","yoast_head_json":{"title":"M\u1eb9 v\u00e0 b\u00e9 - T\u00e0i li\u1ec7u h\u01b0\u1edbng d\u1eabn MISA eShop Vi\u1ec7t Nam","robots":{"index":"index","follow":"follow","max-snippet":"max-snippet:-1","max-image-preview":"max-image-preview:large","max-video-preview":"max-video-preview:-1"},"canonical":"http:\/\/eshop.misa.vn\/help\/vi\/me-va-be","og_locale":"vi_VN","og_type":"article","og_title":"M\u1eb9 v\u00e0 b\u00e9 - T\u00e0i li\u1ec7u h\u01b0\u1edbng d\u1eabn MISA eShop Vi\u1ec7t Nam","og_description":"GI\u1ea2I QUY\u1ebeT M\u1eccI V\u1ea4N \u0110\u1ec0 KH\u00d3 KH\u0102N KHI KINH DOANH SHOP M\u1eb8 V\u00c0 B\u00c9 H\u00e0ng h\u00f3a c\u00f3 h\u00e0ng ng\u00e0n m\u1eabu m\u00e3 v\u1edbi nhi\u1ec1u \u0111\u01a1n v\u1ecb t\u00ednh kh\u00e1c nhau. C\u00e1c s\u1ea3n ph\u1ea9m th\u01b0\u1eddng ph\u00e2n lo\u1ea1i theo \u0111\u1ed9 tu\u1ed5i, ch\u1ea5t li\u1ec7u, h\u00e3ng s\u1ea3n xu\u1ea5t hay nhi\u1ec1u m\u00e0u s\u1eafc, size s\u1ed1. C\u00f3 nhi\u1ec1u...","og_url":"http:\/\/eshop.misa.vn\/help\/vi\/me-va-be","og_site_name":"T\u00e0i li\u1ec7u h\u01b0\u1edbng d\u1eabn MISA eShop Vi\u1ec7t Nam","article_modified_time":"2020-04-21T15:53:28+00:00","twitter_card":"summary_large_image","twitter_misc":{"Est. reading time":"7 ph\u00fat"},"schema":{"@context":"https:\/\/schema.org","@graph":[{"@type":"WebPage","@id":"http:\/\/eshop.misa.vn\/help\/vi\/me-va-be","url":"http:\/\/eshop.misa.vn\/help\/vi\/me-va-be","name":"M\u1eb9 v\u00e0 b\u00e9 - T\u00e0i li\u1ec7u h\u01b0\u1edbng d\u1eabn MISA eShop Vi\u1ec7t Nam","isPartOf":{"@id":"http:\/\/eshop.misa.vn\/help\/vi\/#website"},"datePublished":"2020-02-25T10:10:36+00:00","dateModified":"2020-04-21T15:53:28+00:00","breadcrumb":{"@id":"http:\/\/eshop.misa.vn\/help\/vi\/me-va-be#breadcrumb"},"inLanguage":"vi","potentialAction":[{"@type":"ReadAction","target":["http:\/\/eshop.misa.vn\/help\/vi\/me-va-be"]}]},{"@type":"BreadcrumbList","@id":"http:\/\/eshop.misa.vn\/help\/vi\/me-va-be#breadcrumb","itemListElement":[{"@type":"ListItem","position":1,"name":"Home","item":"http:\/\/eshop.misa.vn\/help\/vi"},{"@type":"ListItem","position":2,"name":"M\u1eb9 v\u00e0 b\u00e9"}]},{"@type":"WebSite","@id":"http:\/\/eshop.misa.vn\/help\/vi\/#website","url":"http:\/\/eshop.misa.vn\/help\/vi\/","name":"T\u00e0i li\u1ec7u h\u01b0\u1edbng d\u1eabn MISA eShop Vi\u1ec7t Nam","description":"","potentialAction":[{"@type":"SearchAction","target":{"@type":"EntryPoint","urlTemplate":"http:\/\/eshop.misa.vn\/help\/vi\/?s={search_term_string}"},"query-input":"required name=search_term_string"}],"inLanguage":"vi"}]}},"_links":{"self":[{"href":"\/v1\/wp-json\/wp\/v2\/pages\/4499","targetHints":{"allow":["GET"]}}],"collection":[{"href":"\/v1\/wp-json\/wp\/v2\/pages"}],"about":[{"href":"\/v1\/wp-json\/wp\/v2\/types\/page"}],"author":[{"embeddable":true,"href":"\/v1\/wp-json\/wp\/v2\/users\/1"}],"replies":[{"embeddable":true,"href":"\/v1\/wp-json\/wp\/v2\/comments?post=4499"}],"version-history":[{"count":5,"href":"\/v1\/wp-json\/wp\/v2\/pages\/4499\/revisions"}],"predecessor-version":[{"id":5531,"href":"\/v1\/wp-json\/wp\/v2\/pages\/4499\/revisions\/5531"}],"wp:attachment":[{"href":"\/v1\/wp-json\/wp\/v2\/media?parent=4499"}],"curies":[{"name":"wp","href":"https:\/\/api.w.org\/{rel}","templated":true}]}}