{"id":4497,"date":"2020-02-25T17:07:44","date_gmt":"2020-02-25T10:07:44","guid":{"rendered":"http:\/\/helpvn.mshopkeeper.misa.local\/vi\/?page_id=4497"},"modified":"2020-04-21T21:10:03","modified_gmt":"2020-04-21T14:10:03","slug":"my-pham","status":"publish","type":"page","link":"\/v1\/my-pham","title":{"rendered":"M\u1ef9 ph\u1ea9m"},"content":{"rendered":"<section class=\"industry cosmetic-page\">\n<div class=\"introduce\">\n<div class=\"container\">\n<div class=\"row\">\n<div class=\"col-md-24 no-padding\">\n<div class=\"col-md-12\">\n<div class=\"image-introduce\"><img decoding=\"async\" class=\"img-responsive\" src=\"\/v1\/help\/images\/Industry\/img_introduce.jpg\" alt=\"mshopkeeper.vn\"\/><\/div>\n<\/div>\n<div class=\"col-md-12\">\n<div class=\"content-introduce\">\n<div class=\"title-item\">GI\u1ea2I PH\u00c1P KH\u1eaeC PH\u1ee4C M\u1eccI KH\u00d3 KH\u0102N <br \/>C\u1eecA H\u00c0NG M\u1ef8 PH\u1ea8M TH\u01af\u1edcNG G\u1eb6P<\/div>\n<div class=\"content-detail\">\n<div class=\"text-item\">Qu\u1ea3n l\u00fd\/ch\u1ee7 c\u1eeda h\u00e0ng m\u1ef9 ph\u1ea9m g\u1eb7p kh\u00f3 kh\u0103n trong vi\u1ec7c th\u1ed1ng k\u00ea doanh thu, l\u1ed7 l\u00e3i, kh\u00f4ng ki\u1ec3m so\u00e1t \u0111\u01b0\u1ee3c doanh s\u1ed1 c\u1ee7a t\u1eebng m\u1eb7t h\u00e0ng hay combo s\u1ea3n ph\u1ea9m. Kh\u00f4ng bi\u1ebft \u0111\u01b0\u1ee3c \u0111\u01b0\u1ee3c t\u00ecnh h\u00ecnh thu chi, t\u1ed3n kho khi kh\u00f4ng c\u00f3 m\u1eb7t t\u1ea1i c\u1eeda h\u00e0ng.<\/div>\n<div class=\"text-item\">Nh\u00e2n vi\u00ean b\u00e1n h\u00e0ng kh\u00f4ng n\u1eafm \u0111\u01b0\u1ee3c c\u00e1c th\u00f4ng tin v\u1ec1 s\u1ea3n ph\u1ea9m (c\u00f4ng d\u1ee5ng, m\u00e0u, m\u00f9i hay k\u00edch c\u1ee1 c\u1ee7a t\u1eebng m\u1eb7t h\u00e0ng), gi\u00e1 b\u00e1n d\u1eabn \u0111\u1ebfn vi\u1ec7c t\u01b0 v\u1ea5n sai hay b\u00e1o gi\u00e1 nh\u1ea7m cho kh\u00e1ch. T\u00ecnh tr\u1ea1ng gian l\u1eadn v\u1eabn x\u1ea3y ra do nh\u00e2n vi\u00ean kh\u00f4ng \u0111\u01b0\u1ee3c ph\u00e2n quy\u1ec1n v\u00e0 ch\u1ec9 \u0111\u1ecbnh vai tr\u00f2.<\/div>\n<div class=\"collapse collapseIntroduce\">\n<div class=\"text-item\">H\u00e0ng h\u00f3a h\u1ebft h\u1ea1n s\u1eed d\u1ee5ng kh\u00f4ng bi\u1ebft. Kh\u00f4ng n\u1eafm \u0111\u01b0\u1ee3c th\u00f4ng tin m\u1eb7t h\u00e0ng n\u00e0o c\u00f2n nhi\u1ec1u nhi\u1ec1u, m\u1eb7t h\u00e0ng n\u00e0o g\u1ea7n h\u1ebft d\u1eabn \u0111\u1ebfn t\u00ecnh tr\u1ea1ng t\u1ed3n kho nhi\u1ec1u, ch\u1eadm thu h\u1ed3i v\u1ed1n ho\u1eb7c s\u1ea3n ph\u1ea9m b\u1ecb h\u01b0 h\u1ecfng g\u00e2y l\u00e3ng ph\u00ed, th\u00e2m h\u1ee5t v\u1ed1n.<\/div>\n<div class=\"text-item\">Qu\u1ea3n l\u00fd kh\u00e1ch h\u00e0ng b\u1eb1ng ph\u01b0\u01a1ng ph\u00e1p th\u1ee7 c\u00f4ng khi\u1ebfn ch\u1ee7 c\u1eeda h\u00e0ng kh\u00f3 ki\u1ec3m so\u00e1t th\u00f4ng tin, l\u1ecbch s\u1eed mua h\u00e0ng c\u1ee7a kh\u00e1ch \u0111\u1ec3 ph\u00e2n lo\u1ea1i c\u0169ng nh\u01b0 t\u00edch \u0111i\u1ec3m cho kh\u00e1ch h\u00e0ng th\u00e2n thi\u1ebft hay th\u00f4ng b\u00e1o ch\u01b0\u01a1ng tr\u00ecnh khuy\u1ebfn m\u1ea1i.<\/div>\n<div class=\"text-item\">Qu\u1ea3n l\u00fd th\u00f4ng tin b\u00e1n h\u00e0ng, th\u00f4ng tin giao h\u00e0ng r\u1eddi r\u1ea1c tr\u00ean nhi\u1ec1u k\u00eanh b\u00e1n h\u00e0ng. Kh\u00f3 kh\u0103n trong vi\u1ec7c k\u1ebft n\u1ed1i v\u1edbi c\u00e1c \u0111\u01a1n v\u1ecb v\u1eadn chuy\u1ec3n uy t\u00edn.<\/div>\n<\/div>\n<div class=\"btn-view-more\"><a id=\"btnViewMore\" data-toggle=\"collapse\" href=\".collapseIntroduce\" aria-expanded=\"false\" aria-controls=\"collapseIntroduce\">Xem th\u00eam<\/a><\/div>\n<\/div>\n<\/div>\n<\/div>\n<\/div>\n<\/div>\n<\/div>\n<\/div>\n<div class=\"management\">\n<div class=\"container\">\n<div class=\"row\">\n<div class=\"col-md-24\">\n<div class=\"title-row\">MSHOPKEEPER \u2013 PH\u1ea6N M\u1ec0M QU\u1ea2N L\u00dd B\u00c1N H\u00c0NG M\u1ef8 PH\u1ea8M C\u00d3 NHI\u1ec0U \u01afU VI\u1ec6T<\/div>\n<\/div>\n<div class=\"col-md-24 no-padding\">\n<div class=\"col-md-24 no-padding box-management box-direction\">\n<div class=\"col-md-12 col-img\">\n<div class=\"img-management\"><img decoding=\"async\" class=\"img-responsive\" src=\"\/v1\/help\/images\/Industry\/Cosmetic\/img_management-1.png\" alt=\"mshopkeeper.vn\"\/><\/div>\n<\/div>\n<div class=\"col-md-12 col-content\">\n<div class=\"content-management\">\n<div class=\"horizontal-line-cut\"><\/div>\n<div class=\"title-item\">QU\u1ea2N L\u00dd T\u1ed2N KHO H\u00c0NG H\u00d3A CH\u00cdNH X\u00c1C, <br \/>TR\u00c1NH TH\u1ea4T THO\u00c1T<\/div>\n<div class=\"content-detail\">\n<div class=\"text-item\">Qu\u1ea3n l\u00fd h\u00e0ng h\u00f3a theo m\u00e3 v\u1ea1ch \u0111\u1ebfn 10.000 m\u1eabu s\u1ea3n ph\u1ea9m.<\/div>\n<div class=\"text-item\">Th\u1ed1ng k\u00ea chi ti\u1ebft s\u1ed1 l\u01b0\u1ee3ng h\u00e0ng h\u00f3a theo t\u1eebng m\u1eb7t h\u00e0ng, combo s\u1ea3n ph\u1ea9m, m\u00e0u, m\u00f9i, size, gi\u00e1 b\u00e1n, qu\u1ea3n l\u00fd s\u1ed1 l\u00f4, h\u1ea1n s\u1eed d\u1ee5ng, th\u01b0\u01a1ng hi\u1ec7u&#8230;<\/div>\n<div class=\"text-item\">T\u1ef1 \u0111\u1ed9ng c\u1eadp nh\u1eadt tr\u1ea1ng th\u00e1i t\u1ed3n kho tr\u00ean to\u00e0n h\u1ec7 th\u1ed1ng c\u1eeda h\u00e0ng v\u00e0 c\u00e1c k\u00eanh b\u00e1n h\u00e0ng.<\/div>\n<div class=\"text-item\">H\u1ec7 th\u1ed1ng b\u00e1o c\u00e1o v\u1ec1 t\u1ed3n kho, h\u00e0ng h\u00f3a th\u00f4ng minh: th\u1ed1ng k\u00ea \u0111\u01b0\u1ee3c doanh thu c\u1ee7a t\u1eebng m\u1eb7t h\u00e0ng, t\u1eebng combo, \u0111\u1eb7c bi\u1ec7t c\u00f3 th\u00f4ng tin ki\u1ec3m so\u00e1t ng\u00e0y c\u1eadn date.<\/div>\n<\/div>\n<\/div>\n<\/div>\n<\/div>\n<div class=\"col-md-24 no-padding box-management\">\n<div class=\"col-md-12 col-img\">\n<div class=\"img-management\"><img decoding=\"async\" class=\"img-responsive\" src=\"\/v1\/help\/images\/Industry\/Cosmetic\/img_management-2.png\" alt=\"mshopkeeper.vn\"\/><\/div>\n<\/div>\n<div class=\"col-md-12 col-content\">\n<div class=\"content-management\">\n<div class=\"horizontal-line-cut\"><\/div>\n<div class=\"title-item\">PH\u00c2N QUY\u1ec0N V\u00c0 QU\u1ea2N L\u00dd NH\u00c2N VI\u00caN HI\u1ec6U QU\u1ea2<\/div>\n<div class=\"content-detail\">\n<div class=\"text-item\">Ph\u00e2n quy\u1ec1n nh\u00e2n vi\u00ean theo vai tr\u00f2 chung nh\u01b0 thu ng\u00e2n, k\u1ebf to\u00e1n, nh\u00e2n vi\u00ean b\u00e1n h\u00e0ng &#8230; v\u00e0 c\u00e1c vai tr\u00f2 chi ti\u1ebft nh\u01b0 quy\u1ec1n s\u1eeda h\u00f3a \u0111\u01a1n, quy\u1ec1n th\u00eam\/s\u1eeda\/x\u00f3a kh\u00e1ch h\u00e0ng hay quy\u1ec1n xem b\u00e1o c\u00e1o n\u00e0y nh\u01b0ng kh\u00f4ng \u0111\u01b0\u1ee3c xem b\u00e1o c\u00e1o kh\u00e1c.<\/div>\n<div class=\"text-item\">D\u1ec5 d\u00e0ng theo d\u00f5i l\u1ecbch s\u1eed ho\u1ea1t \u0111\u1ed9ng c\u1ee7a t\u1eebng nh\u00e2n vi\u00ean.<\/div>\n<div class=\"text-item\">Th\u1ed1ng k\u00ea doanh s\u1ed1 b\u00e1n h\u00e0ng c\u1ee7a t\u1eebng nh\u00e2n vi\u00ean \u0111\u1ec3 \u0111\u00e1nh gi\u00e1 l\u01b0\u01a1ng, th\u01b0\u1edfng ch\u00ednh x\u00e1c.<\/div>\n<\/div>\n<\/div>\n<\/div>\n<\/div>\n<div class=\"col-md-24 no-padding box-management box-direction\">\n<div class=\"col-md-12 col-img\">\n<div class=\"img-management\"><img decoding=\"async\" class=\"img-responsive\" src=\"\/v1\/help\/images\/Industry\/Cosmetic\/img_management-3.png\" alt=\"mshopkeeper.vn\"\/><\/div>\n<\/div>\n<div class=\"col-md-12 col-content\">\n<div class=\"content-management\">\n<div class=\"horizontal-line-cut\"><\/div>\n<div class=\"title-item\">B\u00c1N H\u00c0NG HI\u1ec6U QU\u1ea2 T\u1ea0I C\u1eecA H\u00c0NG<\/div>\n<div class=\"content-detail\">\n<div class=\"text-item\">Ph\u1ea7n m\u1ec1m b\u00e1n h\u00e0ng m\u1ef9 ph\u1ea9m gi\u00fap t\u00ednh ti\u1ec1n nhanh b\u1eb1ng thi\u1ebft b\u1ecb qu\u00e9t m\u00e3 v\u1ea1ch ch\u00ednh x\u00e1c.<\/div>\n<div class=\"text-item\">Nh\u00e2n vi\u00ean d\u1ec5 d\u00e0ng tra c\u1ee9u s\u1ea3n ph\u1ea9m theo th\u1ebb tag hay tra c\u1ee9u th\u00f4ng tin h\u00e0ng h\u00f3a ngay tr\u00ean \u0111i\u1ec7n tho\u1ea1i.<\/div>\n<div class=\"text-item\">T\u1ef1 \u0111\u1ed9ng \u00e1p d\u1ee5ng c\u00e1c ch\u01b0\u01a1ng tr\u00ecnh \u01b0u \u0111\u00e3i trong th\u1eddi gian tri\u1ec3n khai khuy\u1ebfn m\u00e3i (t\u1eb7ng h\u00e0ng, gi\u1ea3m gi\u00e1 h\u00e0ng h\u00f3a, \u0111\u1ed3ng gi\u00e1, mua nhi\u1ec1u gi\u1ea3m nhi\u1ec1u&#8230;).<\/div>\n<\/div>\n<\/div>\n<\/div>\n<\/div>\n<div class=\"col-md-24 no-padding box-management\">\n<div class=\"col-md-12 col-img\">\n<div class=\"img-management\"><img decoding=\"async\" class=\"img-responsive\" src=\"\/v1\/help\/images\/Industry\/Cosmetic\/img_management-4.png\" alt=\"mshopkeeper.vn\"\/><\/div>\n<\/div>\n<div class=\"col-md-12 col-content\">\n<div class=\"content-management\">\n<div class=\"horizontal-line-cut\"><\/div>\n<div class=\"title-item\">CH\u0102M S\u00d3C KH\u00c1CH H\u00c0NG V\u00c0 <br \/>QU\u1ea2N L\u00dd KH\u00c1CH H\u00c0NG CHUY\u00caN NGHI\u1ec6P<\/div>\n<div class=\"content-detail\">\n<div class=\"text-item\">Qu\u1ea3n l\u00fd kh\u00f4ng gi\u1edbi h\u1ea1n s\u1ed1 l\u01b0\u1ee3ng kh\u00e1ch h\u00e0ng theo nh\u1eefng th\u00f4ng tin chi ti\u1ebft nh\u01b0 h\u1ecd t\u00ean, s\u1ed1 \u0111i\u1ec7n tho\u1ea1i, \u0111\u1ecba ch\u1ec9, sinh nh\u1eadt hay l\u1ecbch s\u1eed mua s\u1eafm c\u1ee7a kh\u00e1ch h\u00e0ng.<\/div>\n<div class=\"text-item\">\u1ee8ng d\u1ee5ng qu\u1ea3n l\u00fd th\u1ebb th\u00e0nh vi\u00ean \u0111i\u1ec7n t\u1eed gi\u00fap t\u00edch \u0111i\u1ec3m kh\u00e1ch h\u00e0ng, t\u1ef1 \u0111\u1ed9ng n\u00e2ng\/h\u1ea1 h\u1ea1ng th\u1ebb hay g\u1eedi \u01b0u \u0111\u00e3i mi\u1ec5n ph\u00ed cho kh\u00e1ch h\u00e0ng.<\/div>\n<div class=\"text-item\">Kh\u00e1ch h\u00e0ng c\u00f3 th\u1ec3 ch\u1ee7 \u0111\u1ed9ng xem s\u1ed1 \u0111i\u1ec3m t\u00edch l\u0169y hay quy \u0111\u1ed5i \u0111i\u1ec3m \u0111\u1ec3 thanh to\u00e1n ti\u1ec7n l\u1ee3i.<\/div>\n<\/div>\n<\/div>\n<\/div>\n<\/div>\n<div class=\"col-md-24 no-padding box-management box-direction\">\n<div class=\"col-md-12 col-img\">\n<div class=\"img-management\"><img decoding=\"async\" class=\"img-responsive\" src=\"\/v1\/help\/images\/Industry\/Cosmetic\/img_management-5.png\" alt=\"mshopkeeper.vn\"\/><\/div>\n<\/div>\n<div class=\"col-md-12 col-content\">\n<div class=\"content-management\">\n<div class=\"horizontal-line-cut\"><\/div>\n<div class=\"title-item\">QU\u1ea2N L\u00dd D\u1eee LI\u1ec6U T\u1eacP CHUNG T\u1eea C\u1eecA H\u00c0NG \u0110\u1ebeN <br \/>C\u00c1C K\u00caNH B\u00c1N H\u00c0NG ONLINE<\/div>\n<div class=\"content-detail\">\n<div class=\"text-item\">Ph\u1ea7n m\u1ec1m b\u00e1n h\u00e0ng MShopKeeper c\u00f3 kh\u1ea3 n\u0103ng k\u1ebft n\u1ed1i v\u1edbi ph\u1ea7n m\u1ec1m b\u00e1n h\u00e0ng \u0111a k\u00eanh OCM gi\u00fap qu\u1ea3n l\u00fd h\u1ee3p nh\u1ea5t c\u00e1c k\u00eanh Facebook, Zalo Shop, Website, Lazada, Shopee, Sendo, c\u1eeda h\u00e0ng&#8230;<\/div>\n<div class=\"text-item\">T\u1ef1 \u0111\u1ed9ng c\u1eadp nh\u1eadt tr\u1ea1ng th\u00e1i t\u1ed3n kho, \u0111\u01a1n h\u00e0ng hay c\u00e1c th\u00f4ng tin h\u00e0ng h\u00f3a, gi\u00e1 b\u00e1n tr\u00ean to\u00e0n h\u1ec7 th\u1ed1ng.<\/div>\n<div class=\"text-item\">K\u1ebft n\u1ed1i nhi\u1ec1u \u0111\u01a1n v\u1ecb v\u1eadn chuy\u1ec3n uy t\u00edn (Viettel Post, VNPost, Giao h\u00e0ng nhanh, Giao h\u00e0ng ti\u1ebft ki\u1ec7m, Ahamove&#8230;), ch\u1ecdn ship gi\u00e1 r\u1ebb nh\u1ea5t, h\u1ed7 tr\u1ee3 ship COD.<\/div>\n<\/div>\n<\/div>\n<\/div>\n<\/div>\n<div class=\"col-md-24 no-padding box-management\">\n<div class=\"col-md-12 col-img\">\n<div class=\"img-management\"><img decoding=\"async\" class=\"img-responsive\" src=\"\/v1\/help\/images\/Industry\/Cosmetic\/img_management-6.png\" alt=\"mshopkeeper.vn\"\/><\/div>\n<\/div>\n<div class=\"col-md-12 col-content\">\n<div class=\"content-management\">\n<div class=\"horizontal-line-cut\"><\/div>\n<div class=\"title-item\">B\u00c1O C\u00c1O B\u00c1N H\u00c0NG TH\u00d4NG MINH <br \/>T\u1eea T\u1ed4NG QUAN \u0110\u1ebeN CHI TI\u1ebeT<\/div>\n<div class=\"content-detail\">\n<div class=\"text-item\">H\u1ec7 th\u1ed1ng b\u00e1o c\u00e1o \u0111\u1ea7y \u0111\u1ee7, d\u1ec5 hi\u1ec3u bao qu\u00e1t to\u00e0n b\u1ed9 ho\u1ea1t \u0111\u1ed9ng kinh doanh bao g\u1ed3m: Doanh thu, l\u1ed7 l\u00e3i, t\u1ed3n kho, m\u1eb7t h\u00e0ng\/combo b\u00e1n ch\u1ea1y, qu\u1ea3n l\u00fd c\u00f4ng n\u1ee3 nh\u00e0 cung c\u1ea5p, c\u00f4ng n\u1ee3 kh\u00e1ch h\u00e0ng.<\/div>\n<div class=\"text-item\">.Qu\u1ea3n l\u00fd chu\u1ed7i c\u1eeda h\u00e0ng nh\u01b0\u1ee3ng quy\u1ec1n, h\u1ec7 th\u1ed1ng \u0111\u1ea1i l\u00fd hay c\u00e1c chi nh\u00e1nh hi\u1ec7u qu\u1ea3 b\u1eb1ng h\u1ec7 th\u1ed1ng b\u00e1o c\u00e1o chi ti\u1ebft, d\u1ec5 d\u00e0ng so s\u00e1nh hi\u1ec7u qu\u1ea3 kinh doanh c\u1ee7a t\u1eebng chi nh\u00e1nh, t\u1eebng k\u00eanh b\u00e1n h\u00e0ng.<\/div>\n<div class=\"text-item\">K\u1ebft n\u1ed1i ph\u1ea7n m\u1ec1m k\u1ebf to\u00e1n, ph\u1ea7n m\u1ec1m qu\u1ea3n tr\u1ecb doanh nghi\u1ec7p gi\u00fap c\u1ea5p qu\u1ea3n l\u00fd d\u1ec5 d\u00e0ng ki\u1ec3m so\u00e1t t\u1ea5t c\u1ea3 v\u1ea5n \u0111\u1ec1 ph\u00e1t sinh t\u1eeb qu\u1ea3n l\u00fd nh\u00e0 cung c\u1ea5p, kh\u00e2u nh\u1eadp h\u00e0ng \u0111\u1ebfn khi b\u00e1n h\u00e0ng, ch\u0103m s\u00f3c kh\u00e1ch h\u00e0ng.<\/div>\n<\/div>\n<\/div>\n<\/div>\n<\/div>\n<\/div>\n<\/div>\n<\/div>\n<\/div>\n<\/section>\n<link rel=\"stylesheet\" type=\"text\/css\" href=\"\/v1\/help\/css\/bootstrap.css\"\/><link rel=\"stylesheet\" type=\"text\/css\" href=\"\/v1\/help\/css\/industry.css\"\/><script type=\"text\/javascript\" src=\"\/v1\/help\/js\/lib\/bootstrap.js\"><\/script><br \/>\n","protected":false},"excerpt":{"rendered":"<p>GI\u1ea2I PH\u00c1P KH\u1eaeC PH\u1ee4C M\u1eccI KH\u00d3 KH\u0102N C\u1eecA H\u00c0NG M\u1ef8 PH\u1ea8M TH\u01af\u1edcNG G\u1eb6P Qu\u1ea3n l\u00fd\/ch\u1ee7 c\u1eeda h\u00e0ng m\u1ef9 ph\u1ea9m g\u1eb7p kh\u00f3 kh\u0103n trong vi\u1ec7c th\u1ed1ng k\u00ea doanh thu, l\u1ed7 l\u00e3i, kh\u00f4ng ki\u1ec3m so\u00e1t \u0111\u01b0\u1ee3c doanh s\u1ed1 c\u1ee7a t\u1eebng m\u1eb7t h\u00e0ng hay combo s\u1ea3n ph\u1ea9m. Kh\u00f4ng bi\u1ebft \u0111\u01b0\u1ee3c \u0111\u01b0\u1ee3c t\u00ecnh h\u00ecnh&#8230;<\/p>\n","protected":false},"author":1,"featured_media":0,"parent":0,"menu_order":0,"comment_status":"closed","ping_status":"closed","template":"","meta":{"footnotes":""},"class_list":["post-4497","page","type-page","status-publish","hentry"],"yoast_head":"<!-- This site is optimized with the Yoast SEO plugin v21.7 - https:\/\/yoast.com\/wordpress\/plugins\/seo\/ -->\n<title>M\u1ef9 ph\u1ea9m - T\u00e0i li\u1ec7u h\u01b0\u1edbng d\u1eabn MISA eShop Vi\u1ec7t Nam<\/title>\n<meta name=\"robots\" content=\"index, follow, max-snippet:-1, max-image-preview:large, max-video-preview:-1\" \/>\n<link rel=\"canonical\" href=\"http:\/\/eshop.misa.vn\/help\/vi\/my-pham\" \/>\n<meta property=\"og:locale\" content=\"vi_VN\" \/>\n<meta property=\"og:type\" content=\"article\" \/>\n<meta property=\"og:title\" content=\"M\u1ef9 ph\u1ea9m - T\u00e0i li\u1ec7u h\u01b0\u1edbng d\u1eabn MISA eShop Vi\u1ec7t Nam\" \/>\n<meta property=\"og:description\" content=\"GI\u1ea2I PH\u00c1P KH\u1eaeC PH\u1ee4C M\u1eccI KH\u00d3 KH\u0102N C\u1eecA H\u00c0NG M\u1ef8 PH\u1ea8M TH\u01af\u1edcNG G\u1eb6P Qu\u1ea3n l\u00fd\/ch\u1ee7 c\u1eeda h\u00e0ng m\u1ef9 ph\u1ea9m g\u1eb7p kh\u00f3 kh\u0103n trong vi\u1ec7c th\u1ed1ng k\u00ea doanh thu, l\u1ed7 l\u00e3i, kh\u00f4ng ki\u1ec3m so\u00e1t \u0111\u01b0\u1ee3c doanh s\u1ed1 c\u1ee7a t\u1eebng m\u1eb7t h\u00e0ng hay combo s\u1ea3n ph\u1ea9m. Kh\u00f4ng bi\u1ebft \u0111\u01b0\u1ee3c \u0111\u01b0\u1ee3c t\u00ecnh h\u00ecnh...\" \/>\n<meta property=\"og:url\" content=\"http:\/\/eshop.misa.vn\/help\/vi\/my-pham\" \/>\n<meta property=\"og:site_name\" content=\"T\u00e0i li\u1ec7u h\u01b0\u1edbng d\u1eabn MISA eShop Vi\u1ec7t Nam\" \/>\n<meta property=\"article:modified_time\" content=\"2020-04-21T14:10:03+00:00\" \/>\n<meta name=\"twitter:card\" content=\"summary_large_image\" \/>\n<meta name=\"twitter:label1\" content=\"Est. reading time\" \/>\n\t<meta name=\"twitter:data1\" content=\"7 ph\u00fat\" \/>\n<script type=\"application\/ld+json\" class=\"yoast-schema-graph\">{\"@context\":\"https:\/\/schema.org\",\"@graph\":[{\"@type\":\"WebPage\",\"@id\":\"http:\/\/eshop.misa.vn\/help\/vi\/my-pham\",\"url\":\"http:\/\/eshop.misa.vn\/help\/vi\/my-pham\",\"name\":\"M\u1ef9 ph\u1ea9m - T\u00e0i li\u1ec7u h\u01b0\u1edbng d\u1eabn MISA eShop Vi\u1ec7t Nam\",\"isPartOf\":{\"@id\":\"http:\/\/eshop.misa.vn\/help\/vi\/#website\"},\"datePublished\":\"2020-02-25T10:07:44+00:00\",\"dateModified\":\"2020-04-21T14:10:03+00:00\",\"breadcrumb\":{\"@id\":\"http:\/\/eshop.misa.vn\/help\/vi\/my-pham#breadcrumb\"},\"inLanguage\":\"vi\",\"potentialAction\":[{\"@type\":\"ReadAction\",\"target\":[\"http:\/\/eshop.misa.vn\/help\/vi\/my-pham\"]}]},{\"@type\":\"BreadcrumbList\",\"@id\":\"http:\/\/eshop.misa.vn\/help\/vi\/my-pham#breadcrumb\",\"itemListElement\":[{\"@type\":\"ListItem\",\"position\":1,\"name\":\"Home\",\"item\":\"http:\/\/eshop.misa.vn\/help\/vi\"},{\"@type\":\"ListItem\",\"position\":2,\"name\":\"M\u1ef9 ph\u1ea9m\"}]},{\"@type\":\"WebSite\",\"@id\":\"http:\/\/eshop.misa.vn\/help\/vi\/#website\",\"url\":\"http:\/\/eshop.misa.vn\/help\/vi\/\",\"name\":\"T\u00e0i li\u1ec7u h\u01b0\u1edbng d\u1eabn MISA eShop Vi\u1ec7t Nam\",\"description\":\"\",\"potentialAction\":[{\"@type\":\"SearchAction\",\"target\":{\"@type\":\"EntryPoint\",\"urlTemplate\":\"http:\/\/eshop.misa.vn\/help\/vi\/?s={search_term_string}\"},\"query-input\":\"required name=search_term_string\"}],\"inLanguage\":\"vi\"}]}<\/script>\n<!-- \/ Yoast SEO plugin. -->","yoast_head_json":{"title":"M\u1ef9 ph\u1ea9m - T\u00e0i li\u1ec7u h\u01b0\u1edbng d\u1eabn MISA eShop Vi\u1ec7t Nam","robots":{"index":"index","follow":"follow","max-snippet":"max-snippet:-1","max-image-preview":"max-image-preview:large","max-video-preview":"max-video-preview:-1"},"canonical":"http:\/\/eshop.misa.vn\/help\/vi\/my-pham","og_locale":"vi_VN","og_type":"article","og_title":"M\u1ef9 ph\u1ea9m - T\u00e0i li\u1ec7u h\u01b0\u1edbng d\u1eabn MISA eShop Vi\u1ec7t Nam","og_description":"GI\u1ea2I PH\u00c1P KH\u1eaeC PH\u1ee4C M\u1eccI KH\u00d3 KH\u0102N C\u1eecA H\u00c0NG M\u1ef8 PH\u1ea8M TH\u01af\u1edcNG G\u1eb6P Qu\u1ea3n l\u00fd\/ch\u1ee7 c\u1eeda h\u00e0ng m\u1ef9 ph\u1ea9m g\u1eb7p kh\u00f3 kh\u0103n trong vi\u1ec7c th\u1ed1ng k\u00ea doanh thu, l\u1ed7 l\u00e3i, kh\u00f4ng ki\u1ec3m so\u00e1t \u0111\u01b0\u1ee3c doanh s\u1ed1 c\u1ee7a t\u1eebng m\u1eb7t h\u00e0ng hay combo s\u1ea3n ph\u1ea9m. Kh\u00f4ng bi\u1ebft \u0111\u01b0\u1ee3c \u0111\u01b0\u1ee3c t\u00ecnh h\u00ecnh...","og_url":"http:\/\/eshop.misa.vn\/help\/vi\/my-pham","og_site_name":"T\u00e0i li\u1ec7u h\u01b0\u1edbng d\u1eabn MISA eShop Vi\u1ec7t Nam","article_modified_time":"2020-04-21T14:10:03+00:00","twitter_card":"summary_large_image","twitter_misc":{"Est. reading time":"7 ph\u00fat"},"schema":{"@context":"https:\/\/schema.org","@graph":[{"@type":"WebPage","@id":"http:\/\/eshop.misa.vn\/help\/vi\/my-pham","url":"http:\/\/eshop.misa.vn\/help\/vi\/my-pham","name":"M\u1ef9 ph\u1ea9m - T\u00e0i li\u1ec7u h\u01b0\u1edbng d\u1eabn MISA eShop Vi\u1ec7t Nam","isPartOf":{"@id":"http:\/\/eshop.misa.vn\/help\/vi\/#website"},"datePublished":"2020-02-25T10:07:44+00:00","dateModified":"2020-04-21T14:10:03+00:00","breadcrumb":{"@id":"http:\/\/eshop.misa.vn\/help\/vi\/my-pham#breadcrumb"},"inLanguage":"vi","potentialAction":[{"@type":"ReadAction","target":["http:\/\/eshop.misa.vn\/help\/vi\/my-pham"]}]},{"@type":"BreadcrumbList","@id":"http:\/\/eshop.misa.vn\/help\/vi\/my-pham#breadcrumb","itemListElement":[{"@type":"ListItem","position":1,"name":"Home","item":"http:\/\/eshop.misa.vn\/help\/vi"},{"@type":"ListItem","position":2,"name":"M\u1ef9 ph\u1ea9m"}]},{"@type":"WebSite","@id":"http:\/\/eshop.misa.vn\/help\/vi\/#website","url":"http:\/\/eshop.misa.vn\/help\/vi\/","name":"T\u00e0i li\u1ec7u h\u01b0\u1edbng d\u1eabn MISA eShop Vi\u1ec7t Nam","description":"","potentialAction":[{"@type":"SearchAction","target":{"@type":"EntryPoint","urlTemplate":"http:\/\/eshop.misa.vn\/help\/vi\/?s={search_term_string}"},"query-input":"required name=search_term_string"}],"inLanguage":"vi"}]}},"_links":{"self":[{"href":"\/v1\/wp-json\/wp\/v2\/pages\/4497","targetHints":{"allow":["GET"]}}],"collection":[{"href":"\/v1\/wp-json\/wp\/v2\/pages"}],"about":[{"href":"\/v1\/wp-json\/wp\/v2\/types\/page"}],"author":[{"embeddable":true,"href":"\/v1\/wp-json\/wp\/v2\/users\/1"}],"replies":[{"embeddable":true,"href":"\/v1\/wp-json\/wp\/v2\/comments?post=4497"}],"version-history":[{"count":4,"href":"\/v1\/wp-json\/wp\/v2\/pages\/4497\/revisions"}],"predecessor-version":[{"id":5509,"href":"\/v1\/wp-json\/wp\/v2\/pages\/4497\/revisions\/5509"}],"wp:attachment":[{"href":"\/v1\/wp-json\/wp\/v2\/media?parent=4497"}],"curies":[{"name":"wp","href":"https:\/\/api.w.org\/{rel}","templated":true}]}}