{"id":4490,"date":"2020-02-25T16:14:46","date_gmt":"2020-02-25T09:14:46","guid":{"rendered":"http:\/\/helpvn.mshopkeeper.misa.local\/vi\/?page_id=4490"},"modified":"2020-04-21T23:06:33","modified_gmt":"2020-04-21T16:06:33","slug":"thoi-trang-va-phu-kien","status":"publish","type":"page","link":"\/v1\/thoi-trang-va-phu-kien","title":{"rendered":"Th\u1eddi trang v\u00e0 ph\u1ee5 ki\u1ec7n"},"content":{"rendered":"<section class=\"industry fashion-page\">\n<div class=\"introduce\">\n<div class=\"container\">\n<div class=\"row\">\n<div class=\"col-md-24 no-padding\">\n<div class=\"col-md-12\">\n<div class=\"image-introduce\"><img decoding=\"async\" class=\"img-responsive\" src=\"\/v1\/help\/images\/Industry\/img_introduce.jpg\" alt=\"mshopkeeper.vn\"\/><\/div>\n<\/div>\n<div class=\"col-md-12\">\n<div class=\"content-introduce\">\n<div class=\"title-item\">GI\u1ea2I QUY\u1ebeT M\u1eccI V\u1ea4N \u0110\u1ec0 KH\u00d3 KH\u0102N <br \/>C\u1eecA H\u00c0NG TH\u1edcI TRANG TH\u01af\u1edcNG G\u1eb6P<\/div>\n<div class=\"content-detail\">\n<div class=\"text-item\">Qu\u1ea3n l\u00fd t\u1ed3n kho h\u00e0ng h\u00f3a g\u1eb7p nhi\u1ec1u b\u1ea5t c\u1eadp: Kh\u00f3 ki\u1ec3m so\u00e1t s\u1ed1 l\u01b0\u1ee3ng t\u1ed3n kho, gi\u00e1 b\u00e1n, m\u00e0u s\u1eafc, size c\u1ee7a s\u1ea3n ph\u1ea9m do c\u00f3 h\u00e0ng ng\u00e0n m\u1eabu m\u00e3, ch\u1ea5t li\u1ec7u, h\u00e3ng s\u1ea3n xu\u1ea5t hay nhi\u1ec1u \u0111\u01a1n v\u1ecb t\u00ednh kh\u00e1c nhau.<\/div>\n<div class=\"text-item\">Nh\u1ea7m l\u1eabn trong thanh to\u00e1n, kh\u00f3 kh\u0103n trong vi\u1ec7c ki\u1ec3m so\u00e1t doanh thu, chi ph\u00ed hay l\u1ed7 l\u00e3i khi ch\u1ee7 shop kh\u00f4ng c\u00f3 m\u1eb7t t\u1ea1i c\u1eeda h\u00e0ng hay khi c\u00f3 nhi\u1ec1u chi nh\u00e1nh.<\/div>\n<div class=\"text-item text-item show-min-width-1100\">Nh\u00e2n vi\u00ean kh\u00f4ng n\u1eafm \u0111\u01b0\u1ee3c th\u00f4ng tin h\u00e0ng h\u00f3a, gi\u00e1 b\u00e1n. C\u1eeda h\u00e0ng c\u00f3 nhi\u1ec1u nh\u00e2n vi\u00ean nh\u01b0ng kh\u00f4ng \u0111\u01b0\u1ee3c ph\u00e2n quy\u1ec1n r\u00f5 r\u00e0ng d\u1eabn \u0111\u1ebfn t\u00ecnh tr\u1ea1ng gian l\u1eadn. Kh\u00f4ng ki\u1ec3m so\u00e1t \u0111\u01b0\u1ee3c hi\u1ec7u qu\u1ea3 l\u00e0m vi\u1ec7c c\u1ee7a nh\u00e2n vi\u00ean.<\/div>\n<div class=\"collapse collapseIntroduce\">\n<div class=\"text-item show-max-width-1099\">Nh\u00e2n vi\u00ean kh\u00f4ng n\u1eafm \u0111\u01b0\u1ee3c th\u00f4ng tin h\u00e0ng h\u00f3a, gi\u00e1 b\u00e1n. C\u1eeda h\u00e0ng c\u00f3 nhi\u1ec1u nh\u00e2n vi\u00ean nh\u01b0ng kh\u00f4ng \u0111\u01b0\u1ee3c ph\u00e2n quy\u1ec1n r\u00f5 r\u00e0ng d\u1eabn \u0111\u1ebfn t\u00ecnh tr\u1ea1ng gian l\u1eadn. Kh\u00f4ng ki\u1ec3m so\u00e1t \u0111\u01b0\u1ee3c hi\u1ec7u qu\u1ea3 l\u00e0m vi\u1ec7c c\u1ee7a nh\u00e2n vi\u00ean.<\/div>\n<div class=\"text-item\">Qu\u1ea3n l\u00fd kh\u00e1ch h\u00e0ng b\u1eb1ng ph\u01b0\u01a1ng ph\u00e1p th\u1ee7 c\u00f4ng khi\u1ebfn ch\u1ee7 c\u1eeda h\u00e0ng kh\u00f3 ki\u1ec3m so\u00e1t th\u00f4ng tin, l\u1ecbch s\u1eed mua h\u00e0ng c\u1ee7a kh\u00e1ch \u0111\u1ec3 ph\u00e2n lo\u1ea1i c\u0169ng nh\u01b0 t\u00edch \u0111i\u1ec3m cho kh\u00e1ch h\u00e0ng th\u00e2n thi\u1ebft.<\/div>\n<div class=\"text-item\">Qu\u1ea3n l\u00fd th\u00f4ng tin b\u00e1n h\u00e0ng, th\u00f4ng tin giao h\u00e0ng r\u1eddi r\u1ea1c tr\u00ean nhi\u1ec1u k\u00eanh b\u00e1n h\u00e0ng. Kh\u00f3 kh\u0103n trong vi\u1ec7c k\u1ebft n\u1ed1i v\u1edbi c\u00e1c \u0111\u01a1n v\u1ecb v\u1eadn chuy\u1ec3n uy t\u00edn.<\/div>\n<\/div>\n<div class=\"btn-view-more\"><a id=\"btnViewMore\" data-toggle=\"collapse\" href=\".collapseIntroduce\" aria-expanded=\"false\" aria-controls=\"collapseIntroduce\">Xem th\u00eam<\/a><\/div>\n<\/div>\n<\/div>\n<\/div>\n<\/div>\n<\/div>\n<\/div>\n<\/div>\n<div class=\"management\">\n<div class=\"container\">\n<div class=\"row\">\n<div class=\"col-md-24\">\n<div class=\"title-row\">MSHOPKEEPER \u2013 PH\u1ea6N M\u1ec0M QU\u1ea2N L\u00dd B\u00c1N H\u00c0NG TH\u1edcI TRANG T\u1ed0T NH\u1ea4T<\/div>\n<\/div>\n<div class=\"col-md-24 no-padding\">\n<div class=\"col-md-24 no-padding box-management box-direction\">\n<div class=\"col-md-12 col-img\">\n<div class=\"img-management\"><img decoding=\"async\" class=\"img-responsive\" src=\"\/v1\/help\/images\/Industry\/Fashion\/img_management-1.png\" alt=\"mshopkeeper.vn\"\/><\/div>\n<\/div>\n<div class=\"col-md-12 col-content\">\n<div class=\"content-management\">\n<div class=\"horizontal-line-cut\"><\/div>\n<div class=\"title-item\">QU\u1ea2N L\u00dd T\u1ed2N KHO H\u00c0NG H\u00d3A CH\u00cdNH X\u00c1C, <br \/>TR\u00c1NH TH\u1ea4T THO\u00c1T<\/div>\n<div class=\"content-detail\">\n<div class=\"text-item\">Qu\u1ea3n l\u00fd \u0111\u1ebfn 10.000 m\u1eabu h\u00e0ng h\u00f3a.<\/div>\n<div class=\"text-item\">Th\u1ed1ng k\u00ea chi ti\u1ebft s\u1ed1 l\u01b0\u1ee3ng h\u00e0ng h\u00f3a theo m\u00e0u s\u1eafc, size, gi\u00e1 b\u00e1n, \u0111\u1ed9 tu\u1ed5i hay ch\u1ea5t li\u1ec7u, nh\u00e0 s\u1ea3n xu\u1ea5t.<\/div>\n<div class=\"text-item\">D\u1ec5 d\u00e0ng t\u1ea1o tem s\u1ea3n ph\u1ea9m v\u1edbi m\u00e3 SKU hay m\u00e3 v\u1ea1ch \u0111\u1ec3 qu\u1ea3n l\u00fd h\u00e0ng h\u00f3a.<\/div>\n<div class=\"text-item\">T\u1ef1 \u0111\u1ed9ng c\u1eadp nh\u1eadt tr\u1ea1ng th\u00e1i t\u1ed3n kho tr\u00ean to\u00e0n h\u1ec7 th\u1ed1ng c\u1eeda h\u00e0ng v\u00e0 c\u00e1c k\u00eanh b\u00e1n h\u00e0ng.<\/div>\n<\/div>\n<\/div>\n<\/div>\n<\/div>\n<div class=\"col-md-24 no-padding box-management\">\n<div class=\"col-md-12 col-img\">\n<div class=\"img-management\"><img decoding=\"async\" class=\"img-responsive\" src=\"\/v1\/help\/images\/Industry\/Fashion\/img_management-2.png\" alt=\"mshopkeeper.vn\"\/><\/div>\n<\/div>\n<div class=\"col-md-12 col-content\">\n<div class=\"content-management\">\n<div class=\"horizontal-line-cut\"><\/div>\n<div class=\"title-item\">\u0110\u1ea6Y \u0110\u1ee6 NGHI\u1ec6P V\u1ee4 CHO B\u1ed8 PH\u1eacN <br \/>THU NG\u00c2N, B\u00c1N H\u00c0NG, QU\u1ea2N L\u00dd<\/div>\n<div class=\"content-detail\">\n<div class=\"text-item\">Ph\u00e2n quy\u1ec1n nh\u00e2n vi\u00ean ph\u1ee5 tr\u00e1ch t\u1eebng nghi\u1ec7p v\u1ee5 r\u00f5 r\u00e0ng, d\u1ec5 d\u00e0ng theo d\u00f5i l\u1ecbch s\u1eed ho\u1ea1t \u0111\u1ed9ng hay th\u1ed1ng k\u00ea doanh s\u1ed1 b\u00e1n h\u00e0ng c\u1ee7a t\u1eebng nh\u00e2n vi\u00ean.<\/div>\n<div class=\"text-item\">Ph\u1ea7n m\u1ec1m t\u00ednh ti\u1ec1n chuy\u00ean nghi\u1ec7p v\u1edbi thi\u1ebft b\u1ecb qu\u00e9t m\u00e3 v\u1ea1ch. C\u00f3 th\u1ec3 t\u1ea1o nhi\u1ec1u m\u1ee9c gi\u00e1 b\u00e1n kh\u00e1c nhau \u0111\u1ec3 \u00e1p d\u1ee5ng cho c\u00e1c \u0111\u1ed1i t\u01b0\u1ee3ng kh\u00e1ch h\u00e0ng kh\u00e1c nhau hay khi kh\u00e1ch h\u00e0ng m\u1eb7c c\u1ea3. <\/div>\n<div class=\"text-item\">T\u00edch h\u1ee3p nhi\u1ec1u h\u00ecnh th\u1ee9c thanh to\u00e1n: ti\u1ec1n m\u1eb7t, th\u1ebb ATM, th\u1ebb t\u00edn d\u1ee5ng, V\u00ed \u0111i\u1ec7n t\u1eed (Momo, Viettel pay, VNPay&#8230;).<\/div>\n<\/div>\n<\/div>\n<\/div>\n<\/div>\n<div class=\"col-md-24 no-padding box-management box-direction\">\n<div class=\"col-md-12 col-img\">\n<div class=\"img-management\"><img decoding=\"async\" class=\"img-responsive\" src=\"\/v1\/help\/images\/Industry\/Fashion\/img_management-3.png\" alt=\"mshopkeeper.vn\"\/><\/div>\n<\/div>\n<div class=\"col-md-12 col-content\">\n<div class=\"content-management\">\n<div class=\"horizontal-line-cut\"><\/div>\n<div class=\"title-item\">CH\u0102M S\u00d3C V\u00c0 QU\u1ea2N L\u00dd KH\u00c1CH H\u00c0NG <br \/>CHUY\u00caN NGHI\u1ec6P<\/div>\n<div class=\"content-detail\">\n<div class=\"text-item\">Qu\u1ea3n l\u00fd kh\u00f4ng gi\u1edbi h\u1ea1n s\u1ed1 l\u01b0\u1ee3ng kh\u00e1ch h\u00e0ng theo nh\u1eefng th\u00f4ng tin chi ti\u1ebft nh\u01b0 h\u1ecd t\u00ean, s\u1ed1 \u0111i\u1ec7n tho\u1ea1i, \u0111\u1ecba ch\u1ec9, sinh nh\u1eadt hay l\u1ecbch s\u1eed mua s\u1eafm c\u1ee7a kh\u00e1ch h\u00e0ng.<\/div>\n<div class=\"text-item\">\u1ee8ng d\u1ee5ng qu\u1ea3n l\u00fd th\u1ebb th\u00e0nh vi\u00ean \u0111i\u1ec7n t\u1eed gi\u00fap t\u00edch \u0111i\u1ec3m kh\u00e1ch h\u00e0ng, t\u1ef1 \u0111\u1ed9ng n\u00e2ng\/h\u1ea1 h\u1ea1ng th\u1ebb hay g\u1eedi \u01b0u \u0111\u00e3i mi\u1ec5n ph\u00ed cho kh\u00e1ch h\u00e0ng.<\/div>\n<div class=\"text-item\">Kh\u00e1ch h\u00e0ng c\u00f3 th\u1ec3 ch\u1ee7 \u0111\u1ed9ng xem s\u1ed1 \u0111i\u1ec3m t\u00edch l\u0169y hay quy \u0111\u1ed5i \u0111i\u1ec3m \u0111\u1ec3 thanh to\u00e1n ti\u1ec7n l\u1ee3i.<\/div>\n<\/div>\n<\/div>\n<\/div>\n<\/div>\n<div class=\"col-md-24 no-padding box-management\">\n<div class=\"col-md-12 col-img\">\n<div class=\"img-management\"><img decoding=\"async\" class=\"img-responsive\" src=\"\/v1\/help\/images\/Industry\/Fashion\/img_management-4.png\" alt=\"mshopkeeper.vn\"\/><\/div>\n<\/div>\n<div class=\"col-md-12 col-content\">\n<div class=\"content-management\">\n<div class=\"horizontal-line-cut\"><\/div>\n<div class=\"title-item\">D\u1ec4 D\u00c0NG PH\u00c1T TRI\u1ec2N H\u1ec6 TH\u1ed0NG <br \/>B\u00c1N H\u00c0NG ONLINE HI\u1ec6U QU\u1ea2<\/div>\n<div class=\"content-detail\">\n<div class=\"text-item\">Ph\u1ea7n m\u1ec1m b\u00e1n h\u00e0ng MShopKeeper c\u00f3 kh\u1ea3 n\u0103ng k\u1ebft n\u1ed1i v\u1edbi ph\u1ea7n m\u1ec1m b\u00e1n h\u00e0ng \u0111a k\u00eanh OCM gi\u00fap qu\u1ea3n l\u00fd h\u1ee3p nh\u1ea5t c\u00e1c k\u00eanh Facebook, Zalo Shop, Website, Lazada, Shopee, Sendo, c\u1eeda h\u00e0ng&#8230;<\/div>\n<div class=\"text-item\">T\u1ef1 \u0111\u1ed9ng c\u1eadp nh\u1eadt tr\u1ea1ng th\u00e1i t\u1ed3n kho, \u0111\u01a1n h\u00e0ng hay c\u00e1c th\u00f4ng tin h\u00e0ng h\u00f3a, gi\u00e1 b\u00e1n tr\u00ean to\u00e0n h\u1ec7 th\u1ed1ng.<\/div>\n<div class=\"text-item\">K\u1ebft n\u1ed1i nhi\u1ec1u \u0111\u01a1n v\u1ecb v\u1eadn chuy\u1ec3n uy t\u00edn (Viettel Post, VNPost, Giao h\u00e0ng nhanh, Giao h\u00e0ng ti\u1ebft ki\u1ec7m, Ahamove&#8230;), ch\u1ecdn ship gi\u00e1 r\u1ebb nh\u1ea5t, h\u1ed7 tr\u1ee3 ship COD.<\/div>\n<\/div>\n<\/div>\n<\/div>\n<\/div>\n<div class=\"col-md-24 no-padding box-management box-direction\">\n<div class=\"col-md-12 col-img\">\n<div class=\"img-management\"><img decoding=\"async\" class=\"img-responsive\" src=\"\/v1\/help\/images\/Industry\/Fashion\/img_management-5.png\" alt=\"mshopkeeper.vn\"\/><\/div>\n<\/div>\n<div class=\"col-md-12 col-content\">\n<div class=\"content-management\">\n<div class=\"horizontal-line-cut\"><\/div>\n<div class=\"title-item\">B\u00c1O C\u00c1O B\u00c1N H\u00c0NG TH\u00d4NG MINH <br \/>T\u1eea T\u1ed4NG QUAN \u0110\u1ebeN CHI TI\u1ebeT<\/div>\n<div class=\"content-detail\">\n<div class=\"text-item\">H\u1ec7 th\u1ed1ng b\u00e1o c\u00e1o \u0111\u1ea7y \u0111\u1ee7, d\u1ec5 hi\u1ec3u bao qu\u00e1t to\u00e0n b\u1ed9 ho\u1ea1t \u0111\u1ed9ng kinh doanh bao g\u1ed3m: Doanh thu, l\u1ed7 l\u00e3i, t\u1ed3n kho, m\u1eb7t h\u00e0ng b\u00e1n ch\u1ea1y, doanh s\u1ed1 chi ti\u1ebft c\u1ee7a t\u1eebng nh\u00e2n vi\u00ean, t\u1eebng m\u1eb7t h\u00e0ng\/nh\u00f3m h\u00e0ng h\u00f3a\u2026.<\/div>\n<div class=\"text-item\">Qu\u1ea3n l\u00fd chu\u1ed7i c\u1eeda h\u00e0ng nh\u01b0\u1ee3ng quy\u1ec1n, h\u1ec7 th\u1ed1ng \u0111\u1ea1i l\u00fd hay c\u00e1c chi nh\u00e1nh hi\u1ec7u qu\u1ea3 b\u1eb1ng h\u1ec7 th\u1ed1ng b\u00e1o c\u00e1o chi ti\u1ebft, d\u1ec5 d\u00e0ng so s\u00e1nh hi\u1ec7u qu\u1ea3 kinh doanh c\u1ee7a t\u1eebng chi nh\u00e1nh, t\u1eebng k\u00eanh b\u00e1n h\u00e0ng.<\/div>\n<div class=\"text-item\">K\u1ebft n\u1ed1i ph\u1ea7n m\u1ec1m k\u1ebf to\u00e1n, ph\u1ea7n m\u1ec1m qu\u1ea3n tr\u1ecb doanh nghi\u1ec7p gi\u00fap c\u1ea5p qu\u1ea3n l\u00fd d\u1ec5 d\u00e0ng ki\u1ec3m so\u00e1t t\u1ea5t c\u1ea3 v\u1ea5n \u0111\u1ec1 ph\u00e1t sinh t\u1eeb kh\u00e2u \u0111\u1ea7u v\u00e0o, s\u1ea3n xu\u1ea5t \u0111\u1ebfn \u0111\u1ea7u ra, kh\u00e2u b\u00e1n h\u00e0ng.<\/div>\n<\/div>\n<\/div>\n<\/div>\n<\/div>\n<\/div>\n<\/div>\n<\/div>\n<\/div>\n<\/section>\n<link rel=\"stylesheet\" type=\"text\/css\" href=\"\/v1\/help\/css\/bootstrap.css\"\/><link rel=\"stylesheet\" type=\"text\/css\" href=\"\/v1\/help\/css\/industry.css\"\/><script type=\"text\/javascript\" src=\"\/v1\/help\/js\/lib\/bootstrap.js\"><\/script><br \/>\n","protected":false},"excerpt":{"rendered":"<p>GI\u1ea2I QUY\u1ebeT M\u1eccI V\u1ea4N \u0110\u1ec0 KH\u00d3 KH\u0102N C\u1eecA H\u00c0NG TH\u1edcI TRANG TH\u01af\u1edcNG G\u1eb6P Qu\u1ea3n l\u00fd t\u1ed3n kho h\u00e0ng h\u00f3a g\u1eb7p nhi\u1ec1u b\u1ea5t c\u1eadp: Kh\u00f3 ki\u1ec3m so\u00e1t s\u1ed1 l\u01b0\u1ee3ng t\u1ed3n kho, gi\u00e1 b\u00e1n, m\u00e0u s\u1eafc, size c\u1ee7a s\u1ea3n ph\u1ea9m do c\u00f3 h\u00e0ng ng\u00e0n m\u1eabu m\u00e3, ch\u1ea5t li\u1ec7u, h\u00e3ng s\u1ea3n xu\u1ea5t hay&#8230;<\/p>\n","protected":false},"author":1,"featured_media":0,"parent":0,"menu_order":0,"comment_status":"closed","ping_status":"closed","template":"","meta":{"footnotes":""},"class_list":["post-4490","page","type-page","status-publish","hentry"],"yoast_head":"<!-- This site is optimized with the Yoast SEO plugin v21.7 - https:\/\/yoast.com\/wordpress\/plugins\/seo\/ -->\n<title>Th\u1eddi trang v\u00e0 ph\u1ee5 ki\u1ec7n - T\u00e0i li\u1ec7u h\u01b0\u1edbng d\u1eabn MISA eShop Vi\u1ec7t Nam<\/title>\n<meta name=\"robots\" content=\"index, follow, max-snippet:-1, max-image-preview:large, max-video-preview:-1\" \/>\n<link rel=\"canonical\" href=\"http:\/\/eshop.misa.vn\/help\/vi\/thoi-trang-va-phu-kien\" \/>\n<meta property=\"og:locale\" content=\"vi_VN\" \/>\n<meta property=\"og:type\" content=\"article\" \/>\n<meta property=\"og:title\" content=\"Th\u1eddi trang v\u00e0 ph\u1ee5 ki\u1ec7n - T\u00e0i li\u1ec7u h\u01b0\u1edbng d\u1eabn MISA eShop Vi\u1ec7t Nam\" \/>\n<meta property=\"og:description\" content=\"GI\u1ea2I QUY\u1ebeT M\u1eccI V\u1ea4N \u0110\u1ec0 KH\u00d3 KH\u0102N C\u1eecA H\u00c0NG TH\u1edcI TRANG TH\u01af\u1edcNG G\u1eb6P Qu\u1ea3n l\u00fd t\u1ed3n kho h\u00e0ng h\u00f3a g\u1eb7p nhi\u1ec1u b\u1ea5t c\u1eadp: Kh\u00f3 ki\u1ec3m so\u00e1t s\u1ed1 l\u01b0\u1ee3ng t\u1ed3n kho, gi\u00e1 b\u00e1n, m\u00e0u s\u1eafc, size c\u1ee7a s\u1ea3n ph\u1ea9m do c\u00f3 h\u00e0ng ng\u00e0n m\u1eabu m\u00e3, ch\u1ea5t li\u1ec7u, h\u00e3ng s\u1ea3n xu\u1ea5t hay...\" \/>\n<meta property=\"og:url\" content=\"http:\/\/eshop.misa.vn\/help\/vi\/thoi-trang-va-phu-kien\" \/>\n<meta property=\"og:site_name\" content=\"T\u00e0i li\u1ec7u h\u01b0\u1edbng d\u1eabn MISA eShop Vi\u1ec7t Nam\" \/>\n<meta property=\"article:modified_time\" content=\"2020-04-21T16:06:33+00:00\" \/>\n<meta name=\"twitter:card\" content=\"summary_large_image\" \/>\n<meta name=\"twitter:label1\" content=\"Est. reading time\" \/>\n\t<meta name=\"twitter:data1\" content=\"6 ph\u00fat\" \/>\n<script type=\"application\/ld+json\" class=\"yoast-schema-graph\">{\"@context\":\"https:\/\/schema.org\",\"@graph\":[{\"@type\":\"WebPage\",\"@id\":\"http:\/\/eshop.misa.vn\/help\/vi\/thoi-trang-va-phu-kien\",\"url\":\"http:\/\/eshop.misa.vn\/help\/vi\/thoi-trang-va-phu-kien\",\"name\":\"Th\u1eddi trang v\u00e0 ph\u1ee5 ki\u1ec7n - T\u00e0i li\u1ec7u h\u01b0\u1edbng d\u1eabn MISA eShop Vi\u1ec7t Nam\",\"isPartOf\":{\"@id\":\"http:\/\/eshop.misa.vn\/help\/vi\/#website\"},\"datePublished\":\"2020-02-25T09:14:46+00:00\",\"dateModified\":\"2020-04-21T16:06:33+00:00\",\"breadcrumb\":{\"@id\":\"http:\/\/eshop.misa.vn\/help\/vi\/thoi-trang-va-phu-kien#breadcrumb\"},\"inLanguage\":\"vi\",\"potentialAction\":[{\"@type\":\"ReadAction\",\"target\":[\"http:\/\/eshop.misa.vn\/help\/vi\/thoi-trang-va-phu-kien\"]}]},{\"@type\":\"BreadcrumbList\",\"@id\":\"http:\/\/eshop.misa.vn\/help\/vi\/thoi-trang-va-phu-kien#breadcrumb\",\"itemListElement\":[{\"@type\":\"ListItem\",\"position\":1,\"name\":\"Home\",\"item\":\"http:\/\/eshop.misa.vn\/help\/vi\"},{\"@type\":\"ListItem\",\"position\":2,\"name\":\"Th\u1eddi trang v\u00e0 ph\u1ee5 ki\u1ec7n\"}]},{\"@type\":\"WebSite\",\"@id\":\"http:\/\/eshop.misa.vn\/help\/vi\/#website\",\"url\":\"http:\/\/eshop.misa.vn\/help\/vi\/\",\"name\":\"T\u00e0i li\u1ec7u h\u01b0\u1edbng d\u1eabn MISA eShop Vi\u1ec7t Nam\",\"description\":\"\",\"potentialAction\":[{\"@type\":\"SearchAction\",\"target\":{\"@type\":\"EntryPoint\",\"urlTemplate\":\"http:\/\/eshop.misa.vn\/help\/vi\/?s={search_term_string}\"},\"query-input\":\"required name=search_term_string\"}],\"inLanguage\":\"vi\"}]}<\/script>\n<!-- \/ Yoast SEO plugin. -->","yoast_head_json":{"title":"Th\u1eddi trang v\u00e0 ph\u1ee5 ki\u1ec7n - T\u00e0i li\u1ec7u h\u01b0\u1edbng d\u1eabn MISA eShop Vi\u1ec7t Nam","robots":{"index":"index","follow":"follow","max-snippet":"max-snippet:-1","max-image-preview":"max-image-preview:large","max-video-preview":"max-video-preview:-1"},"canonical":"http:\/\/eshop.misa.vn\/help\/vi\/thoi-trang-va-phu-kien","og_locale":"vi_VN","og_type":"article","og_title":"Th\u1eddi trang v\u00e0 ph\u1ee5 ki\u1ec7n - T\u00e0i li\u1ec7u h\u01b0\u1edbng d\u1eabn MISA eShop Vi\u1ec7t Nam","og_description":"GI\u1ea2I QUY\u1ebeT M\u1eccI V\u1ea4N \u0110\u1ec0 KH\u00d3 KH\u0102N C\u1eecA H\u00c0NG TH\u1edcI TRANG TH\u01af\u1edcNG G\u1eb6P Qu\u1ea3n l\u00fd t\u1ed3n kho h\u00e0ng h\u00f3a g\u1eb7p nhi\u1ec1u b\u1ea5t c\u1eadp: Kh\u00f3 ki\u1ec3m so\u00e1t s\u1ed1 l\u01b0\u1ee3ng t\u1ed3n kho, gi\u00e1 b\u00e1n, m\u00e0u s\u1eafc, size c\u1ee7a s\u1ea3n ph\u1ea9m do c\u00f3 h\u00e0ng ng\u00e0n m\u1eabu m\u00e3, ch\u1ea5t li\u1ec7u, h\u00e3ng s\u1ea3n xu\u1ea5t hay...","og_url":"http:\/\/eshop.misa.vn\/help\/vi\/thoi-trang-va-phu-kien","og_site_name":"T\u00e0i li\u1ec7u h\u01b0\u1edbng d\u1eabn MISA eShop Vi\u1ec7t Nam","article_modified_time":"2020-04-21T16:06:33+00:00","twitter_card":"summary_large_image","twitter_misc":{"Est. reading time":"6 ph\u00fat"},"schema":{"@context":"https:\/\/schema.org","@graph":[{"@type":"WebPage","@id":"http:\/\/eshop.misa.vn\/help\/vi\/thoi-trang-va-phu-kien","url":"http:\/\/eshop.misa.vn\/help\/vi\/thoi-trang-va-phu-kien","name":"Th\u1eddi trang v\u00e0 ph\u1ee5 ki\u1ec7n - T\u00e0i li\u1ec7u h\u01b0\u1edbng d\u1eabn MISA eShop Vi\u1ec7t Nam","isPartOf":{"@id":"http:\/\/eshop.misa.vn\/help\/vi\/#website"},"datePublished":"2020-02-25T09:14:46+00:00","dateModified":"2020-04-21T16:06:33+00:00","breadcrumb":{"@id":"http:\/\/eshop.misa.vn\/help\/vi\/thoi-trang-va-phu-kien#breadcrumb"},"inLanguage":"vi","potentialAction":[{"@type":"ReadAction","target":["http:\/\/eshop.misa.vn\/help\/vi\/thoi-trang-va-phu-kien"]}]},{"@type":"BreadcrumbList","@id":"http:\/\/eshop.misa.vn\/help\/vi\/thoi-trang-va-phu-kien#breadcrumb","itemListElement":[{"@type":"ListItem","position":1,"name":"Home","item":"http:\/\/eshop.misa.vn\/help\/vi"},{"@type":"ListItem","position":2,"name":"Th\u1eddi trang v\u00e0 ph\u1ee5 ki\u1ec7n"}]},{"@type":"WebSite","@id":"http:\/\/eshop.misa.vn\/help\/vi\/#website","url":"http:\/\/eshop.misa.vn\/help\/vi\/","name":"T\u00e0i li\u1ec7u h\u01b0\u1edbng d\u1eabn MISA eShop Vi\u1ec7t Nam","description":"","potentialAction":[{"@type":"SearchAction","target":{"@type":"EntryPoint","urlTemplate":"http:\/\/eshop.misa.vn\/help\/vi\/?s={search_term_string}"},"query-input":"required name=search_term_string"}],"inLanguage":"vi"}]}},"_links":{"self":[{"href":"\/v1\/wp-json\/wp\/v2\/pages\/4490","targetHints":{"allow":["GET"]}}],"collection":[{"href":"\/v1\/wp-json\/wp\/v2\/pages"}],"about":[{"href":"\/v1\/wp-json\/wp\/v2\/types\/page"}],"author":[{"embeddable":true,"href":"\/v1\/wp-json\/wp\/v2\/users\/1"}],"replies":[{"embeddable":true,"href":"\/v1\/wp-json\/wp\/v2\/comments?post=4490"}],"version-history":[{"count":9,"href":"\/v1\/wp-json\/wp\/v2\/pages\/4490\/revisions"}],"predecessor-version":[{"id":5535,"href":"\/v1\/wp-json\/wp\/v2\/pages\/4490\/revisions\/5535"}],"wp:attachment":[{"href":"\/v1\/wp-json\/wp\/v2\/media?parent=4490"}],"curies":[{"name":"wp","href":"https:\/\/api.w.org\/{rel}","templated":true}]}}