{"id":15419,"date":"2022-09-26T14:31:38","date_gmt":"2022-09-26T07:31:38","guid":{"rendered":"http:\/\/eshop.misa.vn\/help\/vi\/?page_id=15419"},"modified":"2022-09-26T14:46:02","modified_gmt":"2022-09-26T07:46:02","slug":"404-page","status":"publish","type":"page","link":"\/v1\/404-page","title":{"rendered":"404"},"content":{"rendered":"\r\n<span><\/span>\r\n<link rel=\"stylesheet\" href=\"\/sites\/amis\/css\/pages\/amis-solution-package.css?ver=1.0.4\" \/>\r\n<section class=\"contact-page\">\r\n    <div class=\"container\">\r\n        <div class=\"content-404\">\r\n            <img decoding=\"async\" src=\"https:\/\/weeblytutorials.com\/wp-content\/uploads\/2017\/05\/Weebly-404-Page-Not-Found-Error1.png\" alt=\"404 icon\" style=\"width:300px;margin: 0 auto;display: block;margin-top: 20px;\">\r\n        <\/div>\r\n       <div class=\"text-404\">\r\n        Ch\u00fang t\u00f4i kh\u00f4ng t\u00ecm th\u1ea5y n\u1ed9i dung b\u1ea1n c\u1ea7n t\u00ecm. Vui l\u00f2ng t\u00ecm ki\u1ebfm b\u00e0i vi\u1ebft kh\u00e1c ho\u1eb7c quay l\u1ea1i trang ch\u1ee7!\r\n       <\/div>\r\n       <div class=\"btn-trial-register\">\r\n        <a href=\"https:\/\/eshop.misa.vn\/v1\/\">V\u1ec1 trang ch\u1ee7<\/a>\r\n        <\/div>\r\n       <div class=\"looking-more\">\r\n        <div class=\"container row\">\r\n            <div class=\"looking-more-title\">T\u00ecm hi\u1ec3u th\u00eam nhi\u1ec1u ki\u1ebfn th\u1ee9c h\u01a1n t\u1ea1i <br><span>AMIS Blog<\/span><\/div>\r\n            <ul class=\"looking-more-content\">\r\n                <li>\r\n                    <div class=\"looking-more-item\">\r\n                        <div class=\"lm-item-img\">\r\n                            <img decoding=\"async\" src=\"https:\/\/amis.misa.vn\/sites\/amis-blog\/images\/pages\/post\/img_tai-chinh-ke-toan.jpg\"\r\n                                class=\"img-responsive lazyloaded\"><noscript><img decoding=\"async\"\r\n                                    src=\"https:\/\/amis.misa.vn\/sites\/amis-blog\/images\/pages\/post\/img_tai-chinh-ke-toan.jpg\"\r\n                                    class=\"img-responsive\" \/><\/noscript>\r\n                        <\/div>\r\n                        <div class=\"lm-item-title\">T\u00e0i ch\u00ednh &#8211; k\u1ebf to\u00e1n<\/div>\r\n                        <div class=\"lm-item-button\">\r\n                            <a href=\"\r\n                               https:\/\/amis.misa.vn\/tin-tuc\/tai-chinh-ke-toan\/?utm_source= Misa-website-network&#038;utm_medium=other&#038;utm_campaign=404&#038;utm_content=&#038;utm_term=\" \r\n                               rel=\"nofollow\">Xem th\u00eam<\/a>\r\n                        <\/div>\r\n                    <\/div>\r\n                <\/li>\r\n                <li>\r\n                    <div class=\"looking-more-item\">\r\n                        <div class=\"lm-item-img\">\r\n                            <img decoding=\"async\" src=\"https:\/\/amis.misa.vn\/sites\/amis-blog\/images\/pages\/post\/img_quan-ly-nhan-su.jpg\"\r\n                                class=\"img-responsive lazyloaded\"><noscript><img decoding=\"async\"\r\n                                    src=\"https:\/\/amis.misa.vn\/sites\/amis-blog\/images\/pages\/post\/img_quan-ly-nhan-su.jpg\"\r\n                                    class=\"img-responsive\" \/><\/noscript>\r\n                        <\/div>\r\n                        <div class=\"lm-item-title\">Qu\u1ea3n tr\u1ecb nh\u00e2n s\u1ef1<\/div>\r\n                        <div class=\"lm-item-button\">\r\n                            <a href=\"https:\/\/amis.misa.vn\/tin-tuc\/quan-ly-nhan-su\/?utm_source= Misa-website-network&#038;utm_medium=other&#038;utm_campaign=404&#038;utm_content=&#038;utm_term=\" rel=\"nofollow\">Xem th\u00eam<\/a>\r\n                        <\/div>\r\n                    <\/div>\r\n                <\/li>\r\n                <li>\r\n                    <div class=\"looking-more-item\">\r\n                        <div class=\"lm-item-img\">\r\n                            <img decoding=\"async\" src=\"https:\/\/amis.misa.vn\/sites\/amis-blog\/images\/pages\/post\/img_marketing-ban-hang.jpg\"\r\n                                class=\"img-responsive lazyloaded\"><noscript><img decoding=\"async\"\r\n                                    src=\"https:\/\/amis.misa.vn\/sites\/amis-blog\/images\/pages\/post\/img_marketing-ban-hang.jpg\"\r\n                                    class=\"img-responsive\" \/><\/noscript>\r\n                        <\/div>\r\n                        <div class=\"lm-item-title\">Marketing- B\u00e1n h\u00e0ng<\/div>\r\n                        <div class=\"lm-item-button\">\r\n                            <a href=\"https:\/\/amis.misa.vn\/tin-tuc\/quan-tri-khach-hang\/?utm_source= Misa-website-network&#038;utm_medium=other&#038;utm_campaign=404&#038;utm_content=&#038;utm_term=__\" rel=\"nofollow\">Xem th\u00eam<\/a>\r\n                        <\/div>\r\n                    <\/div>\r\n                <\/li>\r\n                <li>\r\n                    <div class=\"looking-more-item\">\r\n                        <div class=\"lm-item-img\">\r\n                            <img decoding=\"async\" src=\"https:\/\/amis.misa.vn\/sites\/amis-blog\/images\/pages\/post\/img_quan-ly-dieu-hanh.jpg\"\r\n                                class=\"img-responsive lazyloaded\"><noscript><img decoding=\"async\"\r\n                                    src=\"https:\/\/amis.misa.vn\/sites\/amis-blog\/images\/pages\/post\/img_quan-ly-dieu-hanh.jpg\"\r\n                                    class=\"img-responsive\" \/><\/noscript>\r\n                        <\/div>\r\n                        <div class=\"lm-item-title\">Qu\u1ea3n l\u00fd &#8211; \u0111i\u1ec1u h\u00e0nh<\/div>\r\n                        <div class=\"lm-item-button\">\r\n                            <a href=\"https:\/\/amis.misa.vn\/tin-tuc\/quan-tri-doanh-nghiep\/?utm_source= Misa-website-network&#038;utm_medium=other&#038;utm_campaign=404&#038;utm_content=&#038;utm_term=__\" rel=\"nofollow\">Xem th\u00eam<\/a>\r\n                        <\/div>\r\n                    <\/div>\r\n                <\/li>\r\n            <\/ul>\r\n        <\/div>\r\n    <\/div>\r\n    <\/div>\r\n<\/section>\r\n\r\n\r\n<style>\r\n.ht-pageheader{\r\n    display: none;\r\n}\r\n\r\n.hkb-article__title{\r\n    display: none;\r\n}\r\n\r\n.hkb-article__content img{\r\n    width: 100%;\r\n}\r\n    .text-404{\r\n       display: flex;\r\n       justify-content: center;\r\n       font-size: 20px;\r\n    }\r\n    \/*#region Tim hieu them *\/\r\n.looking-more {\r\n    padding: 50px 0 30px;\r\n}\r\n\r\n.looking-more-title {\r\n    text-align: center;\r\n    color: #002856;\r\n    font-size: 24px;\r\n    padding-bottom: 40px;\r\n}\r\n\r\n    .looking-more-title span {\r\n        font-family: GoogleSans Bold, Arial, sans-serif;\r\n        position: relative;\r\n    }\r\n\r\n        .looking-more-title span:after {\r\n            position: absolute;\r\n            content: '';\r\n            background: #427EE4;\r\n            bottom: -10px;\r\n            height: 3px;\r\n            width: 80%;\r\n            left: 10%;\r\n        }\r\n\r\nul.looking-more-content {\r\n    display: flex;\r\n    flex-flow: row wrap;\r\n    margin: 0;\r\n    list-style: none;\r\n    justify-content: space-between;\r\n}\r\n\r\n    ul.looking-more-content li {\r\n        list-style: none;\r\n        margin: 0;\r\n        width: 24%;\r\n    }\r\n\r\n.looking-more-item {\r\n    background: #2680EB;\r\n    color: #fff;\r\n    text-align: center;\r\n    height: 100%;\r\n}\r\n\r\n.lm-item-title {\r\n    padding: 15px 15px 10px;\r\n    font-family: GoogleSans Medium, Arial, sans-serif;\r\n    font-size: 16px;\r\n}\r\n\r\n.lm-item-button {\r\n    padding-bottom: 15px;\r\n}\r\n\r\n    .lm-item-button a {\r\n        color: #fff;\r\n        text-decoration: underline;\r\n    }\r\n\/*#endregion*\/\r\n.btn-trial-register a {\r\n    width: auto !important;\r\n    border-radius: 5px !important;\r\n    padding: 10px 30px !important;\r\n    font-size: 16px !important;\r\n    font-weight: normal !important;\r\n    background: #2680eb !important;\r\n    margin-top: 15px !important;\r\n    color: #fff;\r\n}\r\n.btn-trial-register{\r\n    display: flex;\r\n    justify-content: center;\r\n}\r\n\/*#region Responsive *\/\r\n@media(min-width: 980px) {\r\n    .single.single-post .td-ss-main-content .td-post-source-tags a {\r\n        padding: 10px 15px;\r\n    }\r\n}\r\n\r\n@media(max-width: 1440px) {\r\n    .td-content-post {\r\n        max-width: 700px;\r\n    }\r\n}\r\n\r\n@media(max-width: 979px) {\r\n\r\n    .td-register-full .td-register-title {\r\n        font-size: 26px;\r\n    }\r\n\r\n    .td-register-full .td-register-title {\r\n        width: 40%;\r\n        margin-left: 0;\r\n    }\r\n\r\n    .td-register-full .td-register-form {\r\n        width: 60%;\r\n    }\r\n\r\n    .rp-item-thumb img {\r\n        height: 146px;\r\n    }\r\n}\r\n\r\n@media(max-width: 767px) {\r\n    .single.single-post .td-ss-main-content {\r\n        padding: 0;\r\n    }\r\n\r\n    .single.single-post .td-main-content .td-crumb-container {\r\n        padding: 15px 0;\r\n    }\r\n\r\n    .td-content-banner {\r\n        display: none;\r\n    }\r\n\r\n    .td-register-full .td-register-full {\r\n        padding: 15px 0;\r\n    }\r\n\r\n    .td-register-full .td-register-full-wrap {\r\n        -webkit-flex-flow: row wrap;\r\n        flex-flow: row wrap;\r\n        height: auto;\r\n    }\r\n\r\n    .td-register-full .td-register-title {\r\n        font-size: 22px;\r\n        text-align: center;\r\n        padding-bottom: 20px;\r\n        width: 100%;\r\n    }\r\n\r\n    .td-register-full .td-register-form {\r\n        width: 100%;\r\n    }\r\n\r\n    .td-register-full ul.group-checkbox li {\r\n        width: 100%;\r\n    }\r\n\r\n    .td-register-full ul.group-checkbox {\r\n        display: grid;\r\n        justify-content: center;\r\n    }\r\n\r\n    .td-register-full .cls-group-input {\r\n        -webkit-flex-flow: row wrap;\r\n        flex-flow: row wrap;\r\n        justify-content: center;\r\n    }\r\n\r\n        .td-register-full .cls-group-input .input-control {\r\n            width: 100%;\r\n            margin-right: 0;\r\n        }\r\n\r\n    .td-register-full input[type=\"submit\"].btn-register {\r\n        margin-top: 15px;\r\n    }\r\n\r\n    .related-post-item {\r\n        width: 100%;\r\n    }\r\n\r\n    .rp-item-thumb img {\r\n        height: auto;\r\n    }\r\n\r\n    .looking-more-title {\r\n        font-size: 20px;\r\n    }\r\n\r\n    ul.looking-more-content li {\r\n        padding: 5px;\r\n        width: 50%;\r\n    }\r\n\r\n    .lm-item-title {\r\n        font-size: 15px;\r\n        padding: 15px 5px 10px;\r\n    }\r\n}\r\n\r\n@media(max-width: 375px) {\r\n    .td-post-info {\r\n        display: block;\r\n    }\r\n}\r\n\/*#endregion*\/\r\n\r\n<\/style>\r\n","protected":false},"excerpt":{"rendered":"<p>Ch\u00fang t\u00f4i kh\u00f4ng t\u00ecm th\u1ea5y n\u1ed9i dung b\u1ea1n c\u1ea7n t\u00ecm. Vui l\u00f2ng t\u00ecm ki\u1ebfm b\u00e0i vi\u1ebft kh\u00e1c ho\u1eb7c quay l\u1ea1i trang ch\u1ee7! V\u1ec1 trang ch\u1ee7 T\u00ecm hi\u1ec3u th\u00eam nhi\u1ec1u ki\u1ebfn th\u1ee9c h\u01a1n t\u1ea1i AMIS Blog T\u00e0i ch\u00ednh &#8211; k\u1ebf to\u00e1n Xem th\u00eam Qu\u1ea3n tr\u1ecb nh\u00e2n s\u1ef1 Xem th\u00eam Marketing- B\u00e1n&#8230;<\/p>\n","protected":false},"author":1,"featured_media":0,"parent":0,"menu_order":0,"comment_status":"closed","ping_status":"closed","template":"","meta":{"footnotes":""},"class_list":["post-15419","page","type-page","status-publish","hentry"],"yoast_head":"<!-- This site is optimized with the Yoast SEO plugin v21.7 - https:\/\/yoast.com\/wordpress\/plugins\/seo\/ -->\n<title>404 - T\u00e0i li\u1ec7u h\u01b0\u1edbng d\u1eabn MISA eShop Vi\u1ec7t Nam<\/title>\n<meta name=\"robots\" content=\"index, follow, max-snippet:-1, max-image-preview:large, max-video-preview:-1\" \/>\n<link rel=\"canonical\" href=\"http:\/\/eshop.misa.vn\/help\/vi\/404-page\" \/>\n<meta property=\"og:locale\" content=\"vi_VN\" \/>\n<meta property=\"og:type\" content=\"article\" \/>\n<meta property=\"og:title\" content=\"404 - T\u00e0i li\u1ec7u h\u01b0\u1edbng d\u1eabn MISA eShop Vi\u1ec7t Nam\" \/>\n<meta property=\"og:description\" content=\"Ch\u00fang t\u00f4i kh\u00f4ng t\u00ecm th\u1ea5y n\u1ed9i dung b\u1ea1n c\u1ea7n t\u00ecm. Vui l\u00f2ng t\u00ecm ki\u1ebfm b\u00e0i vi\u1ebft kh\u00e1c ho\u1eb7c quay l\u1ea1i trang ch\u1ee7! V\u1ec1 trang ch\u1ee7 T\u00ecm hi\u1ec3u th\u00eam nhi\u1ec1u ki\u1ebfn th\u1ee9c h\u01a1n t\u1ea1i AMIS Blog T\u00e0i ch\u00ednh &#8211; k\u1ebf to\u00e1n Xem th\u00eam Qu\u1ea3n tr\u1ecb nh\u00e2n s\u1ef1 Xem th\u00eam Marketing- B\u00e1n...\" \/>\n<meta property=\"og:url\" content=\"http:\/\/eshop.misa.vn\/help\/vi\/404-page\" \/>\n<meta property=\"og:site_name\" content=\"T\u00e0i li\u1ec7u h\u01b0\u1edbng d\u1eabn MISA eShop Vi\u1ec7t Nam\" \/>\n<meta property=\"article:modified_time\" content=\"2022-09-26T07:46:02+00:00\" \/>\n<meta property=\"og:image\" content=\"https:\/\/weeblytutorials.com\/wp-content\/uploads\/2017\/05\/Weebly-404-Page-Not-Found-Error1.png\" \/>\n<meta name=\"twitter:card\" content=\"summary_large_image\" \/>\n<script type=\"application\/ld+json\" class=\"yoast-schema-graph\">{\"@context\":\"https:\/\/schema.org\",\"@graph\":[{\"@type\":\"WebPage\",\"@id\":\"http:\/\/eshop.misa.vn\/help\/vi\/404-page\",\"url\":\"http:\/\/eshop.misa.vn\/help\/vi\/404-page\",\"name\":\"404 - T\u00e0i li\u1ec7u h\u01b0\u1edbng d\u1eabn MISA eShop Vi\u1ec7t Nam\",\"isPartOf\":{\"@id\":\"http:\/\/eshop.misa.vn\/help\/vi\/#website\"},\"datePublished\":\"2022-09-26T07:31:38+00:00\",\"dateModified\":\"2022-09-26T07:46:02+00:00\",\"breadcrumb\":{\"@id\":\"http:\/\/eshop.misa.vn\/help\/vi\/404-page#breadcrumb\"},\"inLanguage\":\"vi\",\"potentialAction\":[{\"@type\":\"ReadAction\",\"target\":[\"http:\/\/eshop.misa.vn\/help\/vi\/404-page\"]}]},{\"@type\":\"BreadcrumbList\",\"@id\":\"http:\/\/eshop.misa.vn\/help\/vi\/404-page#breadcrumb\",\"itemListElement\":[{\"@type\":\"ListItem\",\"position\":1,\"name\":\"Home\",\"item\":\"http:\/\/eshop.misa.vn\/help\/vi\"},{\"@type\":\"ListItem\",\"position\":2,\"name\":\"404\"}]},{\"@type\":\"WebSite\",\"@id\":\"http:\/\/eshop.misa.vn\/help\/vi\/#website\",\"url\":\"http:\/\/eshop.misa.vn\/help\/vi\/\",\"name\":\"T\u00e0i li\u1ec7u h\u01b0\u1edbng d\u1eabn MISA eShop Vi\u1ec7t Nam\",\"description\":\"\",\"potentialAction\":[{\"@type\":\"SearchAction\",\"target\":{\"@type\":\"EntryPoint\",\"urlTemplate\":\"http:\/\/eshop.misa.vn\/help\/vi\/?s={search_term_string}\"},\"query-input\":\"required name=search_term_string\"}],\"inLanguage\":\"vi\"}]}<\/script>\n<!-- \/ Yoast SEO plugin. -->","yoast_head_json":{"title":"404 - T\u00e0i li\u1ec7u h\u01b0\u1edbng d\u1eabn MISA eShop Vi\u1ec7t Nam","robots":{"index":"index","follow":"follow","max-snippet":"max-snippet:-1","max-image-preview":"max-image-preview:large","max-video-preview":"max-video-preview:-1"},"canonical":"http:\/\/eshop.misa.vn\/help\/vi\/404-page","og_locale":"vi_VN","og_type":"article","og_title":"404 - T\u00e0i li\u1ec7u h\u01b0\u1edbng d\u1eabn MISA eShop Vi\u1ec7t Nam","og_description":"Ch\u00fang t\u00f4i kh\u00f4ng t\u00ecm th\u1ea5y n\u1ed9i dung b\u1ea1n c\u1ea7n t\u00ecm. Vui l\u00f2ng t\u00ecm ki\u1ebfm b\u00e0i vi\u1ebft kh\u00e1c ho\u1eb7c quay l\u1ea1i trang ch\u1ee7! V\u1ec1 trang ch\u1ee7 T\u00ecm hi\u1ec3u th\u00eam nhi\u1ec1u ki\u1ebfn th\u1ee9c h\u01a1n t\u1ea1i AMIS Blog T\u00e0i ch\u00ednh &#8211; k\u1ebf to\u00e1n Xem th\u00eam Qu\u1ea3n tr\u1ecb nh\u00e2n s\u1ef1 Xem th\u00eam Marketing- B\u00e1n...","og_url":"http:\/\/eshop.misa.vn\/help\/vi\/404-page","og_site_name":"T\u00e0i li\u1ec7u h\u01b0\u1edbng d\u1eabn MISA eShop Vi\u1ec7t Nam","article_modified_time":"2022-09-26T07:46:02+00:00","og_image":[{"url":"https:\/\/weeblytutorials.com\/wp-content\/uploads\/2017\/05\/Weebly-404-Page-Not-Found-Error1.png"}],"twitter_card":"summary_large_image","schema":{"@context":"https:\/\/schema.org","@graph":[{"@type":"WebPage","@id":"http:\/\/eshop.misa.vn\/help\/vi\/404-page","url":"http:\/\/eshop.misa.vn\/help\/vi\/404-page","name":"404 - T\u00e0i li\u1ec7u h\u01b0\u1edbng d\u1eabn MISA eShop Vi\u1ec7t Nam","isPartOf":{"@id":"http:\/\/eshop.misa.vn\/help\/vi\/#website"},"datePublished":"2022-09-26T07:31:38+00:00","dateModified":"2022-09-26T07:46:02+00:00","breadcrumb":{"@id":"http:\/\/eshop.misa.vn\/help\/vi\/404-page#breadcrumb"},"inLanguage":"vi","potentialAction":[{"@type":"ReadAction","target":["http:\/\/eshop.misa.vn\/help\/vi\/404-page"]}]},{"@type":"BreadcrumbList","@id":"http:\/\/eshop.misa.vn\/help\/vi\/404-page#breadcrumb","itemListElement":[{"@type":"ListItem","position":1,"name":"Home","item":"http:\/\/eshop.misa.vn\/help\/vi"},{"@type":"ListItem","position":2,"name":"404"}]},{"@type":"WebSite","@id":"http:\/\/eshop.misa.vn\/help\/vi\/#website","url":"http:\/\/eshop.misa.vn\/help\/vi\/","name":"T\u00e0i li\u1ec7u h\u01b0\u1edbng d\u1eabn MISA eShop Vi\u1ec7t Nam","description":"","potentialAction":[{"@type":"SearchAction","target":{"@type":"EntryPoint","urlTemplate":"http:\/\/eshop.misa.vn\/help\/vi\/?s={search_term_string}"},"query-input":"required name=search_term_string"}],"inLanguage":"vi"}]}},"_links":{"self":[{"href":"\/v1\/wp-json\/wp\/v2\/pages\/15419","targetHints":{"allow":["GET"]}}],"collection":[{"href":"\/v1\/wp-json\/wp\/v2\/pages"}],"about":[{"href":"\/v1\/wp-json\/wp\/v2\/types\/page"}],"author":[{"embeddable":true,"href":"\/v1\/wp-json\/wp\/v2\/users\/1"}],"replies":[{"embeddable":true,"href":"\/v1\/wp-json\/wp\/v2\/comments?post=15419"}],"version-history":[{"count":4,"href":"\/v1\/wp-json\/wp\/v2\/pages\/15419\/revisions"}],"predecessor-version":[{"id":15433,"href":"\/v1\/wp-json\/wp\/v2\/pages\/15419\/revisions\/15433"}],"wp:attachment":[{"href":"\/v1\/wp-json\/wp\/v2\/media?parent=15419"}],"curies":[{"name":"wp","href":"https:\/\/api.w.org\/{rel}","templated":true}]}}